{"id":994258,"date":"2026-02-26T12:34:01","date_gmt":"2026-02-26T12:34:01","guid":{"rendered":"https:\/\/viridiuslab.com\/vseobecne-podmienky\/"},"modified":"2026-02-26T12:34:01","modified_gmt":"2026-02-26T12:34:01","slug":"vseobecne-podmienky","status":"publish","type":"page","link":"https:\/\/viridiuslab.com\/sk\/vseobecne-podmienky\/","title":{"rendered":"V\u0161eobecn\u00e9 podmienky"},"content":{"rendered":"<div class=\"vgblk-rw-wrapper limit-wrapper\">\n<h1>V\u0161eobecn\u00e9 podmienky<\/h1>\n<p>V\u0161eobecn\u00e9 obchodn\u00e9 podmienky spolo\u010dnosti viridiusLAB AG upravuj\u00fa spolupr\u00e1cu medzi spolo\u010dnos\u0165ou viridiusLAB AG a jej klientmi.<\/p>\n<p>V pr\u00edpade ak\u00fdchko\u013evek ot\u00e1zok n\u00e1s kontaktujte na <a href=\"mailto:office@viridiuslab.com\">adrese office@viridiuslab.com<\/a> alebo telefonicky na \u010d\u00edsle +43 (1) 909 34 40.<\/p>\n<\/div>\n<p><!-- .vgblk-rw-wrapper --><\/p>\n","protected":false},"excerpt":{"rendered":"<p>V\u0161eobecn\u00e9 podmienky V\u0161eobecn\u00e9 obchodn\u00e9 podmienky spolo\u010dnosti viridiusLAB AG upravuj\u00fa spolupr\u00e1cu medzi spolo\u010dnos\u0165ou viridiusLAB AG a jej klientmi. V pr\u00edpade ak\u00fdchko\u013evek ot\u00e1zok n\u00e1s kontaktujte na adrese office@viridiuslab.com alebo telefonicky na \u010d\u00edsle +43 (1) 909 34 40.<\/p>\n","protected":false},"author":0,"featured_media":0,"parent":0,"menu_order":0,"comment_status":"closed","ping_status":"closed","template":"","meta":{"_acf_changed":false,"_seowing_meta_title":"V\u0161eobecn\u00e9 obchodn\u00e9 podmienky | viridiusLAB AG","_seowing_meta_description":"V\u0161eobecn\u00e9 obchodn\u00e9 podmienky viridiusLAB AG, Jasomirgottstra\u00dfe 6\/5, 1010 Viede\u0148.","_seowing_focus_keyword":"obchodn\u00e9 podmienky viridiusLAB","_seowing_canonical_url":"","_seowing_robots":"","_seowing_robots_noindex":false,"_seowing_robots_nofollow":false,"_seowing_seo_score":5,"footnotes":""},"class_list":["post-994258","page","type-page","status-publish","hentry"],"acf":[],"_links":{"self":[{"href":"https:\/\/viridiuslab.com\/sk\/wp-json\/wp\/v2\/pages\/994258","targetHints":{"allow":["GET"]}}],"collection":[{"href":"https:\/\/viridiuslab.com\/sk\/wp-json\/wp\/v2\/pages"}],"about":[{"href":"https:\/\/viridiuslab.com\/sk\/wp-json\/wp\/v2\/types\/page"}],"replies":[{"embeddable":true,"href":"https:\/\/viridiuslab.com\/sk\/wp-json\/wp\/v2\/comments?post=994258"}],"version-history":[{"count":0,"href":"https:\/\/viridiuslab.com\/sk\/wp-json\/wp\/v2\/pages\/994258\/revisions"}],"wp:attachment":[{"href":"https:\/\/viridiuslab.com\/sk\/wp-json\/wp\/v2\/media?parent=994258"}],"curies":[{"name":"wp","href":"https:\/\/api.w.org\/{rel}","templated":true}]}}