{"id":991563,"date":"2025-10-06T14:44:07","date_gmt":"2025-10-06T14:44:07","guid":{"rendered":"https:\/\/viridiuslab.com\/ochrana-udajov\/"},"modified":"2026-02-10T10:41:48","modified_gmt":"2026-02-10T10:41:48","slug":"ochrana-udajov","status":"publish","type":"page","link":"https:\/\/viridiuslab.com\/sk\/ochrana-udajov\/","title":{"rendered":"Ochrana \u00fadajov"},"content":{"rendered":"\t\t<div data-elementor-type=\"wp-page\" data-elementor-id=\"991563\" class=\"elementor elementor-991563 elementor-988916\" data-elementor-post-type=\"page\">\n\t\t\t\t<div class=\"elementor-element elementor-element-ae590c9 e-flex e-con-boxed e-con e-parent\" data-id=\"ae590c9\" data-element_type=\"container\" data-e-type=\"container\">\n\t\t\t\t\t<div class=\"e-con-inner\">\n\t\t<div class=\"elementor-element elementor-element-d2a34a5 e-con-full e-flex e-con e-child\" data-id=\"d2a34a5\" data-element_type=\"container\" data-e-type=\"container\">\n\t\t\t\t<div class=\"elementor-element elementor-element-0430a27 animated-fast elementor-invisible elementor-widget elementor-widget-heading\" data-id=\"0430a27\" data-element_type=\"widget\" data-e-type=\"widget\" data-settings=\"{&quot;_animation&quot;:&quot;fadeIn&quot;,&quot;_animation_delay&quot;:50}\" data-widget_type=\"heading.default\">\n\t\t\t\t<div class=\"elementor-widget-container\">\n\t\t\t\t\t<h1 class=\"elementor-heading-title elementor-size-default\">Z\u00e1sady ochrany osobn\u00fdch \u00fadajov<\/h1>\t\t\t\t<\/div>\n\t\t\t\t<\/div>\n\t\t\t\t<div class=\"elementor-element elementor-element-891d818 animated-fast elementor-invisible elementor-widget elementor-widget-heading\" data-id=\"891d818\" data-element_type=\"widget\" data-e-type=\"widget\" data-settings=\"{&quot;_animation&quot;:&quot;fadeIn&quot;,&quot;_animation_delay&quot;:50}\" data-widget_type=\"heading.default\">\n\t\t\t\t<div class=\"elementor-widget-container\">\n\t\t\t\t\t<h2 class=\"elementor-heading-title elementor-size-default\">Z\u00c1SADY OCHRANY OSOBN\u00ddCH \u00daDAJOV NA WEBOVEJ LOKALITE<\/h2>\t\t\t\t<\/div>\n\t\t\t\t<\/div>\n\t\t\t\t<div class=\"vamtam-has-theme-widget-styles elementor-element elementor-element-906566f elementor-widget__width-inherit elementor-widget elementor-widget-text-editor\" data-id=\"906566f\" data-element_type=\"widget\" data-e-type=\"widget\" data-widget_type=\"text-editor.default\">\n\t\t\t\t<div class=\"elementor-widget-container\">\n\t\t\t\t\t\t\t\t\t<p>viridiusLAB AG (\u010falej len &#8222;viridius&#8220;, &#8222;viridiusLAB&#8220; alebo &#8222;my&#8220;) je prev\u00e1dzkovate\u013eom v zmysle \u010dl\u00e1nku 4 ods. 7 v\u0161eobecn\u00e9ho nariadenia E\u00da o ochrane \u00fadajov (&#8222;GDPR&#8220;), pokia\u013e ide o spracovanie osobn\u00fdch \u00fadajov n\u00e1v\u0161tevn\u00edkov na\u0161ej webovej str\u00e1nky <a href=\"http:\/\/www.viridiuslab.com\">www.viridiuslab.com<\/a> (podrobnosti n\u00e1jdete v bode I.).<\/p><p>V s\u00falade s \u010dl\u00e1nkom 13 GDPR tieto z\u00e1sady ochrany osobn\u00fdch \u00fadajov okrem in\u00e9ho opisuj\u00fa typy osobn\u00fdch \u00fadajov, ktor\u00e9 sprac\u00favame, \u00fa\u010dely, na ktor\u00e9 osobn\u00e9 \u00fadaje sprac\u00favame, a tretie strany, s ktor\u00fdmi \u00fadaje zdie\u013eame, ke\u010f nav\u0161t\u00edvite na\u0161u webov\u00fa str\u00e1nku. Okrem toho v\u00e1s informujeme o va\u0161ich pr\u00e1vach v s\u00favislosti s va\u0161imi osobn\u00fdmi \u00fadajmi a o tom, ako m\u00f4\u017eete tieto pr\u00e1va uplatni\u0165. <\/p><h3><b>I. Kto je zodpovedn\u00fd za spracovanie \u00fadajov? <\/b><\/h3><p>je prev\u00e1dzkovate\u013eom v zmysle \u010dl\u00e1nku 4 ods. 7 GDPR:<\/p><div class=\"address\">viridiusLAB AG<br>Jasomirgottstra\u00dfe 6\/5<br>1010 Viede\u0148<br>FN 551300k<br>ATU76840769<\/div><p>M\u00f4\u017eete n\u00e1s kontaktova\u0165 na adrese<\/p><p>Tel: +43 (1) 9093440<br>E-mail: <a href=\"mailto:office@viridiuslab.com\">office@viridiuslab.com<\/a><\/p><p>Kontaktn\u00e9 \u00fadaje \u00faradn\u00edka pre ochranu \u00fadajov: <a href=\"mailto:datenschutz@viridiuslab.com\">datenschutz@viridiuslab.com<\/a><\/p><h3><b>II. Ak\u00e9 osobn\u00e9 \u00fadaje sprac\u00favame?<\/b><\/h3><p>Pod osobn\u00fdmi \u00fadajmi rozumieme v\u0161etky inform\u00e1cie, ktor\u00e9 sa t\u00fdkaj\u00fa v\u00e1s ako osoby (\u010dl\u00e1nok 4 Z 1 GDPR).<\/p><p>Ke\u010f pou\u017e\u00edvate na\u0161u webov\u00fa str\u00e1nku, m\u00f4\u017eeme sprac\u00fava\u0165 osobn\u00e9 \u00fadaje, ktor\u00e9 n\u00e1m dobrovo\u013ene poskytnete (napr. prostredn\u00edctvom na\u0161ich kontaktn\u00fdch mo\u017enost\u00ed).<\/p><p>Na\u0161e webov\u00e9 str\u00e1nky v\u0161ak m\u00f4\u017eete nav\u0161t\u00edvi\u0165 aj bez toho, aby ste n\u00e1m akt\u00edvne poskytli inform\u00e1cie o sebe. V takom pr\u00edpade zhroma\u017e\u010fujeme len ur\u010dit\u00e9 \u00fadaje, ktor\u00e9 v\u00e1\u0161 prehliada\u010d pren\u00e1\u0161a na server na\u0161ej webovej str\u00e1nky (logovacie s\u00fabory), a \u00fadaje, ktor\u00e9 zhroma\u017e\u010fujeme pomocou s\u00faborov cookie alebo podobn\u00fdch technol\u00f3gi\u00ed. <\/p><h3><b>III Na ak\u00fd \u00fa\u010del a na akom pr\u00e1vnom z\u00e1klade sprac\u00favame va\u0161e osobn\u00e9 \u00fadaje? <\/b><\/h3><h4><b>1. na\u0161e online ponuky<\/b><\/h4><p>Ak s nami akt\u00edvne komunikujete prostredn\u00edctvom na\u0161ej webovej str\u00e1nky, sprac\u00favame osobn\u00e9 \u00fadaje, ktor\u00e9 n\u00e1m dobrovo\u013ene poskytnete. T\u00fdka sa to najm\u00e4 na\u0161ich nasleduj\u00facich pon\u00fak: <\/p><h5><b>a) Nadviazanie kontaktu:<\/b><\/h5><p>Ak sa n\u00e1s rozhodnete kontaktova\u0165 prostredn\u00edctvom kontaktn\u00fdch mo\u017enost\u00ed uveden\u00fdch na na\u0161ej webovej str\u00e1nke, bud\u00fa spracovan\u00e9 osobn\u00e9 \u00fadaje, ktor\u00e9 n\u00e1m poskytnete (napr. meno, e-mailov\u00e1 adresa, adresa, obsah spr\u00e1vy). Sprac\u00favame ich s cie\u013eom odpoveda\u0165 na va\u0161e ot\u00e1zky, plni\u0165 va\u0161e po\u017eiadavky alebo inak s vami komunikova\u0165 (pr\u00e1vny z\u00e1klad: \u010dl\u00e1nok 6 ods. 1 p\u00edsm. b) nariadenia GDPR &#8211; <i>plnenie zmluvy alebo vykon\u00e1vanie predzmluvn\u00fdch opatren\u00ed<\/i>). <\/p><p>Niektor\u00e9 \u00fadaje, ktor\u00e9 po\u017eadujeme v s\u00favislosti s na\u0161imi vy\u0161\u0161ie uveden\u00fdmi ponukami, m\u00f4\u017eu by\u0165 ozna\u010den\u00e9 ako povinn\u00e9 polia(*). Tieto \u00fadaje nie ste povinn\u00ed poskytn\u00fa\u0165. Bez poskytnutia t\u00fdchto \u00fadajov v\u0161ak nemus\u00edme by\u0165 schopn\u00ed spracova\u0165 va\u0161u po\u017eiadavku alebo poskytn\u00fa\u0165 na\u0161e slu\u017eby.  <\/p><h4><b>2. s\u00fabory denn\u00edka<\/b><\/h4><p>Na\u0161e webov\u00e9 str\u00e1nky m\u00f4\u017eete nav\u0161t\u00edvi\u0165 aj bez toho, aby ste n\u00e1m akt\u00edvne poskytli inform\u00e1cie o sebe. V takom pr\u00edpade zhroma\u017e\u010fujeme ur\u010dit\u00e9 \u00fadaje, ktor\u00e9 v\u00e1\u0161 prehliada\u010d pren\u00e1\u0161a na server na\u0161ej webovej str\u00e1nky (s\u00fabory denn\u00edka) <\/p><p>Na\u0161e protokolov\u00e9 s\u00fabory obsahuj\u00fa tieto inform\u00e1cie: D\u00e1tum a \u010das pr\u00edstupu na na\u0161u webov\u00fa str\u00e1nku, (ii) typ, verziu a nastavenia v\u00e1\u0161ho webov\u00e9ho prehliada\u010da, (iii) v\u00e1\u0161 opera\u010dn\u00fd syst\u00e9m a poskytovate\u013ea slu\u017eieb, (iv) po\u017eadovan\u00e9 str\u00e1nky a s\u00fabory, (v) webov\u00fa str\u00e1nku pou\u017eit\u00fa pred n\u00e1v\u0161tevou na\u0161ej webovej str\u00e1nky a (vi) va\u0161u IP adresu. IP adresa je \u0161pecifick\u00e9 \u010d\u00edslo pridelen\u00e9 v\u00e1\u0161mu po\u010d\u00edta\u010du, ktor\u00e9 umo\u017e\u0148uje v\u00e1\u0161mu zariadeniu komunikova\u0165 v sieti prostredn\u00edctvom internetov\u00e9ho protokolu (IP). Adresy IP mo\u017eno kvalifikova\u0165 ako osobn\u00e9 \u00fadaje, preto\u017ee za ur\u010dit\u00fdch okolnost\u00ed umo\u017e\u0148uj\u00fa identifik\u00e1ciu pou\u017e\u00edvate\u013ea.       <\/p><p>Spracovanie t\u00fdchto protokolov\u00fdch s\u00faborov je pre n\u00e1s nevyhnutn\u00e9 na zabezpe\u010denie funk\u010dnosti, stability a bezpe\u010dnosti na\u0161ej webovej str\u00e1nky. M\u00f4\u017eeme ich sprac\u00fava\u0165 aj v r\u00e1mci forenzn\u00e9ho vy\u0161etrovania v pr\u00edpade bezpe\u010dnostn\u00e9ho incidentu alebo na zostavenie anonymizovan\u00fdch \u0161tatist\u00edk pou\u017e\u00edvate\u013eov (pr\u00e1vny z\u00e1klad: \u010dl\u00e1nok 6 ods. 1 p\u00edsm. f GDPR &#8211; <i>opr\u00e1vnen\u00fd z\u00e1ujem na zachovan\u00ed funk\u010dnosti, stability a bezpe\u010dnosti na\u0161ej webovej str\u00e1nky<\/i>). <\/p><h4><b>3. cookies<\/b><\/h4><p>T\u00e1to webov\u00e1 str\u00e1nka pou\u017e\u00edva aj s\u00fabory cookie. S\u00fa to mal\u00e9 textov\u00e9 s\u00fabory, ktor\u00e9 sa m\u00f4\u017eu ulo\u017ei\u0165 vo va\u0161om zariaden\u00ed, ke\u010f nav\u0161t\u00edvite na\u0161u webov\u00fa str\u00e1nku, a ktor\u00e9 o v\u00e1s uchov\u00e1vaj\u00fa ur\u010dit\u00e9 inform\u00e1cie. S\u00fabory cookie nemaj\u00fa pr\u00edstup k in\u00fdm \u00fadajom ulo\u017een\u00fdm vo va\u0161om zariaden\u00ed, nem\u00f4\u017eu ich \u010d\u00edta\u0165 ani meni\u0165. Ke\u010f hovor\u00edme o &#8222;s\u00faboroch cookie&#8220;, zah\u0155\u0148ame aj in\u00e9 technol\u00f3gie s podobn\u00fdm \u00fa\u010delom, ako s\u00fa napr\u00edklad pixelov\u00e9 zna\u010dky.   <\/p><p>Na na\u0161ich webov\u00fdch str\u00e1nkach pou\u017e\u00edvame dva typy s\u00faborov cookie:<\/p><ul><li>Nevyhnutn\u00e9 s\u00fabory cookie: Bez nevyhnutn\u00fdch s\u00faborov cookie by nebola zaru\u010den\u00e1 spr\u00e1vna funk\u010dnos\u0165 na\u0161ej webovej str\u00e1nky alebo len v obmedzenom rozsahu. Pou\u017e\u00edvanie nevyhnutn\u00fdch s\u00faborov cookie na na\u0161ej webovej lokalite je mo\u017en\u00e9 bez v\u00e1\u0161ho s\u00fahlasu. S\u00fabory cookie v\u0161ak m\u00f4\u017eete kedyko\u013evek deaktivova\u0165 zmenou nastaven\u00ed svojho prehliada\u010da. Podrobn\u00fd opis pou\u017e\u00edvan\u00fdch nevyhnutn\u00fdch s\u00faborov cookie a pr\u00edslu\u0161n\u00fdch \u00fa\u010delov spracovania n\u00e1jdete ni\u017e\u0161ie (pr\u00e1vny z\u00e1klad: \u010dl. 6 ods. 1 p\u00edsm. f GDPR &#8211; <i>opr\u00e1vnen\u00fd z\u00e1ujem<\/i>).   <\/li><li>Volite\u013en\u00e9 s\u00fabory cookie: Tieto typy s\u00faborov cookie sa m\u00f4\u017eu pou\u017e\u00edva\u0165 na zlep\u0161enie na\u0161ej webovej lokality, optimaliz\u00e1ciu pou\u017e\u00edvate\u013esk\u00e9ho prostredia, anal\u00fdzu spr\u00e1vania pou\u017e\u00edvate\u013eov alebo personaliz\u00e1ciu marketingov\u00fdch aktiv\u00edt. Volite\u013en\u00e9 s\u00fabory cookie m\u00f4\u017eu pou\u017e\u00edva\u0165 aj extern\u00e9 reklamn\u00e9 spolo\u010dnosti (&#8222;s\u00fabory cookie tret\u00edch str\u00e1n&#8220;). Nepovinn\u00e9 s\u00fabory cookie sa pou\u017e\u00edvaj\u00fa len s va\u0161\u00edm s\u00fahlasom, ktor\u00fd m\u00f4\u017eete udeli\u0165 kliknut\u00edm na tla\u010didlo &#8222;OK&#8220; (&#8222;S\u00fahlas\u00edm&#8220;) na banneri so s\u00fabormi cookie na na\u0161ej webovej lokalite. Tento s\u00fahlas m\u00f4\u017eete kedyko\u013evek odvola\u0165 s \u00fa\u010dinnos\u0165ou do bud\u00facnosti vymazan\u00edm vo svojom prehliada\u010di alebo \u00fapravou svojich preferenci\u00ed v \u010dasti &#8222;Upravi\u0165 nastavenia s\u00faborov cookie&#8220; v p\u00e4ti\u010dke tejto webovej str\u00e1nky. Podrobn\u00fd opis pou\u017e\u00edvan\u00fdch volite\u013en\u00fdch s\u00faborov cookie a pr\u00edslu\u0161n\u00fdch \u00fa\u010delov spracovania n\u00e1jdete ni\u017e\u0161ie (pr\u00e1vny z\u00e1klad: \u010dl\u00e1nok 6 ods. 1 p\u00edsm. a GDPR &#8211; <i>s\u00fahlas<\/i>).    <\/li><\/ul><h5><b>Pou\u017eit\u00e9 nevyhnutn\u00e9 s\u00fabory cookie  <\/b><\/h5><table><thead><tr><th><b>N\u00e1zov s\u00faboru cookie<\/b><\/th><th><b>\u00da\u010del<\/b><\/th><th><b>Trvanie ukladania<\/b><\/th><\/tr><\/thead><tbody><tr><td>AcceptCookies<\/td><td>Potrebn\u00e9 na identifik\u00e1ciu prihl\u00e1sen\u00e9ho pou\u017e\u00edvate\u013ea (potrebn\u00e9 na prihl\u00e1senie)<\/td><td>365 dn\u00ed<\/td><\/tr><\/tbody><\/table><h5><b>Pou\u017eit\u00e9 nepovinn\u00e9 s\u00fabory cookie<\/b><\/h5><table><thead><tr><th><b>N\u00e1zov s\u00faboru cookie<\/b><\/th><th><b>\u00da\u010del<\/b><\/th><th><b>Trvanie ukladania<\/b><\/th><\/tr><\/thead><tbody><tr><td>_ga<\/td><td>Ide o s\u00fabor cookie prvej strany, ktor\u00fd zaznamen\u00e1va jedine\u010dn\u00e9 ID, ktor\u00e9 sa pou\u017e\u00edva na generovanie \u0161tatistick\u00fdch inform\u00e1ci\u00ed o tom, ako pou\u017e\u00edvate\u013e pou\u017e\u00edva webov\u00e9 str\u00e1nky.<\/td><td>_ga vypr\u0161\u00ed po 2 rokoch<\/td><\/tr><tr><td>_gat<br>_gid<\/td><td>Google Analytics: Tieto s\u00fabory cookie pou\u017e\u00edvame na zaznamen\u00e1vanie toho, ako n\u00e1v\u0161tevn\u00edci pou\u017e\u00edvaj\u00fa na\u0161u webov\u00fa lokalitu. Tieto inform\u00e1cie pou\u017e\u00edvame na zostavovanie spr\u00e1v a zlep\u0161ovanie webovej str\u00e1nky. Viac inform\u00e1ci\u00ed o pou\u017e\u00edvan\u00ed slu\u017eby Google Analytics n\u00e1jdete ni\u017e\u0161ie.<br>S\u00fabor cookie na rozl\u00ed\u0161enie jednotliv\u00fdch pou\u017e\u00edvate\u013eov na dom\u00e9ne  <\/td><td>_gat vypr\u0161\u00ed po 1 min\u00fate<br>_gid vypr\u0161\u00ed po 24 hodin\u00e1ch.<\/td><\/tr><\/tbody><\/table><p>Slu\u017eba Google Analytics:<\/p><p>Na\u0161a webov\u00e1 str\u00e1nka pou\u017e\u00edva slu\u017ebu Google Analytics, ktor\u00fa poskytuje spolo\u010dnos\u0165 Google Ireland Limited, registra\u010dn\u00e9 \u010d\u00edslo: 368047, Gordon House, Barrow Street, Dublin 4, \u00cdrsko (&#8222;Google&#8220;), ktor\u00e1 n\u00e1m umo\u017e\u0148uje analyzova\u0165 pou\u017e\u00edvanie na\u0161ej webovej str\u00e1nky.<\/p><p>Inform\u00e1cie vygenerovan\u00e9 s\u00faborom cookie o va\u0161om pou\u017e\u00edvan\u00ed tejto webovej str\u00e1nky (vr\u00e1tane va\u0161ej IP adresy a adresy URL nav\u0161t\u00edven\u00fdch str\u00e1nok) m\u00f4\u017eu by\u0165 prenesen\u00e9 a ulo\u017een\u00e9 spolo\u010dnos\u0165ou Google na serveroch v Spojen\u00fdch \u0161t\u00e1toch. USA nemaj\u00fa primeran\u00fa \u00farove\u0148 ochrany \u00fadajov a existuje riziko, \u017ee americk\u00e9 org\u00e1ny m\u00f4\u017eu z\u00edska\u0165 pr\u00edstup k va\u0161im \u00fadajom. <\/p><p>Na\u0161a webov\u00e1 str\u00e1nka pou\u017e\u00edva funkciu anonymiz\u00e1cie IP, ktor\u00fa poskytuje slu\u017eba Google Analytics. Va\u0161a IP adresa bude preto okam\u017eite po prijat\u00ed skr\u00e1ten\u00e1\/anonymizovan\u00e1 spolo\u010dnos\u0165ou Google. Spolo\u010dnos\u0165 Google pou\u017eije tieto inform\u00e1cie na \u00fa\u010dely vyhodnotenia v\u00e1\u0161ho pou\u017e\u00edvania na\u0161ej webovej str\u00e1nky, na zostavenie spr\u00e1v o aktivite na webovej str\u00e1nke a na poskytovanie \u010fal\u0161\u00edch slu\u017eieb t\u00fdkaj\u00facich sa aktivity na webovej str\u00e1nke a pou\u017e\u00edvania internetu. Spolo\u010dnos\u0165 Google v \u017eiadnom pr\u00edpade nebude sp\u00e1ja\u0165 va\u0161u IP adresu s in\u00fdmi \u00fadajmi.   <\/p><p>\u010eal\u0161ie inform\u00e1cie o podmienkach pou\u017e\u00edvania, ktor\u00e9 sme uzavreli so spolo\u010dnos\u0165ou Google, a o ustanoveniach a opatreniach na ochranu \u00fadajov spolo\u010dnosti Google n\u00e1jdete na tomto odkaze: https:\/\/www.google.com\/analytics\/terms\/gb.html.<\/p><p>Viac inform\u00e1ci\u00ed o fungovan\u00ed slu\u017eby Google Analytics a o inform\u00e1ci\u00e1ch, ktor\u00e9 m\u00f4\u017eeme zhroma\u017e\u010fova\u0165 a analyzova\u0165, n\u00e1jdete na str\u00e1nke https:\/\/support.google.com\/analytics\/answer\/1012034?hl=lten&amp;ref_topic=6157800.<\/p><p>S\u00fabory cookie pou\u017e\u00edvan\u00e9 slu\u017ebou Google Analytics sa nastavuj\u00fa len s va\u0161\u00edm s\u00fahlasom. Zhroma\u017e\u010fovanie va\u0161ich \u00fadajov slu\u017ebou Google Analytics m\u00f4\u017eete kedyko\u013evek deaktivova\u0165 kliknut\u00edm na tento odkaz: https:\/\/tools.google.com\/dlpage\/gaoptout\/. <\/p><h3><b>IV. Komu pren\u00e1\u0161ame va\u0161e osobn\u00e9 \u00fadaje?<\/b><\/h3><p>Pri prev\u00e1dzke na\u0161ej webovej str\u00e1nky vyu\u017e\u00edvame aj extern\u00fdch poskytovate\u013eov IT slu\u017eieb, ktor\u00ed sprac\u00favaj\u00fa osobn\u00e9 \u00fadaje v na\u0161om mene ako sprostredkovatelia v zmysle \u010dl\u00e1nku 4 ods. 8 GDPR. Pou\u017e\u00edvame nasleduj\u00face kateg\u00f3rie sprostredkovate\u013eov: <\/p><p>a) Poskytovatelia slu\u017eieb, na ktor\u00fdch serveri je prev\u00e1dzkovan\u00e1 na\u0161a webov\u00e1 str\u00e1nka.<\/p><p>b) poskytovatelia slu\u017eieb, ktor\u00ed spravuj\u00fa webov\u00e9 str\u00e1nky v na\u0161om mene.<\/p><p>c) Poskytovatelia slu\u017eieb, na ktor\u00fdch serveroch s\u00fa prev\u00e1dzkovan\u00e9 na\u0161e n\u00e1stroje na pl\u00e1novanie stretnut\u00ed.<\/p><p>d) poskytovatelia slu\u017eieb, ktor\u00ed s\u00fa zodpovedn\u00ed za spracovanie kontaktn\u00fdch formul\u00e1rov.<\/p><p>T\u00fdchto poskytovate\u013eov slu\u017eieb zmluvne zav\u00e4zujeme k primeranej ochrane va\u0161ich osobn\u00fdch \u00fadajov v s\u00falade s \u010dl. 28 GDPR.<\/p><p>Niektor\u00ed z t\u00fdchto poskytovate\u013eov slu\u017eieb m\u00f4\u017eu sprac\u00fava\u0165 \u00fadaje v USA. Komisia E\u00da a S\u00fadny dvor Eur\u00f3pskej \u00fanie udelili USA <b> <\/b>neosved\u010duje primeran\u00fa \u00farove\u0148 ochrany \u00fadajov. Existuje najm\u00e4 riziko, \u017ee k t\u00fdmto \u00fadajom maj\u00fa pr\u00edstup miestne org\u00e1ny alebo s\u00fady na \u00fa\u010dely kontroly a monitorovania v s\u00falade s platn\u00fdmi ustanoveniami a \u017ee proti tomu nie s\u00fa k dispoz\u00edcii \u017eiadne \u00fa\u010dinn\u00e9 pr\u00e1vne prostriedky. <\/p><p>Pri prenose osobn\u00fdch \u00fadajov do tak\u00fdchto tret\u00edch kraj\u00edn v\u0161ak uplat\u0148ujeme primeran\u00e9 z\u00e1ruky, aby sme zabezpe\u010dili ochranu va\u0161ich pr\u00e1v v s\u00falade s ustanoveniami GDPR. Patr\u00ed sem aj uzatvorenie \u0161tandardn\u00fdch zmluvn\u00fdch dolo\u017eiek zverejnen\u00fdch Komisiou E\u00da pre prenos osobn\u00fdch \u00fadajov (\u010dl. 46 ods. 2 p\u00edsm. c GDPR). \u010eal\u0161ie podrobnosti o pou\u017eit\u00fdch bezpe\u010dnostn\u00fdch z\u00e1ruk\u00e1ch a k\u00f3pie pr\u00edslu\u0161n\u00fdch zml\u00fav s\u00fa k dispoz\u00edcii na po\u017eiadanie na <a href=\"mailto:datenschutz@viridiuslab.com\">adrese datenschutz@viridiuslab.com<\/a>.  <\/p><p>Okrem toho sa \u00fadaje m\u00f4\u017eu pren\u00e1\u0161a\u0165 do tretej krajiny s va\u0161\u00edm v\u00fdslovn\u00fdm s\u00fahlasom (\u010dl\u00e1nok 49 ods. 1 p\u00edsm. a) GDPR). My alebo poskytovatelia tret\u00edch str\u00e1n m\u00f4\u017eeme sprac\u00fava\u0165 osobn\u00e9 \u00fadaje aj v r\u00e1mci s\u00faborov cookie pou\u017e\u00edvan\u00fdch na na\u0161ej webovej lokalite. Medzi t\u00fdchto poskytovate\u013eov &#8211; tretie strany patr\u00ed spolo\u010dnos\u0165 Google LLC, ktor\u00e1 m\u00e1 s\u00eddlo v USA a sprac\u00fava \u00fadaje tam. Pred nastaven\u00edm s\u00faborov cookie a prenosom va\u0161ich \u00fadajov spolo\u010dnosti Google LLC v\u00e1s \u017eiadame o v\u00fdslovn\u00fd s\u00fahlas (\u010dl. 6 ods. 1 p\u00edsm. a GDPR v spojen\u00ed s \u010dl. 49 ods. 1 p\u00edsm. a GDPR). Pr\u00edslu\u0161n\u00e9 inform\u00e1cie o jednotliv\u00fdch s\u00faboroch cookie t\u00fdkaj\u00face sa \u00fa\u010delov, kateg\u00f3ri\u00ed \u00fadajov a doby uchov\u00e1vania n\u00e1jdete vy\u0161\u0161ie v bode III. 3. S\u00fahlas so s\u00fabormi cookie m\u00f4\u017eete kedyko\u013evek odvola\u0165 s \u00fa\u010dinnos\u0165ou do bud\u00facnosti ich vymazan\u00edm vo svojom prehliada\u010di.    <\/p><h3><b>V. Ako dlho bud\u00fa va\u0161e osobn\u00e9 \u00fadaje ulo\u017een\u00e9?<\/b><\/h3><p>S\u00fabory protokolov sa spravidla ukladaj\u00fa na obdobie 14 dn\u00ed. Po uplynut\u00ed tohto obdobia sa s\u00fabory protokolov ukladaj\u00fa len na \u00fa\u010dely vy\u0161etrovania nezrovnalost\u00ed alebo bezpe\u010dnostn\u00fdch incidentov v na\u0161ich syst\u00e9moch. Pokia\u013e ide o dobu uchov\u00e1vania s\u00faborov cookie, pozri bod III.3 vy\u0161\u0161ie.  <\/p><p>V opa\u010dnom pr\u00edpade uchov\u00e1vame va\u0161e osobn\u00e9 \u00fadaje len tak dlho, ako je to potrebn\u00e9 na splnenie \u00fa\u010delu, na ktor\u00fd boli zhroma\u017eden\u00e9. V ka\u017edom pr\u00edpade teda uchov\u00e1vame va\u0161e \u00fadaje po\u010das trvania n\u00e1\u0161ho zmluvn\u00e9ho alebo servisn\u00e9ho vz\u0165ahu s vami. Okrem toho uchov\u00e1vame va\u0161e osobn\u00e9 \u00fadaje v s\u00falade s \u010fal\u0161\u00edmi z\u00e1konn\u00fdmi lehotami uchov\u00e1vania. (napr. povinnos\u0165 uchov\u00e1vania pod\u013ea da\u0148ov\u00e9ho pr\u00e1va pod\u013ea \u00a7 132 ods. 1 BAO: 7 rokov, po uplynut\u00ed tejto doby, pokia\u013e s\u00fa relevantn\u00e9 pre da\u0148ov\u00e9 org\u00e1ny v prebiehaj\u00facich konaniach\/ povinnos\u0165 uchov\u00e1vania pod\u013ea pr\u00e1va obchodn\u00fdch spolo\u010dnost\u00ed pod\u013ea \u00a7 190, 212 UGB: 7 rokov\/ povinnos\u0165 uchov\u00e1vania pod\u013ea z\u00e1kona o DPH v pr\u00edpade fakt\u00far pod\u013ea \u00a7 11 ods. 2 UStG: 7 rokov).   <\/p><h3><b>VI Ak\u00e9 m\u00e1te pr\u00e1va na ochranu \u00fadajov?<\/b><\/h3><p>Pokia\u013e ide o va\u0161e osobn\u00e9 \u00fadaje, m\u00e1te pr\u00e1vo na pr\u00edstup pod\u013ea \u010dl\u00e1nku 15 GDPR, pr\u00e1vo na opravu pod\u013ea \u010dl\u00e1nku 16 GDPR, pr\u00e1vo na vymazanie pod\u013ea \u010dl\u00e1nku 17 GDPR, pr\u00e1vo na obmedzenie spracovania pod\u013ea \u010dl\u00e1nku 18 GDPR, pr\u00e1vo namieta\u0165 pod\u013ea \u010dl\u00e1nku 21 GDPR a pr\u00e1vo na prenosnos\u0165 \u00fadajov pod\u013ea \u010dl\u00e1nku 20 GDPR.<\/p><p>Ak je spracovanie va\u0161ich \u00fadajov zalo\u017een\u00e9 na s\u00fahlase, m\u00e1te pr\u00e1vo svoj s\u00fahlas kedyko\u013evek odvola\u0165 bez toho, aby to malo vplyv na z\u00e1konnos\u0165 spracovania zalo\u017een\u00e9ho na s\u00fahlase pred jeho odvolan\u00edm.<\/p><p>V jednotliv\u00fdch pr\u00edpadoch nedoch\u00e1dza k automatizovan\u00e9mu rozhodovaniu ani k profilovaniu v zmysle \u010dl\u00e1nku 22 GDPR.<\/p><p>Viac inform\u00e1ci\u00ed o svojich pr\u00e1vach n\u00e1jdete na <a href=\"https:\/\/www.dsb.gv.at\/rechte-der-betroffenen\">adrese: https:\/\/www.dsb.gv.at\/rechte-der-betroffenen<\/a>. Svoje pr\u00e1va si ako dotknut\u00e1 osoba uplatnite na adrese <a href=\"mailto:datenschutz@viridiuslab.com\">datenschutz@viridiuslab.com<\/a>. <\/p><p>Okrem toho m\u00e1te pr\u00e1vo poda\u0165 s\u0165a\u017enos\u0165 pr\u00edslu\u0161n\u00e9mu dozorn\u00e9mu org\u00e1nu na ochranu \u00fadajov (\u010dl\u00e1nok 77 GDPR). Pr\u00edslu\u0161n\u00fdm dozorn\u00fdm org\u00e1nom pre Rak\u00fasko je \u00darad na ochranu \u00fadajov, Barichgasse 40- 42, 1030 Viede\u0148[](https:\/\/www.dsb.gv.at\/). <\/p><p> <\/p>\t\t\t\t\t\t\t\t<\/div>\n\t\t\t\t<\/div>\n\t\t\t\t<\/div>\n\t\t\t\t\t<\/div>\n\t\t\t\t<\/div>\n\t\t\t\t<\/div>\n\t\t","protected":false},"excerpt":{"rendered":"<p>Z\u00e1sady ochrany osobn\u00fdch \u00fadajov Z\u00c1SADY OCHRANY OSOBN\u00ddCH \u00daDAJOV NA WEBOVEJ LOKALITE viridiusLAB AG (\u010falej len &#8222;viridius&#8220;, &#8222;viridiusLAB&#8220; alebo &#8222;my&#8220;) je prev\u00e1dzkovate\u013eom v zmysle \u010dl\u00e1nku 4 ods. 7 v\u0161eobecn\u00e9ho nariadenia E\u00da o ochrane \u00fadajov (&#8222;GDPR&#8220;), pokia\u013e ide o spracovanie osobn\u00fdch \u00fadajov n\u00e1v\u0161tevn\u00edkov na\u0161ej webovej str\u00e1nky www.viridiuslab.com (podrobnosti n\u00e1jdete v bode I.). V s\u00falade s \u010dl\u00e1nkom 13&#8230;<\/p>\n","protected":false},"author":1,"featured_media":991564,"parent":0,"menu_order":0,"comment_status":"closed","ping_status":"closed","template":"","meta":{"_acf_changed":false,"_seowing_meta_title":"Ochrana osobn\u00fdch \u00fadajov | viridiusLAB AG","_seowing_meta_description":"Z\u00e1sady ochrany osobn\u00fdch \u00fadajov viridiusLAB AG v s\u00falade s GDPR. Inform\u00e1cie o spracovan\u00ed osobn\u00fdch \u00fadajov na viridiuslab.com.","_seowing_focus_keyword":"ochrana \u00fadajov GDPR viridiusLAB","_seowing_canonical_url":"","_seowing_robots":"","_seowing_robots_noindex":false,"_seowing_robots_nofollow":false,"_seowing_seo_score":35,"_expert_id":0,"footnotes":""},"class_list":["post-991563","page","type-page","status-publish","has-post-thumbnail","hentry"],"acf":[],"_links":{"self":[{"href":"https:\/\/viridiuslab.com\/sk\/wp-json\/wp\/v2\/pages\/991563","targetHints":{"allow":["GET"]}}],"collection":[{"href":"https:\/\/viridiuslab.com\/sk\/wp-json\/wp\/v2\/pages"}],"about":[{"href":"https:\/\/viridiuslab.com\/sk\/wp-json\/wp\/v2\/types\/page"}],"author":[{"embeddable":true,"href":"https:\/\/viridiuslab.com\/sk\/wp-json\/wp\/v2\/users\/1"}],"replies":[{"embeddable":true,"href":"https:\/\/viridiuslab.com\/sk\/wp-json\/wp\/v2\/comments?post=991563"}],"version-history":[{"count":1,"href":"https:\/\/viridiuslab.com\/sk\/wp-json\/wp\/v2\/pages\/991563\/revisions"}],"predecessor-version":[{"id":991565,"href":"https:\/\/viridiuslab.com\/sk\/wp-json\/wp\/v2\/pages\/991563\/revisions\/991565"}],"wp:featuredmedia":[{"embeddable":true,"href":"https:\/\/viridiuslab.com\/sk\/wp-json\/wp\/v2\/media\/991564"}],"wp:attachment":[{"href":"https:\/\/viridiuslab.com\/sk\/wp-json\/wp\/v2\/media?parent=991563"}],"curies":[{"name":"wp","href":"https:\/\/api.w.org\/{rel}","templated":true}]}}