{"id":991542,"date":"2025-10-06T14:26:21","date_gmt":"2025-10-06T14:26:21","guid":{"rendered":"https:\/\/viridiuslab.com\/odtlacok\/"},"modified":"2026-02-10T10:41:44","modified_gmt":"2026-02-10T10:41:44","slug":"odtlacok","status":"publish","type":"page","link":"https:\/\/viridiuslab.com\/sk\/odtlacok\/","title":{"rendered":"Odtla\u010dok"},"content":{"rendered":"\t\t<div data-elementor-type=\"wp-page\" data-elementor-id=\"991542\" class=\"elementor elementor-991542 elementor-988912\" data-elementor-post-type=\"page\">\n\t\t\t\t<div class=\"elementor-element elementor-element-ae590c9 e-flex e-con-boxed e-con e-parent\" data-id=\"ae590c9\" data-element_type=\"container\" data-e-type=\"container\">\n\t\t\t\t\t<div class=\"e-con-inner\">\n\t\t<div class=\"elementor-element elementor-element-d2a34a5 e-con-full e-flex e-con e-child\" data-id=\"d2a34a5\" data-element_type=\"container\" data-e-type=\"container\">\n\t\t\t\t<div class=\"elementor-element elementor-element-0430a27 animated-fast elementor-invisible elementor-widget elementor-widget-heading\" data-id=\"0430a27\" data-element_type=\"widget\" data-e-type=\"widget\" data-settings=\"{&quot;_animation&quot;:&quot;fadeIn&quot;,&quot;_animation_delay&quot;:50}\" data-widget_type=\"heading.default\">\n\t\t\t\t<div class=\"elementor-widget-container\">\n\t\t\t\t\t<h1 class=\"elementor-heading-title elementor-size-default\">Odtla\u010dok<\/h1>\t\t\t\t<\/div>\n\t\t\t\t<\/div>\n\t\t\t\t<div class=\"elementor-element elementor-element-b54d0c0 animated-fast elementor-invisible elementor-widget elementor-widget-heading\" data-id=\"b54d0c0\" data-element_type=\"widget\" data-e-type=\"widget\" data-settings=\"{&quot;_animation&quot;:&quot;fadeIn&quot;,&quot;_animation_delay&quot;:50}\" data-widget_type=\"heading.default\">\n\t\t\t\t<div class=\"elementor-widget-container\">\n\t\t\t\t\t<div class=\"elementor-heading-title elementor-size-default\">PR\u00c1VNE INFORM\u00c1CIE<\/div>\t\t\t\t<\/div>\n\t\t\t\t<\/div>\n\t\t\t\t<div class=\"vamtam-has-theme-widget-styles elementor-element elementor-element-906566f elementor-widget__width-inherit elementor-widget elementor-widget-text-editor\" data-id=\"906566f\" data-element_type=\"widget\" data-e-type=\"widget\" data-widget_type=\"text-editor.default\">\n\t\t\t\t<div class=\"elementor-widget-container\">\n\t\t\t\t\t\t\t\t\t<p class=\"p1\">viridiusLAB AG<br><br>Jasomirgottstra\u00dfe 6\/5<br>1010 Viede\u0148<br>+43 (1) 909 34 40<br><a href=\"mailto:office@viridiuslab.com\">office@viridiuslab.com<\/a><br><a href=\"http:\/\/www.viridiuslab.com\">www.viridiuslab.com<\/a><br><br>Splnomocnen\u00fd z\u00e1stupca spr\u00e1vnej rady: Marcello Nicoloso<br><br>\u010c\u00edslo UID: ATU76840769 Registra\u010dn\u00e9 \u010d\u00edslo spolo\u010dnosti je FN 551300k<br><br>Obchodn\u00fd s\u00fad Viede\u0148<br>\u010clen WK\u00d6<br><br>Holdingov\u00e1 spolo\u010dnos\u0165 pre sk\u00fa\u0161obn\u00e9 laborat\u00f3ri\u00e1<br><br>Spotrebitelia maj\u00fa mo\u017enos\u0165 pod\u00e1va\u0165 s\u0165a\u017enosti na platforme E\u00da pre rie\u0161enie sporov online: http:\/\/ec.europa.eu alebo m\u00f4\u017eete s\u0165a\u017enosti posiela\u0165 aj na vy\u0161\u0161ie uveden\u00fa e-mailov\u00fa adresu.<\/p>\t\t\t\t\t\t\t\t<\/div>\n\t\t\t\t<\/div>\n\t\t\t\t<\/div>\n\t\t\t\t\t<\/div>\n\t\t\t\t<\/div>\n\t\t\t\t<\/div>\n\t\t","protected":false},"excerpt":{"rendered":"<p>Odtla\u010dok PR\u00c1VNE INFORM\u00c1CIE viridiusLAB AG Jasomirgottstra\u00dfe 6\/51010 Viede\u0148+43 (1) 909 34 40office@viridiuslab.comwww.viridiuslab.com Splnomocnen\u00fd z\u00e1stupca spr\u00e1vnej rady: Marcello Nicoloso \u010c\u00edslo UID: ATU76840769 Registra\u010dn\u00e9 \u010d\u00edslo spolo\u010dnosti je FN 551300k Obchodn\u00fd s\u00fad Viede\u0148\u010clen WK\u00d6 Holdingov\u00e1 spolo\u010dnos\u0165 pre sk\u00fa\u0161obn\u00e9 laborat\u00f3ri\u00e1 Spotrebitelia maj\u00fa mo\u017enos\u0165 pod\u00e1va\u0165 s\u0165a\u017enosti na platforme E\u00da pre rie\u0161enie sporov online: http:\/\/ec.europa.eu alebo m\u00f4\u017eete s\u0165a\u017enosti posiela\u0165 aj na&#8230;<\/p>\n","protected":false},"author":1,"featured_media":991543,"parent":0,"menu_order":0,"comment_status":"closed","ping_status":"closed","template":"","meta":{"_acf_changed":false,"_seowing_meta_title":"Odtla\u010dok | viridiusLAB AG","_seowing_meta_description":"Pr\u00e1vne inform\u00e1cie viridiusLAB AG, Jasomirgottstra\u00dfe 6\/5, 1010 Viede\u0148. \u010c\u00edslo obchodn\u00e9ho registra, vedenie a pr\u00e1vne \u00fadaje.","_seowing_focus_keyword":"odtla\u010dok viridiusLAB","_seowing_canonical_url":"","_seowing_robots":"","_seowing_robots_noindex":false,"_seowing_robots_nofollow":false,"_seowing_seo_score":15,"_expert_id":0,"footnotes":""},"class_list":["post-991542","page","type-page","status-publish","has-post-thumbnail","hentry"],"acf":[],"_links":{"self":[{"href":"https:\/\/viridiuslab.com\/sk\/wp-json\/wp\/v2\/pages\/991542","targetHints":{"allow":["GET"]}}],"collection":[{"href":"https:\/\/viridiuslab.com\/sk\/wp-json\/wp\/v2\/pages"}],"about":[{"href":"https:\/\/viridiuslab.com\/sk\/wp-json\/wp\/v2\/types\/page"}],"author":[{"embeddable":true,"href":"https:\/\/viridiuslab.com\/sk\/wp-json\/wp\/v2\/users\/1"}],"replies":[{"embeddable":true,"href":"https:\/\/viridiuslab.com\/sk\/wp-json\/wp\/v2\/comments?post=991542"}],"version-history":[{"count":1,"href":"https:\/\/viridiuslab.com\/sk\/wp-json\/wp\/v2\/pages\/991542\/revisions"}],"predecessor-version":[{"id":991545,"href":"https:\/\/viridiuslab.com\/sk\/wp-json\/wp\/v2\/pages\/991542\/revisions\/991545"}],"wp:featuredmedia":[{"embeddable":true,"href":"https:\/\/viridiuslab.com\/sk\/wp-json\/wp\/v2\/media\/991543"}],"wp:attachment":[{"href":"https:\/\/viridiuslab.com\/sk\/wp-json\/wp\/v2\/media?parent=991542"}],"curies":[{"name":"wp","href":"https:\/\/api.w.org\/{rel}","templated":true}]}}