{"id":991489,"date":"2025-07-04T08:41:02","date_gmt":"2025-07-04T08:41:02","guid":{"rendered":"https:\/\/viridiuslab.com\/blog\/"},"modified":"2026-02-10T10:41:35","modified_gmt":"2026-02-10T10:41:35","slug":"blog","status":"publish","type":"page","link":"https:\/\/viridiuslab.com\/sk\/blog\/","title":{"rendered":"Blog"},"content":{"rendered":"\t\t<div data-elementor-type=\"wp-page\" data-elementor-id=\"991489\" class=\"elementor elementor-991489 elementor-44\" data-elementor-post-type=\"page\">\n\t\t\t\t<div class=\"elementor-element elementor-element-dab2550 e-flex e-con-boxed e-con e-parent\" data-id=\"dab2550\" data-element_type=\"container\" data-e-type=\"container\">\n\t\t\t\t\t<div class=\"e-con-inner\">\n\t\t\t\t<div class=\"elementor-element elementor-element-3b894c3 elementor-widget__width-initial animated-fast elementor-invisible elementor-widget elementor-widget-heading\" data-id=\"3b894c3\" data-element_type=\"widget\" data-e-type=\"widget\" data-settings=\"{&quot;_animation&quot;:&quot;fadeIn&quot;,&quot;_animation_delay&quot;:50}\" data-widget_type=\"heading.default\">\n\t\t\t\t<div class=\"elementor-widget-container\">\n\t\t\t\t\t<h2 class=\"elementor-heading-title elementor-size-default\">Znalosti vytv\u00e1raj\u00fa d\u00f4veru - Novinky z na\u0161ich laborat\u00f3ri\u00ed<\/h2>\t\t\t\t<\/div>\n\t\t\t\t<\/div>\n\t\t\t\t<div class=\"vamtam-has-theme-widget-styles elementor-element elementor-element-1232daa elementor-widget elementor-widget-text-editor\" data-id=\"1232daa\" data-element_type=\"widget\" data-e-type=\"widget\" data-widget_type=\"text-editor.default\">\n\t\t\t\t<div class=\"elementor-widget-container\">\n\t\t\t\t\t\t\t\t\t<blockquote>Aktu\u00e1lne t\u00e9my, technick\u00e9 \u010dl\u00e1nky a perspekt\u00edvy z na\u0161ich partnersk\u00fdch laborat\u00f3ri\u00ed v Eur\u00f3pe.<\/blockquote>\t\t\t\t\t\t\t\t<\/div>\n\t\t\t\t<\/div>\n\t\t\t\t<div class=\"vamtam-has-theme-widget-styles elementor-element elementor-element-51d2fe7 elementor-grid-2 elementor-grid-tablet-2 elementor-grid-mobile-1 elementor-widget elementor-widget-loop-grid\" data-id=\"51d2fe7\" data-element_type=\"widget\" data-e-type=\"widget\" data-settings=\"{&quot;template_id&quot;:992075,&quot;row_gap&quot;:{&quot;unit&quot;:&quot;px&quot;,&quot;size&quot;:60,&quot;sizes&quot;:[]},&quot;row_gap_tablet&quot;:{&quot;unit&quot;:&quot;px&quot;,&quot;size&quot;:30,&quot;sizes&quot;:[]},&quot;row_gap_mobile&quot;:{&quot;unit&quot;:&quot;px&quot;,&quot;size&quot;:25,&quot;sizes&quot;:[]},&quot;columns&quot;:2,&quot;pagination_type&quot;:&quot;load_more_on_click&quot;,&quot;_skin&quot;:&quot;post&quot;,&quot;columns_tablet&quot;:&quot;2&quot;,&quot;columns_mobile&quot;:&quot;1&quot;,&quot;edit_handle_selector&quot;:&quot;[data-elementor-type=\\&quot;loop-item\\&quot;]&quot;,&quot;load_more_spinner&quot;:{&quot;value&quot;:&quot;fas fa-spinner&quot;,&quot;library&quot;:&quot;fa-solid&quot;}}\" data-widget_type=\"loop-grid.post\">\n\t\t\t\t<div class=\"elementor-widget-container\">\n\t\t\t\t\t\t\t<div class=\"elementor-loop-container elementor-grid\" role=\"list\">\n\t\t<style id=\"loop-992075\">.elementor-992075 .elementor-element.elementor-element-7af691d{--display:flex;--flex-direction:column;--container-widget-width:100%;--container-widget-height:initial;--container-widget-flex-grow:0;--container-widget-align-self:initial;--flex-wrap-mobile:wrap;--justify-content:flex-start;--padding-top:0px;--padding-bottom:0px;--padding-left:0px;--padding-right:0px;}.elementor-992075 .elementor-element.elementor-element-7af691d.e-con{--align-self:flex-start;}.elementor-992075 .elementor-element.elementor-element-c8f474d img{width:100%;max-width:100%;height:600;object-fit:cover;object-position:center center;border-radius:16px 16px 16px 16px;}.elementor-992075 .elementor-element.elementor-element-c8f474d.elementor-element{--flex-grow:1;--flex-shrink:0;}.elementor-992075 .elementor-element.elementor-element-3121735 .elementor-heading-title{font-family:var( --e-global-typography-vamtam_h6-font-family ), Sans-serif;font-size:var( --e-global-typography-vamtam_h6-font-size );font-weight:var( --e-global-typography-vamtam_h6-font-weight );text-transform:var( --e-global-typography-vamtam_h6-text-transform );line-height:var( --e-global-typography-vamtam_h6-line-height );letter-spacing:var( --e-global-typography-vamtam_h6-letter-spacing );color:var( --e-global-color-vamtam_accent_2 );}.elementor-992075 .elementor-element.elementor-element-3121735 .elementor-heading-title a:hover, .elementor-992075 .elementor-element.elementor-element-3121735 .elementor-heading-title a:focus{color:var( --e-global-color-vamtam_accent_1 );}.elementor-992075 .elementor-element.elementor-element-38204dd .elementor-heading-title{color:var( --e-global-color-vamtam_accent_1 );}.elementor-992075 .elementor-element.elementor-element-38204dd .elementor-heading-title a:hover, .elementor-992075 .elementor-element.elementor-element-38204dd .elementor-heading-title a:focus{color:var( --e-global-color-vamtam_accent_2 );}@media(max-width:1024px){.elementor-992075 .elementor-element.elementor-element-7af691d{--gap:15px 15px;--row-gap:15px;--column-gap:15px;}.elementor-992075 .elementor-element.elementor-element-c8f474d > .elementor-widget-container{margin:0px 0px 5px 0px;}.elementor-992075 .elementor-element.elementor-element-3121735 .elementor-heading-title{font-size:var( --e-global-typography-vamtam_h6-font-size );line-height:var( --e-global-typography-vamtam_h6-line-height );letter-spacing:var( --e-global-typography-vamtam_h6-letter-spacing );}}@media(max-width:767px){.elementor-992075 .elementor-element.elementor-element-3121735 .elementor-heading-title{font-size:var( --e-global-typography-vamtam_h6-font-size );line-height:var( --e-global-typography-vamtam_h6-line-height );letter-spacing:var( --e-global-typography-vamtam_h6-letter-spacing );}}<\/style>\t\t<div data-elementor-type=\"loop-item\" data-elementor-id=\"992075\" class=\"elementor elementor-992075 elementor-1122 elementor-1122 e-loop-item e-loop-item-991639 post-991639 post type-post status-publish format-standard has-post-thumbnail hentry category-blog\" data-elementor-post-type=\"elementor_library\" data-custom-edit-handle=\"1\">\n\t\t\t<div class=\"elementor-element elementor-element-7af691d e-con-full e-flex e-con e-parent\" data-id=\"7af691d\" data-element_type=\"container\" data-e-type=\"container\">\n\t\t\t\t<div class=\"vamtam-has-theme-widget-styles elementor-element elementor-element-c8f474d animated-fast elementor-invisible elementor-widget elementor-widget-theme-post-featured-image elementor-widget-image\" data-id=\"c8f474d\" data-element_type=\"widget\" data-e-type=\"widget\" data-settings=\"{&quot;_animation&quot;:&quot;fadeIn&quot;}\" data-widget_type=\"theme-post-featured-image.default\">\n\t\t\t\t<div class=\"elementor-widget-container\">\n\t\t\t\t\t\t\t\t\t\t\t\t\t\t\t\t<a href=\"https:\/\/viridiuslab.com\/sk\/znalosti-vytvaraju-kvalitu-preco-je-v-laboratoriu-nevyhnutne-dalsie-vzdelavanie\/\">\n\t\t\t\t\t\t\t<img fetchpriority=\"high\" decoding=\"async\" width=\"1024\" height=\"763\" src=\"https:\/\/viridiuslab.com\/wp-content\/uploads\/2025\/10\/Wissen-schafft-Qualitat-Warum-Weiterbildung-im-Labor-unverzichtbar-ist-1024x763.jpg\" class=\"attachment-large size-large wp-image-991641\" alt=\"Znalosti vytv\u00e1raj\u00fa kvalitu - pre\u010do je \u010fal\u0161ie vzdel\u00e1vanie v laborat\u00f3riu nevyhnutn\u00e9\" srcset=\"https:\/\/viridiuslab.com\/wp-content\/uploads\/2025\/10\/Wissen-schafft-Qualitat-Warum-Weiterbildung-im-Labor-unverzichtbar-ist-1024x763.jpg 1024w, https:\/\/viridiuslab.com\/wp-content\/uploads\/2025\/10\/Wissen-schafft-Qualitat-Warum-Weiterbildung-im-Labor-unverzichtbar-ist-300x224.jpg 300w, https:\/\/viridiuslab.com\/wp-content\/uploads\/2025\/10\/Wissen-schafft-Qualitat-Warum-Weiterbildung-im-Labor-unverzichtbar-ist-768x572.jpg 768w, https:\/\/viridiuslab.com\/wp-content\/uploads\/2025\/10\/Wissen-schafft-Qualitat-Warum-Weiterbildung-im-Labor-unverzichtbar-ist.jpg 1256w\" sizes=\"(max-width: 1024px) 100vw, 1024px\" \/>\t\t\t\t\t\t\t\t<\/a>\n\t\t\t\t\t\t\t\t\t\t\t\t\t\t\t<\/div>\n\t\t\t\t<\/div>\n\t\t\t\t<div class=\"elementor-element elementor-element-3121735 elementor-widget elementor-widget-heading\" data-id=\"3121735\" data-element_type=\"widget\" data-e-type=\"widget\" data-widget_type=\"heading.default\">\n\t\t\t\t<div class=\"elementor-widget-container\">\n\t\t\t\t\t<h2 class=\"elementor-heading-title elementor-size-default\"><a href=\"https:\/\/viridiuslab.com\/sk\/category\/blog\/\" rel=\"tag\">blog<\/a><\/h2>\t\t\t\t<\/div>\n\t\t\t\t<\/div>\n\t\t\t\t<div class=\"elementor-element elementor-element-38204dd elementor-widget elementor-widget-theme-post-title elementor-page-title elementor-widget-heading\" data-id=\"38204dd\" data-element_type=\"widget\" data-e-type=\"widget\" data-widget_type=\"theme-post-title.default\">\n\t\t\t\t<div class=\"elementor-widget-container\">\n\t\t\t\t\t<h4 class=\"elementor-heading-title elementor-size-default\"><a href=\"https:\/\/viridiuslab.com\/sk\/znalosti-vytvaraju-kvalitu-preco-je-v-laboratoriu-nevyhnutne-dalsie-vzdelavanie\/\">Znalosti vytv\u00e1raj\u00fa kvalitu: pre\u010do je v laborat\u00f3riu nevyhnutn\u00e9 \u010fal\u0161ie vzdel\u00e1vanie<\/a><\/h4>\t\t\t\t<\/div>\n\t\t\t\t<\/div>\n\t\t\t\t<\/div>\n\t\t\t\t<\/div>\n\t\t\t\t<div data-elementor-type=\"loop-item\" data-elementor-id=\"992075\" class=\"elementor elementor-992075 elementor-1122 elementor-1122 e-loop-item e-loop-item-991646 post-991646 post type-post status-publish format-standard has-post-thumbnail hentry category-blog\" data-elementor-post-type=\"elementor_library\" data-custom-edit-handle=\"1\">\n\t\t\t<div class=\"elementor-element elementor-element-7af691d e-con-full e-flex e-con e-parent\" data-id=\"7af691d\" data-element_type=\"container\" data-e-type=\"container\">\n\t\t\t\t<div class=\"vamtam-has-theme-widget-styles elementor-element elementor-element-c8f474d animated-fast elementor-invisible elementor-widget elementor-widget-theme-post-featured-image elementor-widget-image\" data-id=\"c8f474d\" data-element_type=\"widget\" data-e-type=\"widget\" data-settings=\"{&quot;_animation&quot;:&quot;fadeIn&quot;}\" data-widget_type=\"theme-post-featured-image.default\">\n\t\t\t\t<div class=\"elementor-widget-container\">\n\t\t\t\t\t\t\t\t\t\t\t\t\t\t\t\t<a href=\"https:\/\/viridiuslab.com\/sk\/digitalizacia-v-laboratoriu-ako-analyza-udajov-meni-kvalitu\/\">\n\t\t\t\t\t\t\t<img decoding=\"async\" width=\"1024\" height=\"763\" src=\"https:\/\/viridiuslab.com\/wp-content\/uploads\/2025\/10\/Digitalisierung-im-Labor-Wie-Datenanalytik-die-Qualitat-verandert--1024x763.jpg\" class=\"attachment-large size-large wp-image-991647\" alt=\"Digitaliz\u00e1cia v laborat\u00f3riu - ako anal\u00fdza \u00fadajov men\u00ed kvalitu\" srcset=\"https:\/\/viridiuslab.com\/wp-content\/uploads\/2025\/10\/Digitalisierung-im-Labor-Wie-Datenanalytik-die-Qualitat-verandert--1024x763.jpg 1024w, https:\/\/viridiuslab.com\/wp-content\/uploads\/2025\/10\/Digitalisierung-im-Labor-Wie-Datenanalytik-die-Qualitat-verandert--300x224.jpg 300w, https:\/\/viridiuslab.com\/wp-content\/uploads\/2025\/10\/Digitalisierung-im-Labor-Wie-Datenanalytik-die-Qualitat-verandert--768x572.jpg 768w, https:\/\/viridiuslab.com\/wp-content\/uploads\/2025\/10\/Digitalisierung-im-Labor-Wie-Datenanalytik-die-Qualitat-verandert-.jpg 1256w\" sizes=\"(max-width: 1024px) 100vw, 1024px\" \/>\t\t\t\t\t\t\t\t<\/a>\n\t\t\t\t\t\t\t\t\t\t\t\t\t\t\t<\/div>\n\t\t\t\t<\/div>\n\t\t\t\t<div class=\"elementor-element elementor-element-3121735 elementor-widget elementor-widget-heading\" data-id=\"3121735\" data-element_type=\"widget\" data-e-type=\"widget\" data-widget_type=\"heading.default\">\n\t\t\t\t<div class=\"elementor-widget-container\">\n\t\t\t\t\t<h2 class=\"elementor-heading-title elementor-size-default\"><a href=\"https:\/\/viridiuslab.com\/sk\/category\/blog\/\" rel=\"tag\">blog<\/a><\/h2>\t\t\t\t<\/div>\n\t\t\t\t<\/div>\n\t\t\t\t<div class=\"elementor-element elementor-element-38204dd elementor-widget elementor-widget-theme-post-title elementor-page-title elementor-widget-heading\" data-id=\"38204dd\" data-element_type=\"widget\" data-e-type=\"widget\" data-widget_type=\"theme-post-title.default\">\n\t\t\t\t<div class=\"elementor-widget-container\">\n\t\t\t\t\t<h4 class=\"elementor-heading-title elementor-size-default\"><a href=\"https:\/\/viridiuslab.com\/sk\/digitalizacia-v-laboratoriu-ako-analyza-udajov-meni-kvalitu\/\">Digitaliz\u00e1cia v laborat\u00f3riu: ako anal\u00fdza \u00fadajov men\u00ed kvalitu<\/a><\/h4>\t\t\t\t<\/div>\n\t\t\t\t<\/div>\n\t\t\t\t<\/div>\n\t\t\t\t<\/div>\n\t\t\t\t<div data-elementor-type=\"loop-item\" data-elementor-id=\"992075\" class=\"elementor elementor-992075 elementor-1122 elementor-1122 e-loop-item e-loop-item-991626 post-991626 post type-post status-publish format-standard has-post-thumbnail hentry category-blog\" data-elementor-post-type=\"elementor_library\" data-custom-edit-handle=\"1\">\n\t\t\t<div class=\"elementor-element elementor-element-7af691d e-con-full e-flex e-con e-parent\" data-id=\"7af691d\" data-element_type=\"container\" data-e-type=\"container\">\n\t\t\t\t<div class=\"vamtam-has-theme-widget-styles elementor-element elementor-element-c8f474d animated-fast elementor-invisible elementor-widget elementor-widget-theme-post-featured-image elementor-widget-image\" data-id=\"c8f474d\" data-element_type=\"widget\" data-e-type=\"widget\" data-settings=\"{&quot;_animation&quot;:&quot;fadeIn&quot;}\" data-widget_type=\"theme-post-featured-image.default\">\n\t\t\t\t<div class=\"elementor-widget-container\">\n\t\t\t\t\t\t\t\t\t\t\t\t\t\t\t\t<a href=\"https:\/\/viridiuslab.com\/sk\/kvalita-zacina-v-laboratoriu-preco-akreditacia-vytvara-doveru\/\">\n\t\t\t\t\t\t\t<img decoding=\"async\" width=\"1024\" height=\"763\" src=\"https:\/\/viridiuslab.com\/wp-content\/uploads\/2025\/10\/Qualitat-beginnt-im-Labor-Warum-Akkreditierung-Vertrauen-schafft-1024x763.jpg\" class=\"attachment-large size-large wp-image-991627\" alt=\"Kvalita za\u010d\u00edna v laborat\u00f3riu - pre\u010do akredit\u00e1cia vytv\u00e1ra d\u00f4veru\" srcset=\"https:\/\/viridiuslab.com\/wp-content\/uploads\/2025\/10\/Qualitat-beginnt-im-Labor-Warum-Akkreditierung-Vertrauen-schafft-1024x763.jpg 1024w, https:\/\/viridiuslab.com\/wp-content\/uploads\/2025\/10\/Qualitat-beginnt-im-Labor-Warum-Akkreditierung-Vertrauen-schafft-300x224.jpg 300w, https:\/\/viridiuslab.com\/wp-content\/uploads\/2025\/10\/Qualitat-beginnt-im-Labor-Warum-Akkreditierung-Vertrauen-schafft-768x572.jpg 768w, https:\/\/viridiuslab.com\/wp-content\/uploads\/2025\/10\/Qualitat-beginnt-im-Labor-Warum-Akkreditierung-Vertrauen-schafft.jpg 1256w\" sizes=\"(max-width: 1024px) 100vw, 1024px\" \/>\t\t\t\t\t\t\t\t<\/a>\n\t\t\t\t\t\t\t\t\t\t\t\t\t\t\t<\/div>\n\t\t\t\t<\/div>\n\t\t\t\t<div class=\"elementor-element elementor-element-3121735 elementor-widget elementor-widget-heading\" data-id=\"3121735\" data-element_type=\"widget\" data-e-type=\"widget\" data-widget_type=\"heading.default\">\n\t\t\t\t<div class=\"elementor-widget-container\">\n\t\t\t\t\t<h2 class=\"elementor-heading-title elementor-size-default\"><a href=\"https:\/\/viridiuslab.com\/sk\/category\/blog\/\" rel=\"tag\">blog<\/a><\/h2>\t\t\t\t<\/div>\n\t\t\t\t<\/div>\n\t\t\t\t<div class=\"elementor-element elementor-element-38204dd elementor-widget elementor-widget-theme-post-title elementor-page-title elementor-widget-heading\" data-id=\"38204dd\" data-element_type=\"widget\" data-e-type=\"widget\" data-widget_type=\"theme-post-title.default\">\n\t\t\t\t<div class=\"elementor-widget-container\">\n\t\t\t\t\t<h4 class=\"elementor-heading-title elementor-size-default\"><a href=\"https:\/\/viridiuslab.com\/sk\/kvalita-zacina-v-laboratoriu-preco-akreditacia-vytvara-doveru\/\">Kvalita za\u010d\u00edna v laborat\u00f3riu: Pre\u010do akredit\u00e1cia vytv\u00e1ra d\u00f4veru<\/a><\/h4>\t\t\t\t<\/div>\n\t\t\t\t<\/div>\n\t\t\t\t<\/div>\n\t\t\t\t<\/div>\n\t\t\t\t<div data-elementor-type=\"loop-item\" data-elementor-id=\"992075\" class=\"elementor elementor-992075 elementor-1122 elementor-1122 e-loop-item e-loop-item-991622 post-991622 post type-post status-publish format-standard has-post-thumbnail hentry category-blog\" data-elementor-post-type=\"elementor_library\" data-custom-edit-handle=\"1\">\n\t\t\t<div class=\"elementor-element elementor-element-7af691d e-con-full e-flex e-con e-parent\" data-id=\"7af691d\" data-element_type=\"container\" data-e-type=\"container\">\n\t\t\t\t<div class=\"vamtam-has-theme-widget-styles elementor-element elementor-element-c8f474d animated-fast elementor-invisible elementor-widget elementor-widget-theme-post-featured-image elementor-widget-image\" data-id=\"c8f474d\" data-element_type=\"widget\" data-e-type=\"widget\" data-settings=\"{&quot;_animation&quot;:&quot;fadeIn&quot;}\" data-widget_type=\"theme-post-featured-image.default\">\n\t\t\t\t<div class=\"elementor-widget-container\">\n\t\t\t\t\t\t\t\t\t\t\t\t\t\t\t\t<a href=\"https:\/\/viridiuslab.com\/sk\/ako-moderne-laboratoria-prispievaju-k-ochrane-zivotneho-prostredia\/\">\n\t\t\t\t\t\t\t<img loading=\"lazy\" decoding=\"async\" width=\"1024\" height=\"763\" src=\"https:\/\/viridiuslab.com\/wp-content\/uploads\/2025\/07\/Nachhaltige-Analytik-1-1024x763.jpeg\" class=\"attachment-large size-large wp-image-991389\" alt=\"Udr\u017eate\u013en\u00e1 analytika\" srcset=\"https:\/\/viridiuslab.com\/wp-content\/uploads\/2025\/07\/Nachhaltige-Analytik-1-1024x763.jpeg 1024w, https:\/\/viridiuslab.com\/wp-content\/uploads\/2025\/07\/Nachhaltige-Analytik-1-300x224.jpeg 300w, https:\/\/viridiuslab.com\/wp-content\/uploads\/2025\/07\/Nachhaltige-Analytik-1-768x572.jpeg 768w, https:\/\/viridiuslab.com\/wp-content\/uploads\/2025\/07\/Nachhaltige-Analytik-1.jpeg 1256w\" sizes=\"(max-width: 1024px) 100vw, 1024px\" \/>\t\t\t\t\t\t\t\t<\/a>\n\t\t\t\t\t\t\t\t\t\t\t\t\t\t\t<\/div>\n\t\t\t\t<\/div>\n\t\t\t\t<div class=\"elementor-element elementor-element-3121735 elementor-widget elementor-widget-heading\" data-id=\"3121735\" data-element_type=\"widget\" data-e-type=\"widget\" data-widget_type=\"heading.default\">\n\t\t\t\t<div class=\"elementor-widget-container\">\n\t\t\t\t\t<h2 class=\"elementor-heading-title elementor-size-default\"><a href=\"https:\/\/viridiuslab.com\/sk\/category\/blog\/\" rel=\"tag\">blog<\/a><\/h2>\t\t\t\t<\/div>\n\t\t\t\t<\/div>\n\t\t\t\t<div class=\"elementor-element elementor-element-38204dd elementor-widget elementor-widget-theme-post-title elementor-page-title elementor-widget-heading\" data-id=\"38204dd\" data-element_type=\"widget\" data-e-type=\"widget\" data-widget_type=\"theme-post-title.default\">\n\t\t\t\t<div class=\"elementor-widget-container\">\n\t\t\t\t\t<h4 class=\"elementor-heading-title elementor-size-default\"><a href=\"https:\/\/viridiuslab.com\/sk\/ako-moderne-laboratoria-prispievaju-k-ochrane-zivotneho-prostredia\/\">Ako modern\u00e9 laborat\u00f3ri\u00e1 prispievaj\u00fa k ochrane \u017eivotn\u00e9ho prostredia<\/a><\/h4>\t\t\t\t<\/div>\n\t\t\t\t<\/div>\n\t\t\t\t<\/div>\n\t\t\t\t<\/div>\n\t\t\t\t<\/div>\n\t\t\t\t\t<span class=\"e-load-more-spinner\">\n\t\t\t\t<i aria-hidden=\"true\" class=\"fas fa-spinner\"><\/i>\t\t\t<\/span>\n\t\t\n\t\t\t\t\t\t<\/div>\n\t\t\t\t<\/div>\n\t\t\t\t\t<\/div>\n\t\t\t\t<\/div>\n\t\t\t\t<\/div>\n\t\t","protected":false},"excerpt":{"rendered":"<p>Znalosti vytv\u00e1raj\u00fa d\u00f4veru &#8211; Novinky z na\u0161ich laborat\u00f3ri\u00ed Aktu\u00e1lne t\u00e9my, technick\u00e9 \u010dl\u00e1nky a perspekt\u00edvy z na\u0161ich partnersk\u00fdch laborat\u00f3ri\u00ed v Eur\u00f3pe.<\/p>\n","protected":false},"author":1,"featured_media":12728,"parent":0,"menu_order":0,"comment_status":"closed","ping_status":"closed","template":"","meta":{"_acf_changed":false,"_seowing_meta_title":"Blog | viridiusLAB \u2013 Analytika, kvalita a inov\u00e1cie","_seowing_meta_description":"Odborn\u00e9 \u010dl\u00e1nky o environment\u00e1lnej analytike, akredit\u00e1cii laborat\u00f3ri\u00ed, digitaliz\u00e1cii a zabezpe\u010den\u00ed kvality. Blog viridiusLAB pre analytick\u00fd priemysel.","_seowing_focus_keyword":"laborat\u00f3rny blog analytika","_seowing_canonical_url":"","_seowing_robots":"","_seowing_robots_noindex":false,"_seowing_robots_nofollow":false,"_seowing_seo_score":15,"_expert_id":0,"footnotes":""},"class_list":["post-991489","page","type-page","status-publish","has-post-thumbnail","hentry"],"acf":[],"_links":{"self":[{"href":"https:\/\/viridiuslab.com\/sk\/wp-json\/wp\/v2\/pages\/991489","targetHints":{"allow":["GET"]}}],"collection":[{"href":"https:\/\/viridiuslab.com\/sk\/wp-json\/wp\/v2\/pages"}],"about":[{"href":"https:\/\/viridiuslab.com\/sk\/wp-json\/wp\/v2\/types\/page"}],"author":[{"embeddable":true,"href":"https:\/\/viridiuslab.com\/sk\/wp-json\/wp\/v2\/users\/1"}],"replies":[{"embeddable":true,"href":"https:\/\/viridiuslab.com\/sk\/wp-json\/wp\/v2\/comments?post=991489"}],"version-history":[{"count":1,"href":"https:\/\/viridiuslab.com\/sk\/wp-json\/wp\/v2\/pages\/991489\/revisions"}],"predecessor-version":[{"id":991490,"href":"https:\/\/viridiuslab.com\/sk\/wp-json\/wp\/v2\/pages\/991489\/revisions\/991490"}],"wp:featuredmedia":[{"embeddable":true,"href":"https:\/\/viridiuslab.com\/sk\/wp-json\/wp\/v2\/media\/12728"}],"wp:attachment":[{"href":"https:\/\/viridiuslab.com\/sk\/wp-json\/wp\/v2\/media?parent=991489"}],"curies":[{"name":"wp","href":"https:\/\/api.w.org\/{rel}","templated":true}]}}