{"id":994259,"date":"2026-02-26T12:34:01","date_gmt":"2026-02-26T12:34:01","guid":{"rendered":"https:\/\/viridiuslab.com\/ogolne-warunki-handlowe\/"},"modified":"2026-02-26T12:34:01","modified_gmt":"2026-02-26T12:34:01","slug":"ogolne-warunki-handlowe","status":"publish","type":"page","link":"https:\/\/viridiuslab.com\/pl\/ogolne-warunki-handlowe\/","title":{"rendered":"Og\u00f3lne warunki handlowe"},"content":{"rendered":"<div class=\"vgblk-rw-wrapper limit-wrapper\">\n<h1>Og\u00f3lne warunki handlowe<\/h1>\n<p>Og\u00f3lne Warunki Handlowe viridiusLAB AG reguluj\u0105 wsp\u00f3\u0142prac\u0119 pomi\u0119dzy viridiusLAB AG a jej klientami.<\/p>\n<p>W razie jakichkolwiek pyta\u0144 prosimy o kontakt pod adresem <a href=\"mailto:office@viridiuslab.com\">office@viridiuslab.com<\/a> lub telefonicznie pod numerem +43 (1) 909 34 40.<\/p>\n<\/div>\n<p><!-- .vgblk-rw-wrapper --><\/p>\n","protected":false},"excerpt":{"rendered":"<p>Og\u00f3lne warunki handlowe Og\u00f3lne Warunki Handlowe viridiusLAB AG reguluj\u0105 wsp\u00f3\u0142prac\u0119 pomi\u0119dzy viridiusLAB AG a jej klientami. W razie jakichkolwiek pyta\u0144 prosimy o kontakt pod adresem office@viridiuslab.com lub telefonicznie pod numerem +43 (1) 909 34 40.<\/p>\n","protected":false},"author":0,"featured_media":0,"parent":0,"menu_order":0,"comment_status":"closed","ping_status":"closed","template":"","meta":{"_acf_changed":false,"_seowing_meta_title":"Og\u00f3lne warunki handlowe | viridiusLAB AG","_seowing_meta_description":"Og\u00f3lne warunki handlowe viridiusLAB AG, Jasomirgottstra\u00dfe 6\/5, 1010 Wiede\u0144.","_seowing_focus_keyword":"warunki handlowe viridiusLAB","_seowing_canonical_url":"","_seowing_robots":"","_seowing_robots_noindex":false,"_seowing_robots_nofollow":false,"_seowing_seo_score":15,"footnotes":""},"class_list":["post-994259","page","type-page","status-publish","hentry"],"acf":[],"_links":{"self":[{"href":"https:\/\/viridiuslab.com\/pl\/wp-json\/wp\/v2\/pages\/994259","targetHints":{"allow":["GET"]}}],"collection":[{"href":"https:\/\/viridiuslab.com\/pl\/wp-json\/wp\/v2\/pages"}],"about":[{"href":"https:\/\/viridiuslab.com\/pl\/wp-json\/wp\/v2\/types\/page"}],"replies":[{"embeddable":true,"href":"https:\/\/viridiuslab.com\/pl\/wp-json\/wp\/v2\/comments?post=994259"}],"version-history":[{"count":0,"href":"https:\/\/viridiuslab.com\/pl\/wp-json\/wp\/v2\/pages\/994259\/revisions"}],"wp:attachment":[{"href":"https:\/\/viridiuslab.com\/pl\/wp-json\/wp\/v2\/media?parent=994259"}],"curies":[{"name":"wp","href":"https:\/\/api.w.org\/{rel}","templated":true}]}}