{"id":991568,"date":"2025-10-06T14:44:07","date_gmt":"2025-10-06T14:44:07","guid":{"rendered":"https:\/\/viridiuslab.com\/ochrona-danych\/"},"modified":"2026-02-10T10:41:48","modified_gmt":"2026-02-10T10:41:48","slug":"ochrona-danych","status":"publish","type":"page","link":"https:\/\/viridiuslab.com\/pl\/ochrona-danych\/","title":{"rendered":"Ochrona danych"},"content":{"rendered":"\t\t<div data-elementor-type=\"wp-page\" data-elementor-id=\"991568\" class=\"elementor elementor-991568 elementor-988916\" data-elementor-post-type=\"page\">\n\t\t\t\t<div class=\"elementor-element elementor-element-ae590c9 e-flex e-con-boxed e-con e-parent\" data-id=\"ae590c9\" data-element_type=\"container\" data-e-type=\"container\">\n\t\t\t\t\t<div class=\"e-con-inner\">\n\t\t<div class=\"elementor-element elementor-element-d2a34a5 e-con-full e-flex e-con e-child\" data-id=\"d2a34a5\" data-element_type=\"container\" data-e-type=\"container\">\n\t\t\t\t<div class=\"elementor-element elementor-element-0430a27 animated-fast elementor-invisible elementor-widget elementor-widget-heading\" data-id=\"0430a27\" data-element_type=\"widget\" data-e-type=\"widget\" data-settings=\"{&quot;_animation&quot;:&quot;fadeIn&quot;,&quot;_animation_delay&quot;:50}\" data-widget_type=\"heading.default\">\n\t\t\t\t<div class=\"elementor-widget-container\">\n\t\t\t\t\t<h1 class=\"elementor-heading-title elementor-size-default\">Polityka prywatno\u015bci<\/h1>\t\t\t\t<\/div>\n\t\t\t\t<\/div>\n\t\t\t\t<div class=\"elementor-element elementor-element-891d818 animated-fast elementor-invisible elementor-widget elementor-widget-heading\" data-id=\"891d818\" data-element_type=\"widget\" data-e-type=\"widget\" data-settings=\"{&quot;_animation&quot;:&quot;fadeIn&quot;,&quot;_animation_delay&quot;:50}\" data-widget_type=\"heading.default\">\n\t\t\t\t<div class=\"elementor-widget-container\">\n\t\t\t\t\t<h2 class=\"elementor-heading-title elementor-size-default\">POLITYKA PRYWATNO\u015aCI STRONY INTERNETOWEJ<\/h2>\t\t\t\t<\/div>\n\t\t\t\t<\/div>\n\t\t\t\t<div class=\"vamtam-has-theme-widget-styles elementor-element elementor-element-906566f elementor-widget__width-inherit elementor-widget elementor-widget-text-editor\" data-id=\"906566f\" data-element_type=\"widget\" data-e-type=\"widget\" data-widget_type=\"text-editor.default\">\n\t\t\t\t<div class=\"elementor-widget-container\">\n\t\t\t\t\t\t\t\t\t<p>viridiusLAB AG (zwana dalej &#8222;viridius&#8221;, &#8222;viridiusLAB&#8221; lub &#8222;my&#8221;) jest administratorem danych w rozumieniu art. 4 ust. 7 og\u00f3lnego rozporz\u0105dzenia UE o ochronie danych (&#8222;RODO&#8221;) w odniesieniu do przetwarzania danych osobowych os\u00f3b odwiedzaj\u0105cych nasz\u0105 stron\u0119 internetow\u0105 <a href=\"https:\/\/www.viridiuslab.com\">www.viridiuslab.com<\/a> (szczeg\u00f3\u0142owe informacje znajduj\u0105 si\u0119 w punkcie I).<\/p><p>Zgodnie z art. 13 RODO, niniejsza polityka prywatno\u015bci opisuje, mi\u0119dzy innymi, rodzaje danych osobowych, kt\u00f3re przetwarzamy, cele, dla kt\u00f3rych przetwarzamy dane osobowe oraz strony trzecie, kt\u00f3rym udost\u0119pniamy dane, gdy u\u017cytkownik odwiedza nasz\u0105 stron\u0119 internetow\u0105. Ponadto u\u017cytkownik zostanie poinformowany o przys\u0142uguj\u0105cych mu prawach w odniesieniu do jego danych osobowych oraz o sposobie korzystania z tych praw. <\/p><h3><b>I. Kto jest odpowiedzialny za przetwarzanie danych? <\/b><\/h3><p>jest administratorem danych w rozumieniu art. 4(7) RODO:<\/p><div class=\"address\">viridiusLAB AG<br>Jasomirgottstra\u00dfe 6\/5<br>1010 Wiede\u0144<br>FN 551300k<br>ATU76840769<\/div><p>Mo\u017cna si\u0119 z nami skontaktowa\u0107 pod adresem<\/p><p>Tel: +43 (1) 9093440<br>E-mail: <a href=\"mailto:office@viridiuslab.com\">office@viridiuslab.com<\/a><\/p><p>Dane kontaktowe inspektora ochrony danych: <a href=\"mailto:datenschutz@viridiuslab.com\">datenschutz@viridiuslab.com<\/a><\/p><h3><b>II. Jakie dane osobowe przetwarzamy?<\/b><\/h3><p>Przez dane osobowe rozumiemy wszystkie informacje, kt\u00f3re odnosz\u0105 si\u0119 do u\u017cytkownika jako osoby (art. 4 ust. 1 RODO).<\/p><p>Podczas korzystania z naszej strony internetowej mo\u017cemy przetwarza\u0107 dane osobowe, kt\u00f3re u\u017cytkownik dobrowolnie nam przeka\u017ce (np. za po\u015brednictwem naszych opcji kontaktowych).<\/p><p>U\u017cytkownik mo\u017ce jednak odwiedza\u0107 nasz\u0105 witryn\u0119 bez aktywnego przekazywania nam informacji o sobie. W takim przypadku zbieramy tylko pewne dane, kt\u00f3re przegl\u0105darka u\u017cytkownika przesy\u0142a na nasz serwer internetowy (pliki dziennika) oraz dane, kt\u00f3re zbieramy za pomoc\u0105 plik\u00f3w cookie lub podobnych technologii. <\/p><h3><b>III W jakim celu i na jakiej podstawie prawnej przetwarzamy Twoje dane osobowe? <\/b><\/h3><h4><b>1. nasze oferty online<\/b><\/h4><p>Je\u015bli aktywnie komunikujesz si\u0119 z nami za po\u015brednictwem naszej strony internetowej, przetwarzamy dane osobowe, kt\u00f3re dobrowolnie nam przekazujesz. Dotyczy to w szczeg\u00f3lno\u015bci naszych nast\u0119puj\u0105cych ofert: <\/p><h5><b>a) Nawi\u0105zywanie kontaktu:<\/b><\/h5><p>Je\u015bli u\u017cytkownik zdecyduje si\u0119 skontaktowa\u0107 z nami za po\u015brednictwem opcji kontaktowych udost\u0119pnionych na naszej stronie internetowej, podane przez niego dane osobowe (np. imi\u0119 i nazwisko, adres e-mail, adres, tre\u015b\u0107 wiadomo\u015bci) b\u0119d\u0105 przetwarzane. Przetwarzamy je w celu udzielenia odpowiedzi na pytania u\u017cytkownika, spe\u0142nienia jego \u017c\u0105da\u0144 lub komunikacji z nim w inny spos\u00f3b (podstawa prawna: art. 6 ust. 1 lit. b RODO &#8211; <i>wykonanie umowy lub wdro\u017cenie \u015brodk\u00f3w poprzedzaj\u0105cych zawarcie umowy<\/i>). <\/p><p>Niekt\u00f3re dane, o kt\u00f3re prosimy w zwi\u0105zku z naszymi wy\u017cej wymienionymi ofertami, mog\u0105 by\u0107 oznaczone jako pola obowi\u0105zkowe(*). U\u017cytkownik nie jest zobowi\u0105zany do podania tych danych. Jednak bez podania tych informacji mo\u017cemy nie by\u0107 w stanie przetworzy\u0107 zapytania lub \u015bwiadczy\u0107 naszych us\u0142ug.  <\/p><h4><b>2. pliki dziennika<\/b><\/h4><p>U\u017cytkownik mo\u017ce r\u00f3wnie\u017c odwiedza\u0107 nasz\u0105 witryn\u0119 bez aktywnego przekazywania nam informacji o sobie. W takim przypadku gromadzimy pewne dane, kt\u00f3re przegl\u0105darka u\u017cytkownika przesy\u0142a na nasz serwer internetowy (pliki dziennika) <\/p><p>Nasze pliki dziennika zawieraj\u0105 nast\u0119puj\u0105ce informacje: Data i godzina dost\u0119pu do naszej strony internetowej, (ii) typ, wersja i ustawienia przegl\u0105darki internetowej, (iii) system operacyjny i dostawca us\u0142ug, (iv) \u017c\u0105dane strony i pliki, (v) strona internetowa u\u017cywana przed odwiedzeniem naszej strony internetowej oraz (vi) adres IP u\u017cytkownika. Adres IP to okre\u015blony numer przypisany do komputera, kt\u00f3ry umo\u017cliwia urz\u0105dzeniu komunikacj\u0119 w sieci za po\u015brednictwem protoko\u0142u internetowego (IP). Adresy IP mog\u0105 kwalifikowa\u0107 si\u0119 jako dane osobowe, poniewa\u017c umo\u017cliwiaj\u0105 identyfikacj\u0119 u\u017cytkownika w pewnych okoliczno\u015bciach.       <\/p><p>Przetwarzanie tych plik\u00f3w dziennika jest dla nas niezb\u0119dne w celu zapewnienia funkcjonalno\u015bci, stabilno\u015bci i bezpiecze\u0144stwa naszej strony internetowej. Mo\u017cemy je r\u00f3wnie\u017c przetwarza\u0107 w ramach dochodze\u0144 kryminalistycznych w przypadku incydentu bezpiecze\u0144stwa lub w celu tworzenia anonimowych statystyk u\u017cytkownik\u00f3w (podstawa prawna: art. 6 ust. 1 lit. f RODO &#8211; <i>uzasadniony interes w utrzymaniu funkcjonalno\u015bci, stabilno\u015bci i bezpiecze\u0144stwa naszej strony internetowej<\/i>). <\/p><h4><b>3. pliki cookie<\/b><\/h4><p>Ta strona u\u017cywa r\u00f3wnie\u017c plik\u00f3w cookie. S\u0105 to ma\u0142e pliki tekstowe, kt\u00f3re mog\u0105 by\u0107 przechowywane na urz\u0105dzeniu u\u017cytkownika podczas odwiedzania naszej strony internetowej i kt\u00f3re przechowuj\u0105 pewne informacje o u\u017cytkowniku. Pliki cookie nie mog\u0105 uzyskiwa\u0107 dost\u0119pu, odczytywa\u0107 ani zmienia\u0107 innych danych przechowywanych na urz\u0105dzeniu u\u017cytkownika. Odnosz\u0105c si\u0119 do &#8222;plik\u00f3w cookie&#8221;, uwzgl\u0119dniamy inne technologie o podobnych celach, takie jak znaczniki pikselowe.   <\/p><p>W naszej witrynie stosujemy dwa rodzaje plik\u00f3w cookie:<\/p><ul><li>Niezb\u0119dne pliki cookie: Bez niezb\u0119dnych plik\u00f3w cookie prawid\u0142owa funkcjonalno\u015b\u0107 naszej strony internetowej nie by\u0142aby zagwarantowana lub by\u0142aby ograniczona. Korzystanie z niezb\u0119dnych plik\u00f3w cookie na naszej stronie internetowej jest mo\u017cliwe bez zgody u\u017cytkownika. U\u017cytkownik mo\u017ce jednak w dowolnym momencie dezaktywowa\u0107 pliki cookie, zmieniaj\u0105c ustawienia przegl\u0105darki. Szczeg\u00f3\u0142owy opis wykorzystywanych niezb\u0119dnych plik\u00f3w cookie i odpowiednich cel\u00f3w przetwarzania mo\u017cna znale\u017a\u0107 poni\u017cej (podstawa prawna: art. 6 ust. 1 lit. f RODO &#8211; <i>uzasadniony interes<\/i>).   <\/li><li>Opcjonalne pliki cookie: Te rodzaje plik\u00f3w cookie mog\u0105 by\u0107 wykorzystywane do ulepszania naszej strony internetowej, optymalizacji do\u015bwiadcze\u0144 u\u017cytkownika, analizy zachowa\u0144 u\u017cytkownik\u00f3w lub personalizacji dzia\u0142a\u0144 marketingowych. Opcjonalne pliki cookie mog\u0105 by\u0107 r\u00f3wnie\u017c wykorzystywane przez zewn\u0119trzne firmy reklamowe (&#8222;pliki cookie stron trzecich&#8221;). Opcjonalne pliki cookie s\u0105 wykorzystywane wy\u0142\u0105cznie za zgod\u0105 u\u017cytkownika, kt\u00f3r\u0105 mo\u017cna wyrazi\u0107, klikaj\u0105c przycisk &#8222;OK&#8221; (&#8222;Zgadzam si\u0119&#8221;) na banerze plik\u00f3w cookie na naszej stronie internetowej. Zgod\u0119 t\u0119 mo\u017cna w ka\u017cdej chwili odwo\u0142a\u0107 ze skutkiem na przysz\u0142o\u015b\u0107, usuwaj\u0105c j\u0105 w przegl\u0105darce lub dostosowuj\u0105c swoje preferencje w sekcji &#8222;Edytuj ustawienia plik\u00f3w cookie&#8221; w stopce tej witryny. Szczeg\u00f3\u0142owy opis stosowanych opcjonalnych plik\u00f3w cookie i odpowiednich cel\u00f3w przetwarzania mo\u017cna znale\u017a\u0107 poni\u017cej (podstawa prawna: art. 6 ust. 1 lit. a RODO &#8211; <i>zgoda<\/i>).    <\/li><\/ul><h5><b>Niezb\u0119dne pliki cookie  <\/b><\/h5><table><thead><tr><th><b>Nazwa pliku cookie<\/b><\/th><th><b>Cel<\/b><\/th><th><b>Czas przechowywania<\/b><\/th><\/tr><\/thead><tbody><tr><td>AcceptCookies<\/td><td>Niezb\u0119dne do identyfikacji zalogowanego u\u017cytkownika (konieczne do zalogowania)<\/td><td>365 dni<\/td><\/tr><\/tbody><\/table><h5><b>U\u017cywane opcjonalne pliki cookie<\/b><\/h5><table><thead><tr><th><b>Nazwa pliku cookie<\/b><\/th><th><b>Cel<\/b><\/th><th><b>Czas przechowywania<\/b><\/th><\/tr><\/thead><tbody><tr><td>_ga<\/td><td>Jest to w\u0142asny plik cookie, kt\u00f3ry rejestruje unikalny identyfikator u\u017cywany do generowania informacji statystycznych o sposobie korzystania z witryny przez u\u017cytkownika.<\/td><td>_ga wygasa po 2 latach<\/td><\/tr><tr><td>_gat<br>_gid<\/td><td>Google Analytics: U\u017cywamy tych plik\u00f3w cookie do rejestrowania sposobu, w jaki odwiedzaj\u0105cy korzystaj\u0105 z naszej witryny. U\u017cywamy tych informacji do tworzenia raport\u00f3w i ulepszania witryny. Wi\u0119cej informacji na temat korzystania z Google Analytics mo\u017cna znale\u017a\u0107 poni\u017cej.<br>Plik cookie do rozr\u00f3\u017cniania poszczeg\u00f3lnych u\u017cytkownik\u00f3w w domenie  <\/td><td>_gat wygasa po 1 minucie<br>_gid wygasa po 24 godzinach.<\/td><\/tr><\/tbody><\/table><p>Google Analytics:<\/p><p>Nasza strona internetowa korzysta z Google Analytics, dostarczanego przez Google Ireland Limited, numer rejestracyjny: 368047, Gordon House, Barrow Street, Dublin 4, Irlandia (&#8222;Google&#8221;), kt\u00f3ry umo\u017cliwia nam analiz\u0119 korzystania z naszej strony internetowej.<\/p><p>Informacje generowane przez pliki cookie na temat korzystania z tej witryny (w tym adres IP i adresy URL odwiedzanych stron) mog\u0105 by\u0107 przesy\u0142ane i przechowywane przez Google na serwerach w Stanach Zjednoczonych. Stany Zjednoczone nie maj\u0105 odpowiedniego poziomu ochrony danych i istnieje ryzyko, \u017ce w\u0142adze USA mog\u0105 uzyska\u0107 dost\u0119p do danych u\u017cytkownika. <\/p><p>Nasza strona internetowa korzysta z funkcji anonimizacji IP zapewnianej przez Google Analytics. W zwi\u0105zku z tym adres IP u\u017cytkownika zostanie skr\u00f3cony\/zanonimizowany przez Google natychmiast po jego otrzymaniu. Google wykorzysta te informacje w celu oceny korzystania z naszej strony internetowej przez u\u017cytkownika, tworzenia raport\u00f3w dotycz\u0105cych aktywno\u015bci na naszej stronie internetowej oraz \u015bwiadczenia innych us\u0142ug zwi\u0105zanych z aktywno\u015bci\u0105 na stronie internetowej i korzystaniem z Internetu. W \u017cadnym wypadku Google nie b\u0119dzie \u0142\u0105czy\u0107 adresu IP u\u017cytkownika z innymi danymi.   <\/p><p>Wi\u0119cej informacji na temat warunk\u00f3w u\u017cytkowania, kt\u00f3re zawarli\u015bmy z Google oraz na temat postanowie\u0144 Google dotycz\u0105cych ochrony danych i \u015brodk\u00f3w ochrony danych mo\u017cna znale\u017a\u0107 pod nast\u0119puj\u0105cym linkiem: https:\/\/www.google.com\/analytics\/terms\/gb.html.<\/p><p>Wi\u0119cej informacji na temat dzia\u0142ania Google Analytics oraz informacji, kt\u00f3re mo\u017cemy gromadzi\u0107 i analizowa\u0107, mo\u017cna znale\u017a\u0107 na stronie https:\/\/support.google.com\/analytics\/answer\/1012034?hl=lten&amp;ref_topic=6157800.<\/p><p>Pliki cookie u\u017cywane przez Google Analytics s\u0105 ustawiane wy\u0142\u0105cznie za zgod\u0105 u\u017cytkownika. Gromadzenie danych przez Google Analytics mo\u017cna wy\u0142\u0105czy\u0107 w dowolnym momencie, klikaj\u0105c nast\u0119puj\u0105cy link: https:\/\/tools.google.com\/dlpage\/gaoptout\/. <\/p><h3><b>IV. Komu przekazujemy dane osobowe u\u017cytkownik\u00f3w?<\/b><\/h3><p>Obs\u0142uguj\u0105c nasz\u0105 stron\u0119 internetow\u0105, korzystamy r\u00f3wnie\u017c z zewn\u0119trznych dostawc\u00f3w us\u0142ug IT, kt\u00f3rzy przetwarzaj\u0105 dane osobowe w naszym imieniu jako podmioty przetwarzaj\u0105ce w rozumieniu art. 4 (8) RODO. Korzystamy z nast\u0119puj\u0105cych kategorii podmiot\u00f3w przetwarzaj\u0105cych: <\/p><p>a) Dostawcy us\u0142ug, na kt\u00f3rych serwerach dzia\u0142a nasza strona internetowa.<\/p><p>b) Dostawcy us\u0142ug, kt\u00f3rzy utrzymuj\u0105 stron\u0119 internetow\u0105 w naszym imieniu.<\/p><p>c) Dostawcy us\u0142ug, na kt\u00f3rych serwerach dzia\u0142aj\u0105 nasze narz\u0119dzia do planowania spotka\u0144.<\/p><p>d) Dostawcy us\u0142ug odpowiedzialni za przetwarzanie formularzy kontaktowych.<\/p><p>Zobowi\u0105zujemy tych us\u0142ugodawc\u00f3w do odpowiedniej ochrony danych osobowych u\u017cytkownika w umowie zgodnie z art. 28 RODO.<\/p><p>Niekt\u00f3rzy z tych us\u0142ugodawc\u00f3w mog\u0105 przetwarza\u0107 dane w USA. Komisja Europejska i Trybuna\u0142 Sprawiedliwo\u015bci Unii Europejskiej przyzna\u0142y USA prawo do przetwarzania danych w USA. <b> <\/b>nie zapewnia odpowiedniego poziomu ochrony danych. W szczeg\u00f3lno\u015bci istnieje ryzyko, \u017ce dane te b\u0119d\u0105 przedmiotem dost\u0119pu w\u0142adz lokalnych lub s\u0105d\u00f3w w celu kontroli i monitorowania zgodnie z obowi\u0105zuj\u0105cymi przepisami oraz \u017ce nie s\u0105 dost\u0119pne \u017cadne skuteczne \u015brodki prawne przeciwko temu. <\/p><p>Jednak\u017ce, gdy przekazujemy dane osobowe do takich kraj\u00f3w trzecich, wdra\u017camy odpowiednie zabezpieczenia w celu zapewnienia ochrony praw u\u017cytkownika zgodnie z przepisami RODO. Obejmuje to zawarcie standardowych klauzul umownych opublikowanych przez Komisj\u0119 Europejsk\u0105 dotycz\u0105cych przekazywania danych osobowych (art. 46 ust. 2 lit. c RODO). Dalsze szczeg\u00f3\u0142y dotycz\u0105ce stosowanych gwarancji bezpiecze\u0144stwa oraz kopie odpowiednich um\u00f3w s\u0105 dost\u0119pne na \u017c\u0105danie pod adresem <a href=\"mailto:datenschutz@viridiuslab.com\">datenschutz@viridiuslab.com.<\/a>  <\/p><p>Ponadto dane mog\u0105 by\u0107 przekazywane do pa\u0144stwa trzeciego za wyra\u017an\u0105 zgod\u0105 u\u017cytkownika (art. 49 ust. 1 lit. a RODO). My lub dostawcy zewn\u0119trzni mo\u017cemy r\u00f3wnie\u017c przetwarza\u0107 dane osobowe w ramach plik\u00f3w cookie u\u017cywanych na naszej stronie internetowej. Tymi zewn\u0119trznymi dostawcami jest Google LLC, kt\u00f3ra ma siedzib\u0119 w USA i tam przetwarza dane. Zanim ustawimy pliki cookie i przeka\u017cemy Twoje dane do Google LLC, prosimy o Twoj\u0105 wyra\u017an\u0105 zgod\u0119 (art. 6 ust. 1 lit. a RODO w zwi\u0105zku z art. 49 ust. 1 lit. a RODO). Odpowiednie informacje na temat poszczeg\u00f3lnych plik\u00f3w cookie dotycz\u0105ce cel\u00f3w, kategorii danych i czasu przechowywania mo\u017cna znale\u017a\u0107 powy\u017cej w punkcie III. 3. Zgod\u0119 na pliki cookie mo\u017cna wycofa\u0107 w dowolnym momencie ze skutkiem na przysz\u0142o\u015b\u0107, usuwaj\u0105c je w przegl\u0105darce.    <\/p><h3><b>V. Jak d\u0142ugo dane osobowe b\u0119d\u0105 przechowywane?<\/b><\/h3><p>Pliki dziennika s\u0105 zazwyczaj przechowywane przez okres 14 dni. Po up\u0142ywie tego okresu pliki dziennika s\u0105 przechowywane wy\u0142\u0105cznie w celu zbadania nieprawid\u0142owo\u015bci lub incydent\u00f3w bezpiecze\u0144stwa w naszych systemach. Okres przechowywania plik\u00f3w cookie opisano w punkcie III.3 powy\u017cej.  <\/p><p>W przeciwnym razie przechowujemy dane osobowe u\u017cytkownika tylko tak d\u0142ugo, jak jest to konieczne do realizacji celu, dla kt\u00f3rego zosta\u0142y zgromadzone. W ka\u017cdym przypadku przechowujemy dane u\u017cytkownika przez czas trwania naszego stosunku umownego lub us\u0142ugowego z u\u017cytkownikiem. Ponadto przechowujemy dane osobowe u\u017cytkownika zgodnie z innymi ustawowymi okresami przechowywania. (np. obowi\u0105zek przechowywania wynikaj\u0105cy z prawa podatkowego zgodnie z \u00a7 132 (1) BAO: 7 lat, a nast\u0119pnie tak d\u0142ugo, jak s\u0105 one istotne dla organ\u00f3w podatkowych w tocz\u0105cym si\u0119 post\u0119powaniu \/ obowi\u0105zek przechowywania wynikaj\u0105cy z prawa sp\u00f3\u0142ek zgodnie z \u00a7 190, 212 UGB: 7 lat \/ obowi\u0105zek przechowywania wynikaj\u0105cy z prawa VAT dla faktur zgodnie z \u00a7 11 (2) UStG: 7 lat).   <\/p><h3><b>VI Jakie masz prawa do ochrony danych?<\/b><\/h3><p>W odniesieniu do swoich danych osobowych u\u017cytkownik ma prawo dost\u0119pu zgodnie z art. 15 RODO, prawo do sprostowania zgodnie z art. 16 RODO, prawo do usuni\u0119cia zgodnie z art. 17 RODO, prawo do ograniczenia przetwarzania zgodnie z art. 18 RODO, prawo do sprzeciwu zgodnie z art. 21 RODO oraz prawo do przenoszenia danych zgodnie z art. 20 RODO.<\/p><p>Je\u015bli przetwarzanie danych u\u017cytkownika odbywa si\u0119 na podstawie zgody, u\u017cytkownik ma prawo do wycofania zgody w dowolnym momencie bez wp\u0142ywu na zgodno\u015b\u0107 z prawem przetwarzania, kt\u00f3rego dokonano na podstawie zgody przed jej wycofaniem.<\/p><p>Nie ma zautomatyzowanego podejmowania decyzji w indywidualnych przypadkach ani profilowania w rozumieniu art. 22 RODO.<\/p><p>Wi\u0119cej informacji na temat swoich praw mo\u017cna znale\u017a\u0107 na stronie: <a href=\"https:\/\/www.dsb.gv.at\/rechte-der-betroffenen\">https:\/\/www.dsb.gv.at\/rechte-der-betroffenen.<\/a> Prosimy o dochodzenie swoich praw jako osoby, kt\u00f3rej dane dotycz\u0105, na stronie <a href=\"mailto:datenschutz@viridiuslab.com\">datenschutz@viridiuslab.com.<\/a> <\/p><p>Ponadto u\u017cytkownik ma prawo do z\u0142o\u017cenia skargi do w\u0142a\u015bciwego organu nadzorczego ds. ochrony danych (art. 77 RODO). W\u0142a\u015bciwym organem nadzorczym dla Austrii jest Urz\u0105d Ochrony Danych, Barichgasse 40- 42, 1030 Wiede\u0144[](https:\/\/www.dsb.gv.at\/). <\/p><p> <\/p>\t\t\t\t\t\t\t\t<\/div>\n\t\t\t\t<\/div>\n\t\t\t\t<\/div>\n\t\t\t\t\t<\/div>\n\t\t\t\t<\/div>\n\t\t\t\t<\/div>\n\t\t","protected":false},"excerpt":{"rendered":"<p>Polityka prywatno\u015bci POLITYKA PRYWATNO\u015aCI STRONY INTERNETOWEJ viridiusLAB AG (zwana dalej &#8222;viridius&#8221;, &#8222;viridiusLAB&#8221; lub &#8222;my&#8221;) jest administratorem danych w rozumieniu art. 4 ust. 7 og\u00f3lnego rozporz\u0105dzenia UE o ochronie danych (&#8222;RODO&#8221;) w odniesieniu do przetwarzania danych osobowych os\u00f3b odwiedzaj\u0105cych nasz\u0105 stron\u0119 internetow\u0105 www.viridiuslab.com (szczeg\u00f3\u0142owe informacje znajduj\u0105 si\u0119 w punkcie I). Zgodnie z art. 13 RODO, niniejsza&#8230;<\/p>\n","protected":false},"author":1,"featured_media":991569,"parent":0,"menu_order":0,"comment_status":"closed","ping_status":"closed","template":"","meta":{"_acf_changed":false,"_seowing_meta_title":"Ochrona danych osobowych | viridiusLAB AG","_seowing_meta_description":"Polityka ochrony danych osobowych viridiusLAB AG zgodnie z RODO. Informacje o przetwarzaniu danych osobowych na viridiuslab.com.","_seowing_focus_keyword":"ochrona danych RODO viridiusLAB","_seowing_canonical_url":"","_seowing_robots":"","_seowing_robots_noindex":false,"_seowing_robots_nofollow":false,"_seowing_seo_score":80,"_expert_id":0,"footnotes":""},"class_list":["post-991568","page","type-page","status-publish","has-post-thumbnail","hentry"],"acf":[],"_links":{"self":[{"href":"https:\/\/viridiuslab.com\/pl\/wp-json\/wp\/v2\/pages\/991568","targetHints":{"allow":["GET"]}}],"collection":[{"href":"https:\/\/viridiuslab.com\/pl\/wp-json\/wp\/v2\/pages"}],"about":[{"href":"https:\/\/viridiuslab.com\/pl\/wp-json\/wp\/v2\/types\/page"}],"author":[{"embeddable":true,"href":"https:\/\/viridiuslab.com\/pl\/wp-json\/wp\/v2\/users\/1"}],"replies":[{"embeddable":true,"href":"https:\/\/viridiuslab.com\/pl\/wp-json\/wp\/v2\/comments?post=991568"}],"version-history":[{"count":1,"href":"https:\/\/viridiuslab.com\/pl\/wp-json\/wp\/v2\/pages\/991568\/revisions"}],"predecessor-version":[{"id":991571,"href":"https:\/\/viridiuslab.com\/pl\/wp-json\/wp\/v2\/pages\/991568\/revisions\/991571"}],"wp:featuredmedia":[{"embeddable":true,"href":"https:\/\/viridiuslab.com\/pl\/wp-json\/wp\/v2\/media\/991569"}],"wp:attachment":[{"href":"https:\/\/viridiuslab.com\/pl\/wp-json\/wp\/v2\/media?parent=991568"}],"curies":[{"name":"wp","href":"https:\/\/api.w.org\/{rel}","templated":true}]}}