{"id":991547,"date":"2025-10-06T14:26:21","date_gmt":"2025-10-06T14:26:21","guid":{"rendered":"https:\/\/viridiuslab.com\/nadruk\/"},"modified":"2026-02-10T10:41:44","modified_gmt":"2026-02-10T10:41:44","slug":"nadruk","status":"publish","type":"page","link":"https:\/\/viridiuslab.com\/pl\/nadruk\/","title":{"rendered":"Nadruk"},"content":{"rendered":"\t\t<div data-elementor-type=\"wp-page\" data-elementor-id=\"991547\" class=\"elementor elementor-991547 elementor-988912\" data-elementor-post-type=\"page\">\n\t\t\t\t<div class=\"elementor-element elementor-element-ae590c9 e-flex e-con-boxed e-con e-parent\" data-id=\"ae590c9\" data-element_type=\"container\" data-e-type=\"container\">\n\t\t\t\t\t<div class=\"e-con-inner\">\n\t\t<div class=\"elementor-element elementor-element-d2a34a5 e-con-full e-flex e-con e-child\" data-id=\"d2a34a5\" data-element_type=\"container\" data-e-type=\"container\">\n\t\t\t\t<div class=\"elementor-element elementor-element-0430a27 animated-fast elementor-invisible elementor-widget elementor-widget-heading\" data-id=\"0430a27\" data-element_type=\"widget\" data-e-type=\"widget\" data-settings=\"{&quot;_animation&quot;:&quot;fadeIn&quot;,&quot;_animation_delay&quot;:50}\" data-widget_type=\"heading.default\">\n\t\t\t\t<div class=\"elementor-widget-container\">\n\t\t\t\t\t<h1 class=\"elementor-heading-title elementor-size-default\">Nadruk<\/h1>\t\t\t\t<\/div>\n\t\t\t\t<\/div>\n\t\t\t\t<div class=\"elementor-element elementor-element-b54d0c0 animated-fast elementor-invisible elementor-widget elementor-widget-heading\" data-id=\"b54d0c0\" data-element_type=\"widget\" data-e-type=\"widget\" data-settings=\"{&quot;_animation&quot;:&quot;fadeIn&quot;,&quot;_animation_delay&quot;:50}\" data-widget_type=\"heading.default\">\n\t\t\t\t<div class=\"elementor-widget-container\">\n\t\t\t\t\t<div class=\"elementor-heading-title elementor-size-default\">INFORMACJE PRAWNE<\/div>\t\t\t\t<\/div>\n\t\t\t\t<\/div>\n\t\t\t\t<div class=\"vamtam-has-theme-widget-styles elementor-element elementor-element-906566f elementor-widget__width-inherit elementor-widget elementor-widget-text-editor\" data-id=\"906566f\" data-element_type=\"widget\" data-e-type=\"widget\" data-widget_type=\"text-editor.default\">\n\t\t\t\t<div class=\"elementor-widget-container\">\n\t\t\t\t\t\t\t\t\t<p class=\"p1\">viridiusLAB AG<br><br>Jasomirgottstra\u00dfe 6\/5<br>1010 Wiede\u0144<br>+43 (1) 909 34 40<br><a href=\"mailto:office@viridiuslab.com\">office@viridiuslab.com<\/a><br><a href=\"http:\/\/www.viridiuslab.com\">www.viridiuslab.com<\/a><br><br>Upowa\u017cniony przedstawiciel Zarz\u0105du: Marcello Nicoloso<br><br>Numer UID: ATU76840769 Numer rejestracyjny firmy to FN 551300k<br><br>Wiede\u0144ski S\u0105d Gospodarczy<br>Cz\u0142onek WK\u00d6<br><br>Holding laboratori\u00f3w badawczych<br><br>Konsumenci maj\u0105 mo\u017cliwo\u015b\u0107 sk\u0142adania skarg na unijnej platformie internetowego rozstrzygania spor\u00f3w: http:\/\/ec.europa.eu lub mog\u0105 r\u00f3wnie\u017c wysy\u0142a\u0107 skargi na adres e-mail podany powy\u017cej.<\/p>\t\t\t\t\t\t\t\t<\/div>\n\t\t\t\t<\/div>\n\t\t\t\t<\/div>\n\t\t\t\t\t<\/div>\n\t\t\t\t<\/div>\n\t\t\t\t<\/div>\n\t\t","protected":false},"excerpt":{"rendered":"<p>Nadruk INFORMACJE PRAWNE viridiusLAB AG Jasomirgottstra\u00dfe 6\/51010 Wiede\u0144+43 (1) 909 34 40office@viridiuslab.comwww.viridiuslab.com Upowa\u017cniony przedstawiciel Zarz\u0105du: Marcello Nicoloso Numer UID: ATU76840769 Numer rejestracyjny firmy to FN 551300k Wiede\u0144ski S\u0105d GospodarczyCz\u0142onek WK\u00d6 Holding laboratori\u00f3w badawczych Konsumenci maj\u0105 mo\u017cliwo\u015b\u0107 sk\u0142adania skarg na unijnej platformie internetowego rozstrzygania spor\u00f3w: http:\/\/ec.europa.eu lub mog\u0105 r\u00f3wnie\u017c wysy\u0142a\u0107 skargi na adres e-mail podany powy\u017cej.<\/p>\n","protected":false},"author":1,"featured_media":991548,"parent":0,"menu_order":0,"comment_status":"closed","ping_status":"closed","template":"","meta":{"_acf_changed":false,"_seowing_meta_title":"Nota prawna | viridiusLAB AG","_seowing_meta_description":"Nota prawna viridiusLAB AG, Jasomirgottstra\u00dfe 6\/5, 1010 Wiede\u0144. Numer KRS, zarz\u0105d i informacje prawne.","_seowing_focus_keyword":"nota prawna viridiusLAB","_seowing_canonical_url":"","_seowing_robots":"","_seowing_robots_noindex":false,"_seowing_robots_nofollow":false,"_seowing_seo_score":60,"_expert_id":0,"footnotes":""},"class_list":["post-991547","page","type-page","status-publish","has-post-thumbnail","hentry"],"acf":[],"_links":{"self":[{"href":"https:\/\/viridiuslab.com\/pl\/wp-json\/wp\/v2\/pages\/991547","targetHints":{"allow":["GET"]}}],"collection":[{"href":"https:\/\/viridiuslab.com\/pl\/wp-json\/wp\/v2\/pages"}],"about":[{"href":"https:\/\/viridiuslab.com\/pl\/wp-json\/wp\/v2\/types\/page"}],"author":[{"embeddable":true,"href":"https:\/\/viridiuslab.com\/pl\/wp-json\/wp\/v2\/users\/1"}],"replies":[{"embeddable":true,"href":"https:\/\/viridiuslab.com\/pl\/wp-json\/wp\/v2\/comments?post=991547"}],"version-history":[{"count":1,"href":"https:\/\/viridiuslab.com\/pl\/wp-json\/wp\/v2\/pages\/991547\/revisions"}],"predecessor-version":[{"id":991550,"href":"https:\/\/viridiuslab.com\/pl\/wp-json\/wp\/v2\/pages\/991547\/revisions\/991550"}],"wp:featuredmedia":[{"embeddable":true,"href":"https:\/\/viridiuslab.com\/pl\/wp-json\/wp\/v2\/media\/991548"}],"wp:attachment":[{"href":"https:\/\/viridiuslab.com\/pl\/wp-json\/wp\/v2\/media?parent=991547"}],"curies":[{"name":"wp","href":"https:\/\/api.w.org\/{rel}","templated":true}]}}