{"id":991587,"date":"2025-11-13T20:33:07","date_gmt":"2025-11-13T20:33:07","guid":{"rendered":"https:\/\/viridiuslab.com\/repubblica-ceca\/"},"modified":"2026-02-10T10:41:51","modified_gmt":"2026-02-10T10:41:51","slug":"repubblica-ceca","status":"publish","type":"page","link":"https:\/\/viridiuslab.com\/it\/repubblica-ceca\/","title":{"rendered":"Repubblica Ceca"},"content":{"rendered":"\t\t<div data-elementor-type=\"wp-page\" data-elementor-id=\"991587\" class=\"elementor elementor-991587 elementor-989426\" data-elementor-post-type=\"page\">\n\t\t\t\t<div class=\"elementor-element elementor-element-ae590c9 e-flex e-con-boxed e-con e-parent\" data-id=\"ae590c9\" data-element_type=\"container\" data-e-type=\"container\">\n\t\t\t\t\t<div class=\"e-con-inner\">\n\t\t<div class=\"elementor-element elementor-element-d2a34a5 e-con-full e-flex e-con e-child\" data-id=\"d2a34a5\" data-element_type=\"container\" data-e-type=\"container\">\n\t\t\t\t<div class=\"elementor-element elementor-element-0430a27 animated-fast elementor-invisible elementor-widget elementor-widget-heading\" data-id=\"0430a27\" data-element_type=\"widget\" data-e-type=\"widget\" data-settings=\"{&quot;_animation&quot;:&quot;fadeIn&quot;,&quot;_animation_delay&quot;:50}\" data-widget_type=\"heading.default\">\n\t\t\t\t<div class=\"elementor-widget-container\">\n\t\t\t\t\t<h1 class=\"elementor-heading-title elementor-size-default\">Laboratori partner del viridiusLAB nella Repubblica Ceca\n<\/h1>\t\t\t\t<\/div>\n\t\t\t\t<\/div>\n\t\t\t\t<div class=\"vamtam-has-theme-widget-styles elementor-element elementor-element-906566f elementor-widget__width-inherit elementor-widget elementor-widget-text-editor\" data-id=\"906566f\" data-element_type=\"widget\" data-e-type=\"widget\" data-widget_type=\"text-editor.default\">\n\t\t\t\t<div class=\"elementor-widget-container\">\n\t\t\t\t\t\t\t\t\t<p>La Repubblica Ceca \u00e8 un&#8217;importante sede della rete viridiusLAB. I nostri laboratori partner supportano l&#8217;industria, la ricerca e le istituzioni pubbliche con un&#8217;ampia gamma di analisi moderne, dai test chimici e microbiologici alle analisi dei materiali, degli alimenti e dell&#8217;ambiente. Tutti gli istituti lavorano secondo standard internazionali come la DIN EN ISO\/IEC 17025 e garantiscono risultati precisi, riproducibili e conformi alla legge per un&#8217;ampia gamma di applicazioni.  <\/p>\t\t\t\t\t\t\t\t<\/div>\n\t\t\t\t<\/div>\n\t\t\t\t<\/div>\n\t\t\t\t\t<\/div>\n\t\t\t\t<\/div>\n\t\t<div class=\"elementor-element elementor-element-2e5d8fc e-con-full e-flex e-con e-parent\" data-id=\"2e5d8fc\" data-element_type=\"container\" data-e-type=\"container\">\n\t\t<div class=\"elementor-element elementor-element-479c1be e-flex e-con-boxed e-con e-child\" data-id=\"479c1be\" data-element_type=\"container\" data-e-type=\"container\" data-settings=\"{&quot;background_background&quot;:&quot;classic&quot;}\">\n\t\t\t\t\t<div class=\"e-con-inner\">\n\t\t\t\t<div class=\"vamtam-has-theme-widget-styles elementor-element elementor-element-4c074bb elementor-grid-3 elementor-grid-tablet-2 elementor-grid-mobile-1 elementor-widget elementor-widget-loop-grid\" data-id=\"4c074bb\" data-element_type=\"widget\" data-e-type=\"widget\" id=\"lab-card\" data-settings=\"{&quot;template_id&quot;:991336,&quot;columns&quot;:3,&quot;row_gap&quot;:{&quot;unit&quot;:&quot;px&quot;,&quot;size&quot;:100,&quot;sizes&quot;:[]},&quot;_skin&quot;:&quot;post&quot;,&quot;columns_tablet&quot;:&quot;2&quot;,&quot;columns_mobile&quot;:&quot;1&quot;,&quot;edit_handle_selector&quot;:&quot;[data-elementor-type=\\&quot;loop-item\\&quot;]&quot;,&quot;row_gap_tablet&quot;:{&quot;unit&quot;:&quot;px&quot;,&quot;size&quot;:&quot;&quot;,&quot;sizes&quot;:[]},&quot;row_gap_mobile&quot;:{&quot;unit&quot;:&quot;px&quot;,&quot;size&quot;:&quot;&quot;,&quot;sizes&quot;:[]}}\" data-widget_type=\"loop-grid.post\">\n\t\t\t\t<div class=\"elementor-widget-container\">\n\t\t\t\t\t\t\t<div class=\"elementor-loop-container elementor-grid\" role=\"list\">\n\t\t<style id=\"loop-991336\">.elementor-991336 .elementor-element.elementor-element-cc4c972{--display:flex;--border-radius:16px 16px 16px 16px;box-shadow:0px 9px 5px -8px rgba(0,0,0,0.5);--padding-top:25px;--padding-bottom:25px;--padding-left:25px;--padding-right:25px;}.elementor-991336 .elementor-element.elementor-element-cc4c972:not(.elementor-motion-effects-element-type-background), .elementor-991336 .elementor-element.elementor-element-cc4c972 > .elementor-motion-effects-container > .elementor-motion-effects-layer{background-color:var( --e-global-color-vamtam_accent_5 );}.elementor-991336 .elementor-element.elementor-element-b8f931a{--display:flex;--padding-top:0px;--padding-bottom:20px;--padding-left:0px;--padding-right:0px;}.elementor-991336 .elementor-element.elementor-element-fbe234d{--spacer-size:20px;}.elementor-991336 .elementor-element.elementor-element-5a3dd27{text-align:start;}.elementor-991336 .elementor-element.elementor-element-5a3dd27 img{width:100%;height:50px;object-fit:contain;object-position:center left;}.elementor-991336 .elementor-element.elementor-element-68e1fa3{--display:flex;--justify-content:flex-start;--padding-top:0px;--padding-bottom:0px;--padding-left:0px;--padding-right:0px;}.elementor-991336 .elementor-element.elementor-element-0048955 .elementor-heading-title{font-family:var( --e-global-typography-vamtam_h5-font-family ), Sans-serif;font-size:var( --e-global-typography-vamtam_h5-font-size );font-weight:var( --e-global-typography-vamtam_h5-font-weight );text-transform:var( --e-global-typography-vamtam_h5-text-transform );line-height:var( --e-global-typography-vamtam_h5-line-height );letter-spacing:var( --e-global-typography-vamtam_h5-letter-spacing );}.elementor-991336 .elementor-element.elementor-element-bb5acd1{--display:flex;--padding-top:0px;--padding-bottom:0px;--padding-left:0px;--padding-right:0px;}.elementor-991336 .elementor-element.elementor-element-a0922e8{--display:flex;--padding-top:20px;--padding-bottom:0px;--padding-left:0px;--padding-right:0px;}.elementor-991336 .elementor-element.elementor-element-4f229e8 .elementor-button-content-wrapper{flex-direction:row-reverse;}@media(max-width:1024px){.elementor-991336 .elementor-element.elementor-element-cc4c972{--justify-content:flex-start;}.elementor-991336 .elementor-element.elementor-element-0048955 .elementor-heading-title{font-size:var( --e-global-typography-vamtam_h5-font-size );line-height:var( --e-global-typography-vamtam_h5-line-height );letter-spacing:var( --e-global-typography-vamtam_h5-letter-spacing );}}@media(min-width:768px){.elementor-991336 .elementor-element.elementor-element-cc4c972{--width:100%;}}@media(max-width:1024px) and (min-width:768px){.elementor-991336 .elementor-element.elementor-element-cc4c972{--width:100%;}}@media(max-width:767px){.elementor-991336 .elementor-element.elementor-element-cc4c972{--width:calc( 100% - 0px);}.elementor-991336 .elementor-element.elementor-element-0048955 .elementor-heading-title{font-size:var( --e-global-typography-vamtam_h5-font-size );line-height:var( --e-global-typography-vamtam_h5-line-height );letter-spacing:var( --e-global-typography-vamtam_h5-letter-spacing );}}<\/style>\t\t<div data-elementor-type=\"loop-item\" data-elementor-id=\"991336\" class=\"elementor elementor-991336 elementor-11943 elementor-11943 e-loop-item e-loop-item-990887 post-990887 labor type-labor status-publish format-standard has-post-thumbnail hentry category-acqua category-cibo category-prodotti-farmaceutici category-repubblica-ceca\" data-elementor-post-type=\"elementor_library\" data-custom-edit-handle=\"1\">\n\t\t\t<a class=\"elementor-element elementor-element-cc4c972 e-con-full e-flex e-con e-parent\" data-id=\"cc4c972\" data-element_type=\"container\" data-e-type=\"container\" id=\"lab-card\" data-settings=\"{&quot;background_background&quot;:&quot;classic&quot;}\" href=\"https:\/\/viridiuslab.com\/it\/labor\/ekocentrum-ovalab-s-r-o\/\">\n\t\t<div class=\"elementor-element elementor-element-b8f931a e-flex e-con-boxed e-con e-child\" data-id=\"b8f931a\" data-element_type=\"container\" data-e-type=\"container\">\n\t\t\t\t\t<div class=\"e-con-inner\">\n\t\t\t\t<div class=\"elementor-element elementor-element-fbe234d elementor-widget elementor-widget-spacer\" data-id=\"fbe234d\" data-element_type=\"widget\" data-e-type=\"widget\" data-widget_type=\"spacer.default\">\n\t\t\t\t<div class=\"elementor-widget-container\">\n\t\t\t\t\t\t\t<div class=\"elementor-spacer\">\n\t\t\t<div class=\"elementor-spacer-inner\"><\/div>\n\t\t<\/div>\n\t\t\t\t\t\t<\/div>\n\t\t\t\t<\/div>\n\t\t\t\t<div class=\"elementor-element elementor-element-5a3dd27 elementor-widget elementor-widget-image\" data-id=\"5a3dd27\" data-element_type=\"widget\" data-e-type=\"widget\" data-widget_type=\"image.default\">\n\t\t\t\t<div class=\"elementor-widget-container\">\n\t\t\t\t\t\t\t\t\t\t\t\t\t\t\t<img fetchpriority=\"high\" decoding=\"async\" width=\"1024\" height=\"254\" src=\"https:\/\/viridiuslab.com\/wp-content\/uploads\/2025\/09\/Ovalab_Logo_rgb-1-1024x254.webp\" class=\"attachment-large size-large wp-image-990888\" alt=\"Ovalab_Logo_rgb (1)\" srcset=\"https:\/\/viridiuslab.com\/wp-content\/uploads\/2025\/09\/Ovalab_Logo_rgb-1-1024x254.webp 1024w, https:\/\/viridiuslab.com\/wp-content\/uploads\/2025\/09\/Ovalab_Logo_rgb-1-300x74.webp 300w, https:\/\/viridiuslab.com\/wp-content\/uploads\/2025\/09\/Ovalab_Logo_rgb-1-768x190.webp 768w, https:\/\/viridiuslab.com\/wp-content\/uploads\/2025\/09\/Ovalab_Logo_rgb-1-1536x380.webp 1536w, https:\/\/viridiuslab.com\/wp-content\/uploads\/2025\/09\/Ovalab_Logo_rgb-1.webp 1555w\" sizes=\"(max-width: 1024px) 100vw, 1024px\" \/>\t\t\t\t\t\t\t\t\t\t\t\t\t\t\t<\/div>\n\t\t\t\t<\/div>\n\t\t\t\t\t<\/div>\n\t\t\t\t<\/div>\n\t\t<div class=\"elementor-element elementor-element-68e1fa3 e-flex e-con-boxed e-con e-child\" data-id=\"68e1fa3\" data-element_type=\"container\" data-e-type=\"container\">\n\t\t\t\t\t<div class=\"e-con-inner\">\n\t\t\t\t<div class=\"elementor-element elementor-element-0048955 elementor-widget elementor-widget-heading\" data-id=\"0048955\" data-element_type=\"widget\" data-e-type=\"widget\" data-widget_type=\"heading.default\">\n\t\t\t\t<div class=\"elementor-widget-container\">\n\t\t\t\t\t<h2 class=\"elementor-heading-title elementor-size-default\">EKOCENTRUM OVALAB, s.r.o.<\/h2>\t\t\t\t<\/div>\n\t\t\t\t<\/div>\n\t\t\t\t<div class=\"vamtam-has-theme-widget-styles elementor-element elementor-element-a2d0e61 elementor-widget elementor-widget-text-editor\" data-id=\"a2d0e61\" data-element_type=\"widget\" data-e-type=\"widget\" data-widget_type=\"text-editor.default\">\n\t\t\t\t<div class=\"elementor-widget-container\">\n\t\t\t\t\t\t\t\t\tEkocentrum Ovalab s.r.o. \u00e8 un laboratorio di analisi chimiche accreditato per alimenti, mangimi e integratori alimentari secondo la norma EN ISO\/IEC 17025 ed \u00e8 anche certificato GMP per l&#8217;analisi dei prodotti farmaceutici e supporta la produzione farmaceutica nell&#8217;assicurazione della qualit\u00e0 e nell&#8217;analisi delle materie prime. \t\t\t\t\t\t\t\t<\/div>\n\t\t\t\t<\/div>\n\t\t\t\t\t<\/div>\n\t\t\t\t<\/div>\n\t\t\t\t<\/a>\n\t\t<div class=\"elementor-element elementor-element-bb5acd1 e-flex e-con-boxed e-con e-parent\" data-id=\"bb5acd1\" data-element_type=\"container\" data-e-type=\"container\">\n\t\t\t\t\t<div class=\"e-con-inner\">\n\t\t<div class=\"elementor-element elementor-element-a0922e8 e-flex e-con-boxed e-con e-child\" data-id=\"a0922e8\" data-element_type=\"container\" data-e-type=\"container\">\n\t\t\t\t\t<div class=\"e-con-inner\">\n\t\t\t\t<div class=\"vamtam-has-theme-widget-styles elementor-element elementor-element-4f229e8 layout-row-reverse elementor-widget elementor-widget-button\" data-id=\"4f229e8\" data-element_type=\"widget\" data-e-type=\"widget\" data-widget_type=\"button.default\">\n\t\t\t\t<div class=\"elementor-widget-container\">\n\t\t\t\t\t\t\t\t\t<div class=\"elementor-button-wrapper\">\n\t\t\t\t\t<a class=\"elementor-button elementor-button-link elementor-size-sm\" href=\"https:\/\/viridiuslab.com\/it\/labor\/ekocentrum-ovalab-s-r-o\/\">\n\t\t\t\t\t\t<span class=\"elementor-button-content-wrapper\">\n\t\t\t\t\t\t<span class=\"elementor-button-icon\">\n\t\t\t\t<i aria-hidden=\"true\" class=\"vamtamtheme- vamtam-theme-arrow-right\"><\/i>\t\t\t<\/span>\n\t\t\t\t\t\t\t\t\t<span class=\"elementor-button-text\">Per saperne di pi\u00f9<\/span>\n\t\t\t\t\t<\/span>\n\t\t\t\t\t<\/a>\n\t\t\t\t<\/div>\n\t\t\t\t\t\t\t\t<\/div>\n\t\t\t\t<\/div>\n\t\t\t\t\t<\/div>\n\t\t\t\t<\/div>\n\t\t\t\t\t<\/div>\n\t\t\t\t<\/div>\n\t\t\t\t<\/div>\n\t\t\t\t<div data-elementor-type=\"loop-item\" data-elementor-id=\"991336\" class=\"elementor elementor-991336 elementor-11943 elementor-11943 e-loop-item e-loop-item-990866 post-990866 labor type-labor status-publish format-standard has-post-thumbnail hentry category-acqua category-biocidi-e-protezione-delle-piante category-cibo category-piano category-repubblica-ceca\" data-elementor-post-type=\"elementor_library\" data-custom-edit-handle=\"1\">\n\t\t\t<a class=\"elementor-element elementor-element-cc4c972 e-con-full e-flex e-con e-parent\" data-id=\"cc4c972\" data-element_type=\"container\" data-e-type=\"container\" id=\"lab-card\" data-settings=\"{&quot;background_background&quot;:&quot;classic&quot;}\" href=\"https:\/\/viridiuslab.com\/it\/labor\/litolab-spol-s-r-o\/\">\n\t\t<div class=\"elementor-element elementor-element-b8f931a e-flex e-con-boxed e-con e-child\" data-id=\"b8f931a\" data-element_type=\"container\" data-e-type=\"container\">\n\t\t\t\t\t<div class=\"e-con-inner\">\n\t\t\t\t<div class=\"elementor-element elementor-element-fbe234d elementor-widget elementor-widget-spacer\" data-id=\"fbe234d\" data-element_type=\"widget\" data-e-type=\"widget\" data-widget_type=\"spacer.default\">\n\t\t\t\t<div class=\"elementor-widget-container\">\n\t\t\t\t\t\t\t<div class=\"elementor-spacer\">\n\t\t\t<div class=\"elementor-spacer-inner\"><\/div>\n\t\t<\/div>\n\t\t\t\t\t\t<\/div>\n\t\t\t\t<\/div>\n\t\t\t\t<div class=\"elementor-element elementor-element-5a3dd27 elementor-widget elementor-widget-image\" data-id=\"5a3dd27\" data-element_type=\"widget\" data-e-type=\"widget\" data-widget_type=\"image.default\">\n\t\t\t\t<div class=\"elementor-widget-container\">\n\t\t\t\t\t\t\t\t\t\t\t\t\t\t\t<img decoding=\"async\" width=\"1024\" height=\"285\" src=\"https:\/\/viridiuslab.com\/wp-content\/uploads\/2023\/11\/Litolab-Logo-1024x285.webp\" class=\"attachment-large size-large wp-image-990867\" alt=\"Logo Litolab\" srcset=\"https:\/\/viridiuslab.com\/wp-content\/uploads\/2023\/11\/Litolab-Logo-1024x285.webp 1024w, https:\/\/viridiuslab.com\/wp-content\/uploads\/2023\/11\/Litolab-Logo-300x84.webp 300w, https:\/\/viridiuslab.com\/wp-content\/uploads\/2023\/11\/Litolab-Logo-768x214.webp 768w, https:\/\/viridiuslab.com\/wp-content\/uploads\/2023\/11\/Litolab-Logo-1536x428.webp 1536w, https:\/\/viridiuslab.com\/wp-content\/uploads\/2023\/11\/Litolab-Logo-2048x570.webp 2048w, https:\/\/viridiuslab.com\/wp-content\/uploads\/2023\/11\/Litolab-Logo-770x214.webp 770w\" sizes=\"(max-width: 1024px) 100vw, 1024px\" \/>\t\t\t\t\t\t\t\t\t\t\t\t\t\t\t<\/div>\n\t\t\t\t<\/div>\n\t\t\t\t\t<\/div>\n\t\t\t\t<\/div>\n\t\t<div class=\"elementor-element elementor-element-68e1fa3 e-flex e-con-boxed e-con e-child\" data-id=\"68e1fa3\" data-element_type=\"container\" data-e-type=\"container\">\n\t\t\t\t\t<div class=\"e-con-inner\">\n\t\t\t\t<div class=\"elementor-element elementor-element-0048955 elementor-widget elementor-widget-heading\" data-id=\"0048955\" data-element_type=\"widget\" data-e-type=\"widget\" data-widget_type=\"heading.default\">\n\t\t\t\t<div class=\"elementor-widget-container\">\n\t\t\t\t\t<h2 class=\"elementor-heading-title elementor-size-default\">LITOLAB, spol. s r.o.<\/h2>\t\t\t\t<\/div>\n\t\t\t\t<\/div>\n\t\t\t\t<div class=\"vamtam-has-theme-widget-styles elementor-element elementor-element-a2d0e61 elementor-widget elementor-widget-text-editor\" data-id=\"a2d0e61\" data-element_type=\"widget\" data-e-type=\"widget\" data-widget_type=\"text-editor.default\">\n\t\t\t\t<div class=\"elementor-widget-container\">\n\t\t\t\t\t\t\t\t\tLitolab s.r.o. offre un portafoglio completo di analisi ambientali, dal campionamento ai rapporti di prova con raccomandazioni per l&#8217;azione.\t\t\t\t\t\t\t\t<\/div>\n\t\t\t\t<\/div>\n\t\t\t\t\t<\/div>\n\t\t\t\t<\/div>\n\t\t\t\t<\/a>\n\t\t<div class=\"elementor-element elementor-element-bb5acd1 e-flex e-con-boxed e-con e-parent\" data-id=\"bb5acd1\" data-element_type=\"container\" data-e-type=\"container\">\n\t\t\t\t\t<div class=\"e-con-inner\">\n\t\t<div class=\"elementor-element elementor-element-a0922e8 e-flex e-con-boxed e-con e-child\" data-id=\"a0922e8\" data-element_type=\"container\" data-e-type=\"container\">\n\t\t\t\t\t<div class=\"e-con-inner\">\n\t\t\t\t<div class=\"vamtam-has-theme-widget-styles elementor-element elementor-element-4f229e8 layout-row-reverse elementor-widget elementor-widget-button\" data-id=\"4f229e8\" data-element_type=\"widget\" data-e-type=\"widget\" data-widget_type=\"button.default\">\n\t\t\t\t<div class=\"elementor-widget-container\">\n\t\t\t\t\t\t\t\t\t<div class=\"elementor-button-wrapper\">\n\t\t\t\t\t<a class=\"elementor-button elementor-button-link elementor-size-sm\" href=\"https:\/\/viridiuslab.com\/it\/labor\/litolab-spol-s-r-o\/\">\n\t\t\t\t\t\t<span class=\"elementor-button-content-wrapper\">\n\t\t\t\t\t\t<span class=\"elementor-button-icon\">\n\t\t\t\t<i aria-hidden=\"true\" class=\"vamtamtheme- vamtam-theme-arrow-right\"><\/i>\t\t\t<\/span>\n\t\t\t\t\t\t\t\t\t<span class=\"elementor-button-text\">Per saperne di pi\u00f9<\/span>\n\t\t\t\t\t<\/span>\n\t\t\t\t\t<\/a>\n\t\t\t\t<\/div>\n\t\t\t\t\t\t\t\t<\/div>\n\t\t\t\t<\/div>\n\t\t\t\t\t<\/div>\n\t\t\t\t<\/div>\n\t\t\t\t\t<\/div>\n\t\t\t\t<\/div>\n\t\t\t\t<\/div>\n\t\t\t\t<div data-elementor-type=\"loop-item\" data-elementor-id=\"991336\" class=\"elementor elementor-991336 elementor-11943 elementor-11943 e-loop-item e-loop-item-992170 post-992170 labor type-labor status-publish format-standard has-post-thumbnail hentry category-acqua category-consulenza category-piano category-repubblica-ceca\" data-elementor-post-type=\"elementor_library\" data-custom-edit-handle=\"1\">\n\t\t\t<a class=\"elementor-element elementor-element-cc4c972 e-con-full e-flex e-con e-parent\" data-id=\"cc4c972\" data-element_type=\"container\" data-e-type=\"container\" id=\"lab-card\" data-settings=\"{&quot;background_background&quot;:&quot;classic&quot;}\" href=\"https:\/\/viridiuslab.com\/it\/labor\/vz-lab-s-r-o\/\">\n\t\t<div class=\"elementor-element elementor-element-b8f931a e-flex e-con-boxed e-con e-child\" data-id=\"b8f931a\" data-element_type=\"container\" data-e-type=\"container\">\n\t\t\t\t\t<div class=\"e-con-inner\">\n\t\t\t\t<div class=\"elementor-element elementor-element-fbe234d elementor-widget elementor-widget-spacer\" data-id=\"fbe234d\" data-element_type=\"widget\" data-e-type=\"widget\" data-widget_type=\"spacer.default\">\n\t\t\t\t<div class=\"elementor-widget-container\">\n\t\t\t\t\t\t\t<div class=\"elementor-spacer\">\n\t\t\t<div class=\"elementor-spacer-inner\"><\/div>\n\t\t<\/div>\n\t\t\t\t\t\t<\/div>\n\t\t\t\t<\/div>\n\t\t\t\t<div class=\"elementor-element elementor-element-5a3dd27 elementor-widget elementor-widget-image\" data-id=\"5a3dd27\" data-element_type=\"widget\" data-e-type=\"widget\" data-widget_type=\"image.default\">\n\t\t\t\t<div class=\"elementor-widget-container\">\n\t\t\t\t\t\t\t\t\t\t\t\t\t\t\t<img decoding=\"async\" width=\"1024\" height=\"337\" src=\"https:\/\/viridiuslab.com\/wp-content\/uploads\/2023\/08\/VZ-Lab-Logo-1024x337.webp\" class=\"attachment-large size-large wp-image-992174\" alt=\"Logo VZ Lab\" srcset=\"https:\/\/viridiuslab.com\/wp-content\/uploads\/2023\/08\/VZ-Lab-Logo-1024x337.webp 1024w, https:\/\/viridiuslab.com\/wp-content\/uploads\/2023\/08\/VZ-Lab-Logo-300x99.webp 300w, https:\/\/viridiuslab.com\/wp-content\/uploads\/2023\/08\/VZ-Lab-Logo-768x253.webp 768w, https:\/\/viridiuslab.com\/wp-content\/uploads\/2023\/08\/VZ-Lab-Logo-1536x505.webp 1536w, https:\/\/viridiuslab.com\/wp-content\/uploads\/2023\/08\/VZ-Lab-Logo-2048x674.webp 2048w, https:\/\/viridiuslab.com\/wp-content\/uploads\/2023\/08\/VZ-Lab-Logo-770x253.webp 770w\" sizes=\"(max-width: 1024px) 100vw, 1024px\" \/>\t\t\t\t\t\t\t\t\t\t\t\t\t\t\t<\/div>\n\t\t\t\t<\/div>\n\t\t\t\t\t<\/div>\n\t\t\t\t<\/div>\n\t\t<div class=\"elementor-element elementor-element-68e1fa3 e-flex e-con-boxed e-con e-child\" data-id=\"68e1fa3\" data-element_type=\"container\" data-e-type=\"container\">\n\t\t\t\t\t<div class=\"e-con-inner\">\n\t\t\t\t<div class=\"elementor-element elementor-element-0048955 elementor-widget elementor-widget-heading\" data-id=\"0048955\" data-element_type=\"widget\" data-e-type=\"widget\" data-widget_type=\"heading.default\">\n\t\t\t\t<div class=\"elementor-widget-container\">\n\t\t\t\t\t<h2 class=\"elementor-heading-title elementor-size-default\">VZ lab s.r.o.<\/h2>\t\t\t\t<\/div>\n\t\t\t\t<\/div>\n\t\t\t\t<div class=\"vamtam-has-theme-widget-styles elementor-element elementor-element-a2d0e61 elementor-widget elementor-widget-text-editor\" data-id=\"a2d0e61\" data-element_type=\"widget\" data-e-type=\"widget\" data-widget_type=\"text-editor.default\">\n\t\t\t\t<div class=\"elementor-widget-container\">\n\t\t\t\t\t\t\t\t\tVZ lab s.r.o. offre campionamenti accreditati per acqua, suolo, fanghi, sedimenti e rifiuti, combinati con servizi di analisi di alta qualit\u00e0, approccio individuale al cliente, velocit\u00e0, flessibilit\u00e0 e prezzi equi.\t\t\t\t\t\t\t\t<\/div>\n\t\t\t\t<\/div>\n\t\t\t\t\t<\/div>\n\t\t\t\t<\/div>\n\t\t\t\t<\/a>\n\t\t<div class=\"elementor-element elementor-element-bb5acd1 e-flex e-con-boxed e-con e-parent\" data-id=\"bb5acd1\" data-element_type=\"container\" data-e-type=\"container\">\n\t\t\t\t\t<div class=\"e-con-inner\">\n\t\t<div class=\"elementor-element elementor-element-a0922e8 e-flex e-con-boxed e-con e-child\" data-id=\"a0922e8\" data-element_type=\"container\" data-e-type=\"container\">\n\t\t\t\t\t<div class=\"e-con-inner\">\n\t\t\t\t<div class=\"vamtam-has-theme-widget-styles elementor-element elementor-element-4f229e8 layout-row-reverse elementor-widget elementor-widget-button\" data-id=\"4f229e8\" data-element_type=\"widget\" data-e-type=\"widget\" data-widget_type=\"button.default\">\n\t\t\t\t<div class=\"elementor-widget-container\">\n\t\t\t\t\t\t\t\t\t<div class=\"elementor-button-wrapper\">\n\t\t\t\t\t<a class=\"elementor-button elementor-button-link elementor-size-sm\" href=\"https:\/\/viridiuslab.com\/it\/labor\/vz-lab-s-r-o\/\">\n\t\t\t\t\t\t<span class=\"elementor-button-content-wrapper\">\n\t\t\t\t\t\t<span class=\"elementor-button-icon\">\n\t\t\t\t<i aria-hidden=\"true\" class=\"vamtamtheme- vamtam-theme-arrow-right\"><\/i>\t\t\t<\/span>\n\t\t\t\t\t\t\t\t\t<span class=\"elementor-button-text\">Per saperne di pi\u00f9<\/span>\n\t\t\t\t\t<\/span>\n\t\t\t\t\t<\/a>\n\t\t\t\t<\/div>\n\t\t\t\t\t\t\t\t<\/div>\n\t\t\t\t<\/div>\n\t\t\t\t\t<\/div>\n\t\t\t\t<\/div>\n\t\t\t\t\t<\/div>\n\t\t\t\t<\/div>\n\t\t\t\t<\/div>\n\t\t\t\t<\/div>\n\t\t\n\t\t\t\t\t\t<\/div>\n\t\t\t\t<\/div>\n\t\t\t\t\t<\/div>\n\t\t\t\t<\/div>\n\t\t\t\t<\/div>\n\t\t\t\t<\/div>\n\t\t","protected":false},"excerpt":{"rendered":"<p>Laboratori partner del viridiusLAB nella Repubblica Ceca La Repubblica Ceca \u00e8 un&#8217;importante sede della rete viridiusLAB. I nostri laboratori partner supportano l&#8217;industria, la ricerca e le istituzioni pubbliche con un&#8217;ampia gamma di analisi moderne, dai test chimici e microbiologici alle analisi dei materiali, degli alimenti e dell&#8217;ambiente. Tutti gli istituti lavorano secondo standard internazionali come&#8230;<\/p>\n","protected":false},"author":1,"featured_media":990894,"parent":0,"menu_order":0,"comment_status":"closed","ping_status":"closed","template":"","meta":{"_acf_changed":false,"_seowing_meta_title":"Laboratori in Repubblica Ceca | viridiusLAB Sedi","_seowing_meta_description":"Laboratori viridiusLAB in Repubblica Ceca: laboratori di prova accreditati per analitica ambientale, idrica e alimentare.","_seowing_focus_keyword":"laboratori Repubblica Ceca","_seowing_canonical_url":"","_seowing_robots":"","_seowing_robots_noindex":false,"_seowing_robots_nofollow":false,"_seowing_seo_score":53,"_expert_id":0,"footnotes":""},"class_list":["post-991587","page","type-page","status-publish","has-post-thumbnail","hentry"],"acf":[],"_links":{"self":[{"href":"https:\/\/viridiuslab.com\/it\/wp-json\/wp\/v2\/pages\/991587","targetHints":{"allow":["GET"]}}],"collection":[{"href":"https:\/\/viridiuslab.com\/it\/wp-json\/wp\/v2\/pages"}],"about":[{"href":"https:\/\/viridiuslab.com\/it\/wp-json\/wp\/v2\/types\/page"}],"author":[{"embeddable":true,"href":"https:\/\/viridiuslab.com\/it\/wp-json\/wp\/v2\/users\/1"}],"replies":[{"embeddable":true,"href":"https:\/\/viridiuslab.com\/it\/wp-json\/wp\/v2\/comments?post=991587"}],"version-history":[{"count":1,"href":"https:\/\/viridiuslab.com\/it\/wp-json\/wp\/v2\/pages\/991587\/revisions"}],"predecessor-version":[{"id":991589,"href":"https:\/\/viridiuslab.com\/it\/wp-json\/wp\/v2\/pages\/991587\/revisions\/991589"}],"wp:featuredmedia":[{"embeddable":true,"href":"https:\/\/viridiuslab.com\/it\/wp-json\/wp\/v2\/media\/990894"}],"wp:attachment":[{"href":"https:\/\/viridiuslab.com\/it\/wp-json\/wp\/v2\/media?parent=991587"}],"curies":[{"name":"wp","href":"https:\/\/api.w.org\/{rel}","templated":true}]}}