{"id":991572,"date":"2025-10-06T14:44:07","date_gmt":"2025-10-06T14:44:07","guid":{"rendered":"https:\/\/viridiuslab.com\/protezione-dei-dati\/"},"modified":"2026-02-10T10:41:48","modified_gmt":"2026-02-10T10:41:48","slug":"protezione-dei-dati","status":"publish","type":"page","link":"https:\/\/viridiuslab.com\/it\/protezione-dei-dati\/","title":{"rendered":"Protezione dei dati"},"content":{"rendered":"\t\t<div data-elementor-type=\"wp-page\" data-elementor-id=\"991572\" class=\"elementor elementor-991572 elementor-988916\" data-elementor-post-type=\"page\">\n\t\t\t\t<div class=\"elementor-element elementor-element-ae590c9 e-flex e-con-boxed e-con e-parent\" data-id=\"ae590c9\" data-element_type=\"container\" data-e-type=\"container\">\n\t\t\t\t\t<div class=\"e-con-inner\">\n\t\t<div class=\"elementor-element elementor-element-d2a34a5 e-con-full e-flex e-con e-child\" data-id=\"d2a34a5\" data-element_type=\"container\" data-e-type=\"container\">\n\t\t\t\t<div class=\"elementor-element elementor-element-0430a27 animated-fast elementor-invisible elementor-widget elementor-widget-heading\" data-id=\"0430a27\" data-element_type=\"widget\" data-e-type=\"widget\" data-settings=\"{&quot;_animation&quot;:&quot;fadeIn&quot;,&quot;_animation_delay&quot;:50}\" data-widget_type=\"heading.default\">\n\t\t\t\t<div class=\"elementor-widget-container\">\n\t\t\t\t\t<h1 class=\"elementor-heading-title elementor-size-default\">Informativa sulla privacy<\/h1>\t\t\t\t<\/div>\n\t\t\t\t<\/div>\n\t\t\t\t<div class=\"elementor-element elementor-element-891d818 animated-fast elementor-invisible elementor-widget elementor-widget-heading\" data-id=\"891d818\" data-element_type=\"widget\" data-e-type=\"widget\" data-settings=\"{&quot;_animation&quot;:&quot;fadeIn&quot;,&quot;_animation_delay&quot;:50}\" data-widget_type=\"heading.default\">\n\t\t\t\t<div class=\"elementor-widget-container\">\n\t\t\t\t\t<h2 class=\"elementor-heading-title elementor-size-default\">INFORMATIVA SULLA PRIVACY DEL SITO WEB<\/h2>\t\t\t\t<\/div>\n\t\t\t\t<\/div>\n\t\t\t\t<div class=\"vamtam-has-theme-widget-styles elementor-element elementor-element-906566f elementor-widget__width-inherit elementor-widget elementor-widget-text-editor\" data-id=\"906566f\" data-element_type=\"widget\" data-e-type=\"widget\" data-widget_type=\"text-editor.default\">\n\t\t\t\t<div class=\"elementor-widget-container\">\n\t\t\t\t\t\t\t\t\t<p>viridiusLAB AG (di seguito &#8220;viridius&#8221;, &#8220;viridiusLAB&#8221; o &#8220;noi&#8221;) \u00e8 il titolare del trattamento ai sensi dell&#8217;articolo 4(7) del Regolamento generale sulla protezione dei dati dell&#8217;UE (&#8220;GDPR&#8221;) per quanto riguarda il trattamento dei dati personali dei visitatori del nostro sito web <a href=\"https:\/\/www.viridiuslab.com\">www.viridiuslab.com<\/a> (per i dettagli vedere il punto I.).<\/p><p>In conformit\u00e0 con l&#8217;art. 13 del GDPR, la presente informativa sulla privacy descrive, tra le altre cose, i tipi di dati personali che trattiamo, le finalit\u00e0 per cui trattiamo i dati personali e le terze parti con cui condividiamo i dati quando visiti il nostro sito web. Inoltre, ti informeremo sui tuoi diritti in relazione ai tuoi dati personali e sulle modalit\u00e0 di esercizio di tali diritti. <\/p><h3><b>I. Chi \u00e8 responsabile del trattamento dei dati? <\/b><\/h3><p>\u00e8 il responsabile del trattamento ai sensi dell&#8217;art. 4(7) GDPR:<\/p><div class=\"address\">viridiusLAB AG<br>Jasomirgottstra\u00dfe 6\/5<br>1010 Vienna<br>FN 551300k<br>ATU76840769<\/div><p>Puoi raggiungerci all&#8217;indirizzo<\/p><p>Tel: +43 (1) 9093440<br>E-mail: <a href=\"mailto:office@viridiuslab.com\">office@viridiuslab.com<\/a><\/p><p>Dati di contatto del responsabile della protezione dei dati: <a href=\"mailto:datenschutz@viridiuslab.com\">datenschutz@viridiuslab.com<\/a><\/p><h3><b>II. Quali dati personali trattiamo?<\/b><\/h3><p>Per dati personali intendiamo tutte le informazioni che ti riguardano in quanto persona (art. 4 Z 1 GDPR).<\/p><p>Quando utilizzi il nostro sito web, possiamo trattare i dati personali che ci fornisci volontariamente (ad esempio tramite le opzioni di contatto).<\/p><p>Tuttavia, puoi anche visitare il nostro sito web senza fornirci attivamente informazioni su di te. In questo caso, raccogliamo solo alcuni dati che il tuo browser trasmette al server del nostro sito web (file di log) e i dati che raccogliamo attraverso l&#8217;uso di cookie o tecnologie simili. <\/p><h3><b>III Per quale scopo e su quale base giuridica trattiamo i tuoi dati personali? <\/b><\/h3><h4><b>1. le nostre offerte online<\/b><\/h4><p>Se comunichi attivamente con noi tramite il nostro sito web, trattiamo i dati personali che ci fornisci volontariamente. Questo riguarda in particolare le nostre offerte: <\/p><h5><b>a) Stabilire un contatto:<\/b><\/h5><p>Se decidi di contattarci tramite le opzioni di contatto presenti sul nostro sito web, i dati personali che ci fornisci (ad es. nome, indirizzo e-mail, indirizzo, contenuto del messaggio) saranno trattati. Li trattiamo per rispondere alle tue domande, per soddisfare le tue richieste o per comunicare con te in altro modo (base giuridica: Art. 6 comma 1 lit b GDPR &#8211; <i>adempimento del contratto o attuazione di misure precontrattuali<\/i>). <\/p><p>Alcuni dei dati che ti chiediamo in relazione alle nostre offerte sopra citate possono essere contrassegnati come campi obbligatori(*). Non sei obbligato a fornire questi dati. Tuttavia, in mancanza di tali informazioni, potremmo non essere in grado di elaborare la tua richiesta o di fornirti i nostri servizi.  <\/p><h4><b>2. file di log<\/b><\/h4><p>Puoi visitare il nostro sito web anche senza fornirci attivamente informazioni su di te. In questo caso, raccogliamo alcuni dati che il tuo browser trasmette al server del nostro sito web (file di log) <\/p><p>I nostri file di log contengono le seguenti informazioni: Data e ora di accesso al nostro sito web, (ii) tipo, versione e impostazioni del tuo browser web, (iii) sistema operativo e provider di servizi, (iv) pagine e file richiesti, (v) sito web utilizzato prima di visitare il nostro sito web e (vi) indirizzo IP. L&#8217;indirizzo IP \u00e8 un numero specifico assegnato al tuo computer che consente al tuo dispositivo di comunicare in rete tramite il protocollo Internet (IP). Gli indirizzi IP possono essere considerati dati personali in quanto consentono di identificare l&#8217;utente in determinate circostanze.       <\/p><p>L&#8217;elaborazione di questi file di log \u00e8 necessaria per garantire la funzionalit\u00e0, la stabilit\u00e0 e la sicurezza del nostro sito web. Possiamo anche elaborarli nell&#8217;ambito di indagini forensi in caso di incidenti di sicurezza o per compilare statistiche anonime sugli utenti (base giuridica: Art. 6 comma 1 lit. f GDPR &#8211; <i>legittimo interesse a mantenere la funzionalit\u00e0, la stabilit\u00e0 e la sicurezza del nostro sito web<\/i>). <\/p><h4><b>3. biscotti<\/b><\/h4><p>Questo sito web utilizza anche i cookie. Si tratta di piccoli file di testo che possono essere memorizzati sul tuo dispositivo quando visiti il nostro sito web e che memorizzano alcune informazioni su di te. I cookie non possono accedere, leggere o modificare altri dati memorizzati sul tuo dispositivo. Quando ci riferiamo ai &#8220;cookie&#8221;, includiamo altre tecnologie con finalit\u00e0 simili, come i pixel tag.   <\/p><p>Sul nostro sito web utilizziamo due tipi di cookie:<\/p><ul><li>Cookie necessari: senza i cookie necessari, la corretta funzionalit\u00e0 del nostro sito web non sarebbe garantita o lo sarebbe solo in misura limitata. L&#8217;utilizzo dei cookie necessari sul nostro sito web \u00e8 possibile senza il tuo consenso. Tuttavia, puoi disattivare i cookie in qualsiasi momento modificando le impostazioni del tuo browser. Una descrizione dettagliata dei cookie necessari utilizzati e delle rispettive finalit\u00e0 di trattamento \u00e8 riportata di seguito (base giuridica: Art. 6 comma 1 lit f GDPR &#8211; <i>legittimo interesse<\/i>).   <\/li><li>Cookie opzionali: questi tipi di cookie possono essere utilizzati per migliorare il nostro sito web, ottimizzare la tua esperienza di utente, analizzare il comportamento degli utenti o personalizzare le attivit\u00e0 di marketing. I cookie opzionali possono essere utilizzati anche da aziende pubblicitarie esterne (&#8220;cookie di terze parti&#8221;). I cookie facoltativi vengono utilizzati solo con il tuo consenso, che puoi dare cliccando sul pulsante &#8220;OK&#8221; (&#8220;Accetto&#8221;) sul banner dei cookie del nostro sito web. Questo consenso pu\u00f2 essere revocato in qualsiasi momento con effetto per il futuro cancellandolo nel tuo browser o modificando le tue preferenze alla voce &#8220;Modifica le impostazioni dei cookie&#8221; nel footer di questo sito web. Una descrizione dettagliata dei cookie opzionali utilizzati e delle rispettive finalit\u00e0 di trattamento \u00e8 riportata di seguito (base giuridica: Art. 6 comma 1 lit a GDPR &#8211; <i>consenso<\/i>).    <\/li><\/ul><h5><b>Cookie necessari utilizzati  <\/b><\/h5><table><thead><tr><th><b>Nome del cookie<\/b><\/th><th><b>Scopo<\/b><\/th><th><b>Durata della memorizzazione<\/b><\/th><\/tr><\/thead><tbody><tr><td>AcceptCookies<\/td><td>Necessario per identificare l&#8217;utente loggato (necessario per il log-in)<\/td><td>365 giorni<\/td><\/tr><\/tbody><\/table><h5><b>Cookie opzionali utilizzati<\/b><\/h5><table><thead><tr><th><b>Nome del cookie<\/b><\/th><th><b>Scopo<\/b><\/th><th><b>Durata della memorizzazione<\/b><\/th><\/tr><\/thead><tbody><tr><td>_ga<\/td><td>Si tratta di un cookie di prima parte che registra un ID univoco utilizzato per generare informazioni statistiche sull&#8217;utilizzo del sito web da parte dell&#8217;utente.<\/td><td>_ga scade dopo 2 anni<\/td><\/tr><tr><td>_gat<br>_gid<\/td><td>Google Analytics: utilizziamo questi cookie per registrare il modo in cui i visitatori utilizzano il nostro sito web. Utilizziamo queste informazioni per compilare rapporti e migliorare il sito web. Puoi trovare maggiori informazioni sull&#8217;uso di Google Analytics qui di seguito.<br>Cookie per distinguere i singoli utenti sul dominio  <\/td><td>_gat scade dopo 1 minuto<br>_gid scade dopo 24 ore.<\/td><\/tr><\/tbody><\/table><p>Google Analytics:<\/p><p>Il nostro sito web utilizza Google Analytics, fornito da Google Ireland Limited, numero di registrazione: 368047, Gordon House, Barrow Street, Dublino 4, Irlanda (&#8220;Google&#8221;), che ci consente di analizzare l&#8217;utilizzo del nostro sito web.<\/p><p>Le informazioni generate dal cookie sull&#8217;utilizzo di questo sito web da parte dell&#8217;utente (compreso il suo indirizzo IP e gli URL delle pagine visitate) potrebbero essere trasmesse e memorizzate da Google su server negli Stati Uniti. Gli Stati Uniti non dispongono di un livello adeguato di protezione dei dati e vi \u00e8 il rischio che le autorit\u00e0 statunitensi possano avere accesso ai tuoi dati. <\/p><p>Il nostro sito web utilizza una funzione di anonimizzazione dell&#8217;IP fornita da Google Analytics. Il tuo indirizzo IP verr\u00e0 pertanto abbreviato\/anonimizzato da Google immediatamente dopo la ricezione. Google utilizzer\u00e0 queste informazioni per valutare l&#8217;utilizzo del nostro sito web da parte dell&#8217;utente, per compilare report sulle attivit\u00e0 del sito web e per fornire altri servizi relativi alle attivit\u00e0 del sito web e all&#8217;utilizzo di internet. In nessun caso Google unir\u00e0 il tuo indirizzo IP con altri dati.   <\/p><p>Ulteriori informazioni sulle condizioni di utilizzo che abbiamo stipulato con Google e sulle disposizioni di Google in materia di protezione dei dati e sulle misure di protezione dei dati sono disponibili al seguente link: https:\/\/www.google.com\/analytics\/terms\/gb.html.<\/p><p>Per maggiori informazioni sul funzionamento di Google Analytics e sulle informazioni che possiamo raccogliere e analizzare, visita il sito https:\/\/support.google.com\/analytics\/answer\/1012034?hl=lten&amp;ref_topic=6157800.<\/p><p>I cookie utilizzati da Google Analytics vengono impostati solo con il tuo consenso. Puoi disattivare in qualsiasi momento la raccolta dei tuoi dati da parte di Google Analytics cliccando sul seguente link: https:\/\/tools.google.com\/dlpage\/gaoptout\/. <\/p><h3><b>IV. A chi trasferiamo i tuoi dati personali?<\/b><\/h3><p>Quando gestiamo il nostro sito web, utilizziamo anche fornitori esterni di servizi IT che trattano i dati personali per nostro conto in qualit\u00e0 di responsabili del trattamento ai sensi dell&#8217;art. 4 (8) del GDPR. Utilizziamo le seguenti categorie di responsabili del trattamento: <\/p><p>a) Fornitori di servizi sul cui server viene gestito il nostro sito web.<\/p><p>b) fornitori di servizi che gestiscono il sito web per nostro conto.<\/p><p>c) fornitori di servizi sui cui server operano i nostri strumenti di pianificazione degli appuntamenti.<\/p><p>d) Fornitori di servizi responsabili dell&#8217;elaborazione dei moduli di contatto.<\/p><p>Obblighiamo questi fornitori di servizi a proteggere adeguatamente i tuoi dati personali in un contratto ai sensi dell&#8217;art. 28 GDPR.<\/p><p>Alcuni di questi fornitori di servizi possono trattare i dati negli Stati Uniti. La Commissione UE e la Corte di Giustizia dell&#8217;Unione Europea hanno concesso agli USA <b> <\/b>non garantisce un livello adeguato di protezione dei dati. In particolare, c&#8217;\u00e8 il rischio che questi dati siano soggetti all&#8217;accesso da parte di autorit\u00e0 locali o tribunali per scopi di controllo e monitoraggio in conformit\u00e0 alle disposizioni applicabili e che non siano disponibili rimedi legali efficaci contro questo. <\/p><p>Tuttavia, quando trasferiamo i dati personali a tali paesi terzi, mettiamo in atto adeguate misure di salvaguardia per garantire la tutela dei tuoi diritti in conformit\u00e0 alle disposizioni del GDPR. Ci\u00f2 include la stipula delle clausole contrattuali standard pubblicate dalla Commissione UE per il trasferimento dei dati personali (art. 46 comma 2 lett. c GDPR). Ulteriori dettagli sulle garanzie di sicurezza utilizzate e copie dei rispettivi contratti sono disponibili su richiesta all&#8217;indirizzo <a href=\"mailto:datenschutz@viridiuslab.com\">datenschutz@viridiuslab.com.<\/a>  <\/p><p>Inoltre, i dati possono essere trasferiti a un paese terzo con il tuo esplicito consenso (art. 49, comma 1, lett. a GDPR). Noi o fornitori terzi possiamo anche trattare i dati personali nell&#8217;ambito dei cookie utilizzati sul nostro sito web. Tra questi fornitori terzi vi \u00e8 Google LLC, che ha sede negli Stati Uniti e tratta i dati in tale paese. Prima di impostare i cookie e trasferire i tuoi dati a Google LLC, chiediamo il tuo consenso esplicito (art. 6 par. 1 lett. a GDPR in combinato disposto con l&#8217;art. 49 par. 1 lett. a GDPR). Le informazioni corrispondenti sui singoli cookie per quanto riguarda le finalit\u00e0, le categorie di dati e la durata della memorizzazione sono riportate al punto III. 3. Puoi revocare il tuo consenso ai cookie in qualsiasi momento con effetto per il futuro cancellandoli nel tuo browser.    <\/p><h3><b>V. Per quanto tempo saranno conservati i tuoi dati personali?<\/b><\/h3><p>I file di log vengono generalmente archiviati per un periodo di 14 giorni. Al di l\u00e0 di questo periodo, i file di log vengono memorizzati solo allo scopo di indagare su irregolarit\u00e0 o incidenti di sicurezza nei nostri sistemi. Per quanto riguarda il periodo di conservazione dei cookie, si veda il precedente punto III.3.  <\/p><p>In caso contrario, conserviamo i tuoi dati personali solo per il tempo necessario a raggiungere lo scopo per cui sono stati raccolti. In ogni caso, conserviamo i tuoi dati per la durata del nostro rapporto contrattuale o di servizio con te. Inoltre, conserviamo i tuoi dati personali in conformit\u00e0 con altri periodi di conservazione previsti dalla legge. (ad esempio, obbligo di conservazione ai sensi del diritto tributario ai sensi della Sezione 132 (1) BAO: 7 anni, oltre a ci\u00f2 finch\u00e9 sono rilevanti per le autorit\u00e0 fiscali in procedimenti in corso\/ obbligo di conservazione ai sensi del diritto societario ai sensi delle Sezioni 190, 212 UGB: 7 anni\/ obbligo di conservazione ai sensi della legge sull&#8217;IVA per le fatture ai sensi della Sezione 11 (2) UStG: 7 anni).   <\/p><h3><b>VI Quali sono i tuoi diritti in materia di protezione dei dati?<\/b><\/h3><p>In relazione ai tuoi dati personali, hai il diritto di accesso ai sensi dell&#8217;art. 15 GDPR, il diritto di rettifica ai sensi dell&#8217;art. 16 GDPR, il diritto alla cancellazione ai sensi dell&#8217;art. 17 GDPR, il diritto alla limitazione del trattamento ai sensi dell&#8217;art. 18 GDPR, il diritto di opposizione ai sensi dell&#8217;art. 21 GDPR e il diritto alla portabilit\u00e0 dei dati ai sensi dell&#8217;art. 20 GDPR.<\/p><p>Se il trattamento dei tuoi dati \u00e8 basato sul consenso, hai il diritto di revocare il consenso in qualsiasi momento senza che ci\u00f2 pregiudichi la liceit\u00e0 del trattamento basato sul consenso prima della sua revoca.<\/p><p>Non vi \u00e8 alcun processo decisionale automatizzato in casi individuali o profilazione ai sensi dell&#8217;art. 22 del GDPR.<\/p><p>Puoi trovare maggiori informazioni sui tuoi diritti all&#8217;indirizzo: <a href=\"https:\/\/www.dsb.gv.at\/rechte-der-betroffenen\">https:\/\/www.dsb.gv.at\/rechte-der-betroffenen.<\/a> Ti invitiamo a far valere i tuoi diritti di interessato all&#8217;indirizzo <a href=\"mailto:datenschutz@viridiuslab.com\">datenschutz@viridiuslab.com.<\/a> <\/p><p>Inoltre, hai il diritto di presentare un reclamo a un&#8217;autorit\u00e0 di controllo competente per la protezione dei dati (art. 77 GDPR). L&#8217;autorit\u00e0 di controllo competente per l&#8217;Austria \u00e8 l&#8217;Autorit\u00e0 per la protezione dei dati, Barichgasse 40- 42, 1030 Vienna[](https:\/\/www.dsb.gv.at\/). <\/p><p> <\/p>\t\t\t\t\t\t\t\t<\/div>\n\t\t\t\t<\/div>\n\t\t\t\t<\/div>\n\t\t\t\t\t<\/div>\n\t\t\t\t<\/div>\n\t\t\t\t<\/div>\n\t\t","protected":false},"excerpt":{"rendered":"<p>Informativa sulla privacy INFORMATIVA SULLA PRIVACY DEL SITO WEB viridiusLAB AG (di seguito &#8220;viridius&#8221;, &#8220;viridiusLAB&#8221; o &#8220;noi&#8221;) \u00e8 il titolare del trattamento ai sensi dell&#8217;articolo 4(7) del Regolamento generale sulla protezione dei dati dell&#8217;UE (&#8220;GDPR&#8221;) per quanto riguarda il trattamento dei dati personali dei visitatori del nostro sito web www.viridiuslab.com (per i dettagli vedere il&#8230;<\/p>\n","protected":false},"author":1,"featured_media":991573,"parent":0,"menu_order":0,"comment_status":"closed","ping_status":"closed","template":"","meta":{"_acf_changed":false,"_seowing_meta_title":"Protezione dei dati | viridiusLAB AG","_seowing_meta_description":"Informativa sulla protezione dei dati di viridiusLAB AG ai sensi del GDPR. Informazioni sul trattamento dei dati personali su viridiuslab.com.","_seowing_focus_keyword":"protezione dati GDPR viridiusLAB","_seowing_canonical_url":"","_seowing_robots":"","_seowing_robots_noindex":false,"_seowing_robots_nofollow":false,"_seowing_seo_score":80,"_expert_id":0,"footnotes":""},"class_list":["post-991572","page","type-page","status-publish","has-post-thumbnail","hentry"],"acf":[],"_links":{"self":[{"href":"https:\/\/viridiuslab.com\/it\/wp-json\/wp\/v2\/pages\/991572","targetHints":{"allow":["GET"]}}],"collection":[{"href":"https:\/\/viridiuslab.com\/it\/wp-json\/wp\/v2\/pages"}],"about":[{"href":"https:\/\/viridiuslab.com\/it\/wp-json\/wp\/v2\/types\/page"}],"author":[{"embeddable":true,"href":"https:\/\/viridiuslab.com\/it\/wp-json\/wp\/v2\/users\/1"}],"replies":[{"embeddable":true,"href":"https:\/\/viridiuslab.com\/it\/wp-json\/wp\/v2\/comments?post=991572"}],"version-history":[{"count":1,"href":"https:\/\/viridiuslab.com\/it\/wp-json\/wp\/v2\/pages\/991572\/revisions"}],"predecessor-version":[{"id":991575,"href":"https:\/\/viridiuslab.com\/it\/wp-json\/wp\/v2\/pages\/991572\/revisions\/991575"}],"wp:featuredmedia":[{"embeddable":true,"href":"https:\/\/viridiuslab.com\/it\/wp-json\/wp\/v2\/media\/991573"}],"wp:attachment":[{"href":"https:\/\/viridiuslab.com\/it\/wp-json\/wp\/v2\/media?parent=991572"}],"curies":[{"name":"wp","href":"https:\/\/api.w.org\/{rel}","templated":true}]}}