{"id":991554,"date":"2025-10-06T14:26:21","date_gmt":"2025-10-06T14:26:21","guid":{"rendered":"https:\/\/viridiuslab.com\/impronta\/"},"modified":"2026-02-10T10:41:44","modified_gmt":"2026-02-10T10:41:44","slug":"impronta","status":"publish","type":"page","link":"https:\/\/viridiuslab.com\/it\/impronta\/","title":{"rendered":"Impronta"},"content":{"rendered":"\t\t<div data-elementor-type=\"wp-page\" data-elementor-id=\"991554\" class=\"elementor elementor-991554 elementor-988912\" data-elementor-post-type=\"page\">\n\t\t\t\t<div class=\"elementor-element elementor-element-ae590c9 e-flex e-con-boxed e-con e-parent\" data-id=\"ae590c9\" data-element_type=\"container\" data-e-type=\"container\">\n\t\t\t\t\t<div class=\"e-con-inner\">\n\t\t<div class=\"elementor-element elementor-element-d2a34a5 e-con-full e-flex e-con e-child\" data-id=\"d2a34a5\" data-element_type=\"container\" data-e-type=\"container\">\n\t\t\t\t<div class=\"elementor-element elementor-element-0430a27 animated-fast elementor-invisible elementor-widget elementor-widget-heading\" data-id=\"0430a27\" data-element_type=\"widget\" data-e-type=\"widget\" data-settings=\"{&quot;_animation&quot;:&quot;fadeIn&quot;,&quot;_animation_delay&quot;:50}\" data-widget_type=\"heading.default\">\n\t\t\t\t<div class=\"elementor-widget-container\">\n\t\t\t\t\t<h1 class=\"elementor-heading-title elementor-size-default\">Impronta<\/h1>\t\t\t\t<\/div>\n\t\t\t\t<\/div>\n\t\t\t\t<div class=\"elementor-element elementor-element-b54d0c0 animated-fast elementor-invisible elementor-widget elementor-widget-heading\" data-id=\"b54d0c0\" data-element_type=\"widget\" data-e-type=\"widget\" data-settings=\"{&quot;_animation&quot;:&quot;fadeIn&quot;,&quot;_animation_delay&quot;:50}\" data-widget_type=\"heading.default\">\n\t\t\t\t<div class=\"elementor-widget-container\">\n\t\t\t\t\t<div class=\"elementor-heading-title elementor-size-default\">INFORMAZIONI LEGALI<\/div>\t\t\t\t<\/div>\n\t\t\t\t<\/div>\n\t\t\t\t<div class=\"vamtam-has-theme-widget-styles elementor-element elementor-element-906566f elementor-widget__width-inherit elementor-widget elementor-widget-text-editor\" data-id=\"906566f\" data-element_type=\"widget\" data-e-type=\"widget\" data-widget_type=\"text-editor.default\">\n\t\t\t\t<div class=\"elementor-widget-container\">\n\t\t\t\t\t\t\t\t\t<p class=\"p1\">viridiusLAB AG<br><br>Jasomirgottstra\u00dfe 6\/5<br>1010 Vienna<br>+43 (1) 909 34 40<br><a href=\"mailto:office@viridiuslab.com\">office@viridiuslab.com<\/a><br><a href=\"http:\/\/www.viridiuslab.com\">www.viridiuslab.com<\/a><br><br>Rappresentante autorizzato del Consiglio di Amministrazione: Marcello Nicoloso<br><br>Numero UID: ATU76840769 Il numero di registro aziendale \u00e8 FN 551300k<br><br>Tribunale commerciale di Vienna<br>Membro della WK\u00d6<br><br>Holding di laboratori di analisi<br><br>I consumatori hanno la possibilit\u00e0 di inviare i reclami alla piattaforma di risoluzione delle controversie online dell&#8217;UE: http:\/\/ec.europa.eu oppure puoi inviare qualsiasi reclamo all&#8217;indirizzo e-mail indicato sopra.<\/p>\t\t\t\t\t\t\t\t<\/div>\n\t\t\t\t<\/div>\n\t\t\t\t<\/div>\n\t\t\t\t\t<\/div>\n\t\t\t\t<\/div>\n\t\t\t\t<\/div>\n\t\t","protected":false},"excerpt":{"rendered":"<p>Impronta INFORMAZIONI LEGALI viridiusLAB AG Jasomirgottstra\u00dfe 6\/51010 Vienna+43 (1) 909 34 40office@viridiuslab.comwww.viridiuslab.com Rappresentante autorizzato del Consiglio di Amministrazione: Marcello Nicoloso Numero UID: ATU76840769 Il numero di registro aziendale \u00e8 FN 551300k Tribunale commerciale di ViennaMembro della WK\u00d6 Holding di laboratori di analisi I consumatori hanno la possibilit\u00e0 di inviare i reclami alla piattaforma di risoluzione&#8230;<\/p>\n","protected":false},"author":1,"featured_media":991555,"parent":0,"menu_order":0,"comment_status":"closed","ping_status":"closed","template":"","meta":{"_acf_changed":false,"_seowing_meta_title":"Note legali | viridiusLAB AG","_seowing_meta_description":"Note legali di viridiusLAB AG, Jasomirgottstra\u00dfe 6\/5, 1010 Vienna. Numero di registro, direzione e informazioni legali.","_seowing_focus_keyword":"note legali viridiusLAB","_seowing_canonical_url":"","_seowing_robots":"","_seowing_robots_noindex":false,"_seowing_robots_nofollow":false,"_seowing_seo_score":60,"_expert_id":0,"footnotes":""},"class_list":["post-991554","page","type-page","status-publish","has-post-thumbnail","hentry"],"acf":[],"_links":{"self":[{"href":"https:\/\/viridiuslab.com\/it\/wp-json\/wp\/v2\/pages\/991554","targetHints":{"allow":["GET"]}}],"collection":[{"href":"https:\/\/viridiuslab.com\/it\/wp-json\/wp\/v2\/pages"}],"about":[{"href":"https:\/\/viridiuslab.com\/it\/wp-json\/wp\/v2\/types\/page"}],"author":[{"embeddable":true,"href":"https:\/\/viridiuslab.com\/it\/wp-json\/wp\/v2\/users\/1"}],"replies":[{"embeddable":true,"href":"https:\/\/viridiuslab.com\/it\/wp-json\/wp\/v2\/comments?post=991554"}],"version-history":[{"count":1,"href":"https:\/\/viridiuslab.com\/it\/wp-json\/wp\/v2\/pages\/991554\/revisions"}],"predecessor-version":[{"id":991556,"href":"https:\/\/viridiuslab.com\/it\/wp-json\/wp\/v2\/pages\/991554\/revisions\/991556"}],"wp:featuredmedia":[{"embeddable":true,"href":"https:\/\/viridiuslab.com\/it\/wp-json\/wp\/v2\/media\/991555"}],"wp:attachment":[{"href":"https:\/\/viridiuslab.com\/it\/wp-json\/wp\/v2\/media?parent=991554"}],"curies":[{"name":"wp","href":"https:\/\/api.w.org\/{rel}","templated":true}]}}