{"id":994262,"date":"2026-02-26T12:34:01","date_gmt":"2026-02-26T12:34:01","guid":{"rendered":"https:\/\/viridiuslab.com\/vseobecne-podminky\/"},"modified":"2026-02-26T12:34:01","modified_gmt":"2026-02-26T12:34:01","slug":"vseobecne-podminky","status":"publish","type":"page","link":"https:\/\/viridiuslab.com\/cs\/vseobecne-podminky\/","title":{"rendered":"V\u0161eobecn\u00e9 podm\u00ednky"},"content":{"rendered":"<div class=\"vgblk-rw-wrapper limit-wrapper\">\n<h1>V\u0161eobecn\u00e9 podm\u00ednky<\/h1>\n<p>V\u0161eobecn\u00e9 obchodn\u00ed podm\u00ednky spole\u010dnosti viridiusLAB AG upravuj\u00ed spolupr\u00e1ci mezi spole\u010dnost\u00ed viridiusLAB AG a jej\u00edmi klienty.<\/p>\n<p>V p\u0159\u00edpad\u011b jak\u00fdchkoli dotaz\u016f n\u00e1s pros\u00edm kontaktujte na <a href=\"mailto:office@viridiuslab.com\">adrese office@viridiuslab.com<\/a> nebo na telefonn\u00edm \u010d\u00edsle +43 (1) 909 34 40.<\/p>\n<\/div>\n<p><!-- .vgblk-rw-wrapper --><\/p>\n","protected":false},"excerpt":{"rendered":"<p>V\u0161eobecn\u00e9 podm\u00ednky V\u0161eobecn\u00e9 obchodn\u00ed podm\u00ednky spole\u010dnosti viridiusLAB AG upravuj\u00ed spolupr\u00e1ci mezi spole\u010dnost\u00ed viridiusLAB AG a jej\u00edmi klienty. V p\u0159\u00edpad\u011b jak\u00fdchkoli dotaz\u016f n\u00e1s pros\u00edm kontaktujte na adrese office@viridiuslab.com nebo na telefonn\u00edm \u010d\u00edsle +43 (1) 909 34 40.<\/p>\n","protected":false},"author":0,"featured_media":0,"parent":0,"menu_order":0,"comment_status":"closed","ping_status":"closed","template":"","meta":{"_acf_changed":false,"_seowing_meta_title":"V\u0161eobecn\u00e9 obchodn\u00ed podm\u00ednky | viridiusLAB AG","_seowing_meta_description":"V\u0161eobecn\u00e9 obchodn\u00ed podm\u00ednky viridiusLAB AG, Jasomirgottstra\u00dfe 6\/5, 1010 V\u00edde\u0148.","_seowing_focus_keyword":"obchodn\u00ed podm\u00ednky viridiusLAB","_seowing_canonical_url":"","_seowing_robots":"","_seowing_robots_noindex":false,"_seowing_robots_nofollow":false,"_seowing_seo_score":15,"footnotes":""},"class_list":["post-994262","page","type-page","status-publish","hentry"],"acf":[],"_links":{"self":[{"href":"https:\/\/viridiuslab.com\/cs\/wp-json\/wp\/v2\/pages\/994262","targetHints":{"allow":["GET"]}}],"collection":[{"href":"https:\/\/viridiuslab.com\/cs\/wp-json\/wp\/v2\/pages"}],"about":[{"href":"https:\/\/viridiuslab.com\/cs\/wp-json\/wp\/v2\/types\/page"}],"replies":[{"embeddable":true,"href":"https:\/\/viridiuslab.com\/cs\/wp-json\/wp\/v2\/comments?post=994262"}],"version-history":[{"count":0,"href":"https:\/\/viridiuslab.com\/cs\/wp-json\/wp\/v2\/pages\/994262\/revisions"}],"wp:attachment":[{"href":"https:\/\/viridiuslab.com\/cs\/wp-json\/wp\/v2\/media?parent=994262"}],"curies":[{"name":"wp","href":"https:\/\/api.w.org\/{rel}","templated":true}]}}