{"id":991591,"date":"2025-11-13T20:33:07","date_gmt":"2025-11-13T20:33:07","guid":{"rendered":"https:\/\/viridiuslab.com\/ceska-republika\/"},"modified":"2026-02-10T10:41:51","modified_gmt":"2026-02-10T10:41:51","slug":"ceska-republika","status":"publish","type":"page","link":"https:\/\/viridiuslab.com\/cs\/ceska-republika\/","title":{"rendered":"\u010cesk\u00e1 republika"},"content":{"rendered":"\t\t<div data-elementor-type=\"wp-page\" data-elementor-id=\"991591\" class=\"elementor elementor-991591 elementor-989426\" data-elementor-post-type=\"page\">\n\t\t\t\t<div class=\"elementor-element elementor-element-ae590c9 e-flex e-con-boxed e-con e-parent\" data-id=\"ae590c9\" data-element_type=\"container\" data-e-type=\"container\">\n\t\t\t\t\t<div class=\"e-con-inner\">\n\t\t<div class=\"elementor-element elementor-element-d2a34a5 e-con-full e-flex e-con e-child\" data-id=\"d2a34a5\" data-element_type=\"container\" data-e-type=\"container\">\n\t\t\t\t<div class=\"elementor-element elementor-element-0430a27 animated-fast elementor-invisible elementor-widget elementor-widget-heading\" data-id=\"0430a27\" data-element_type=\"widget\" data-e-type=\"widget\" data-settings=\"{&quot;_animation&quot;:&quot;fadeIn&quot;,&quot;_animation_delay&quot;:50}\" data-widget_type=\"heading.default\">\n\t\t\t\t<div class=\"elementor-widget-container\">\n\t\t\t\t\t<h1 class=\"elementor-heading-title elementor-size-default\">partnersk\u00e9 laborato\u0159e viridiusLAB v \u010cesk\u00e9 republice\n<\/h1>\t\t\t\t<\/div>\n\t\t\t\t<\/div>\n\t\t\t\t<div class=\"vamtam-has-theme-widget-styles elementor-element elementor-element-906566f elementor-widget__width-inherit elementor-widget elementor-widget-text-editor\" data-id=\"906566f\" data-element_type=\"widget\" data-e-type=\"widget\" data-widget_type=\"text-editor.default\">\n\t\t\t\t<div class=\"elementor-widget-container\">\n\t\t\t\t\t\t\t\t\t<p>\u010cesk\u00e1 republika je d\u016fle\u017eit\u00fdm m\u00edstem v s\u00edti viridiusLAB. Na\u0161e partnersk\u00e9 laborato\u0159e podporuj\u00ed pr\u016fmysl, v\u00fdzkum a ve\u0159ejn\u00e9 instituce \u0161irokou \u0161k\u00e1lou modern\u00edch analytick\u00fdch metod &#8211; od chemick\u00fdch a mikrobiologick\u00fdch test\u016f a\u017e po anal\u00fdzy materi\u00e1l\u016f, potravin a \u017eivotn\u00edho prost\u0159ed\u00ed. V\u0161echny \u00fastavy pracuj\u00ed podle mezin\u00e1rodn\u00edch norem, jako je DIN EN ISO\/IEC 17025, a zaru\u010duj\u00ed p\u0159esn\u00e9, reprodukovateln\u00e9 a z\u00e1konu odpov\u00eddaj\u00edc\u00ed v\u00fdsledky pro \u0161irokou \u0161k\u00e1lu aplikac\u00ed.  <\/p>\t\t\t\t\t\t\t\t<\/div>\n\t\t\t\t<\/div>\n\t\t\t\t<\/div>\n\t\t\t\t\t<\/div>\n\t\t\t\t<\/div>\n\t\t<div class=\"elementor-element elementor-element-2e5d8fc e-con-full e-flex e-con e-parent\" data-id=\"2e5d8fc\" data-element_type=\"container\" data-e-type=\"container\">\n\t\t<div class=\"elementor-element elementor-element-479c1be e-flex e-con-boxed e-con e-child\" data-id=\"479c1be\" data-element_type=\"container\" data-e-type=\"container\" data-settings=\"{&quot;background_background&quot;:&quot;classic&quot;}\">\n\t\t\t\t\t<div class=\"e-con-inner\">\n\t\t\t\t<div class=\"vamtam-has-theme-widget-styles elementor-element elementor-element-4c074bb elementor-grid-3 elementor-grid-tablet-2 elementor-grid-mobile-1 elementor-widget elementor-widget-loop-grid\" data-id=\"4c074bb\" data-element_type=\"widget\" data-e-type=\"widget\" id=\"lab-card\" data-settings=\"{&quot;template_id&quot;:991320,&quot;columns&quot;:3,&quot;row_gap&quot;:{&quot;unit&quot;:&quot;px&quot;,&quot;size&quot;:100,&quot;sizes&quot;:[]},&quot;_skin&quot;:&quot;post&quot;,&quot;columns_tablet&quot;:&quot;2&quot;,&quot;columns_mobile&quot;:&quot;1&quot;,&quot;edit_handle_selector&quot;:&quot;[data-elementor-type=\\&quot;loop-item\\&quot;]&quot;,&quot;row_gap_tablet&quot;:{&quot;unit&quot;:&quot;px&quot;,&quot;size&quot;:&quot;&quot;,&quot;sizes&quot;:[]},&quot;row_gap_mobile&quot;:{&quot;unit&quot;:&quot;px&quot;,&quot;size&quot;:&quot;&quot;,&quot;sizes&quot;:[]}}\" data-widget_type=\"loop-grid.post\">\n\t\t\t\t<div class=\"elementor-widget-container\">\n\t\t\t\t\t\t\t<div class=\"elementor-loop-container elementor-grid\" role=\"list\">\n\t\t<style id=\"loop-991320\">.elementor-991320 .elementor-element.elementor-element-cc4c972{--display:flex;--border-radius:16px 16px 16px 16px;box-shadow:0px 9px 5px -8px rgba(0,0,0,0.5);--padding-top:25px;--padding-bottom:25px;--padding-left:25px;--padding-right:25px;}.elementor-991320 .elementor-element.elementor-element-cc4c972:not(.elementor-motion-effects-element-type-background), .elementor-991320 .elementor-element.elementor-element-cc4c972 > .elementor-motion-effects-container > .elementor-motion-effects-layer{background-color:var( --e-global-color-vamtam_accent_5 );}.elementor-991320 .elementor-element.elementor-element-b8f931a{--display:flex;--padding-top:0px;--padding-bottom:20px;--padding-left:0px;--padding-right:0px;}.elementor-991320 .elementor-element.elementor-element-fbe234d{--spacer-size:20px;}.elementor-991320 .elementor-element.elementor-element-5a3dd27{text-align:start;}.elementor-991320 .elementor-element.elementor-element-5a3dd27 img{width:100%;height:50px;object-fit:contain;object-position:center left;}.elementor-991320 .elementor-element.elementor-element-68e1fa3{--display:flex;--justify-content:flex-start;--padding-top:0px;--padding-bottom:0px;--padding-left:0px;--padding-right:0px;}.elementor-991320 .elementor-element.elementor-element-0048955 .elementor-heading-title{font-family:var( --e-global-typography-vamtam_h5-font-family ), Sans-serif;font-size:var( --e-global-typography-vamtam_h5-font-size );font-weight:var( --e-global-typography-vamtam_h5-font-weight );text-transform:var( --e-global-typography-vamtam_h5-text-transform );line-height:var( --e-global-typography-vamtam_h5-line-height );letter-spacing:var( --e-global-typography-vamtam_h5-letter-spacing );}.elementor-991320 .elementor-element.elementor-element-bb5acd1{--display:flex;--padding-top:0px;--padding-bottom:0px;--padding-left:0px;--padding-right:0px;}.elementor-991320 .elementor-element.elementor-element-a0922e8{--display:flex;--padding-top:20px;--padding-bottom:0px;--padding-left:0px;--padding-right:0px;}.elementor-991320 .elementor-element.elementor-element-4f229e8 .elementor-button-content-wrapper{flex-direction:row-reverse;}@media(max-width:1024px){.elementor-991320 .elementor-element.elementor-element-cc4c972{--justify-content:flex-start;}.elementor-991320 .elementor-element.elementor-element-0048955 .elementor-heading-title{font-size:var( --e-global-typography-vamtam_h5-font-size );line-height:var( --e-global-typography-vamtam_h5-line-height );letter-spacing:var( --e-global-typography-vamtam_h5-letter-spacing );}}@media(min-width:768px){.elementor-991320 .elementor-element.elementor-element-cc4c972{--width:100%;}}@media(max-width:1024px) and (min-width:768px){.elementor-991320 .elementor-element.elementor-element-cc4c972{--width:100%;}}@media(max-width:767px){.elementor-991320 .elementor-element.elementor-element-cc4c972{--width:calc( 100% - 0px);}.elementor-991320 .elementor-element.elementor-element-0048955 .elementor-heading-title{font-size:var( --e-global-typography-vamtam_h5-font-size );line-height:var( --e-global-typography-vamtam_h5-line-height );letter-spacing:var( --e-global-typography-vamtam_h5-letter-spacing );}}<\/style>\t\t<div data-elementor-type=\"loop-item\" data-elementor-id=\"991320\" class=\"elementor elementor-991320 elementor-11943 elementor-11943 e-loop-item e-loop-item-990898 post-990898 labor type-labor status-publish format-standard has-post-thumbnail hentry category-ceska-republika category-farmaceuticke-produkty category-potraviny category-voda\" data-elementor-post-type=\"elementor_library\" data-custom-edit-handle=\"1\">\n\t\t\t<a class=\"elementor-element elementor-element-cc4c972 e-con-full e-flex e-con e-parent\" data-id=\"cc4c972\" data-element_type=\"container\" data-e-type=\"container\" id=\"lab-card\" data-settings=\"{&quot;background_background&quot;:&quot;classic&quot;}\" href=\"https:\/\/viridiuslab.com\/cs\/labor\/ekocentrum-ovalab-s-r-o\/\">\n\t\t<div class=\"elementor-element elementor-element-b8f931a e-flex e-con-boxed e-con e-child\" data-id=\"b8f931a\" data-element_type=\"container\" data-e-type=\"container\">\n\t\t\t\t\t<div class=\"e-con-inner\">\n\t\t\t\t<div class=\"elementor-element elementor-element-fbe234d elementor-widget elementor-widget-spacer\" data-id=\"fbe234d\" data-element_type=\"widget\" data-e-type=\"widget\" data-widget_type=\"spacer.default\">\n\t\t\t\t<div class=\"elementor-widget-container\">\n\t\t\t\t\t\t\t<div class=\"elementor-spacer\">\n\t\t\t<div class=\"elementor-spacer-inner\"><\/div>\n\t\t<\/div>\n\t\t\t\t\t\t<\/div>\n\t\t\t\t<\/div>\n\t\t\t\t<div class=\"elementor-element elementor-element-5a3dd27 elementor-widget elementor-widget-image\" data-id=\"5a3dd27\" data-element_type=\"widget\" data-e-type=\"widget\" data-widget_type=\"image.default\">\n\t\t\t\t<div class=\"elementor-widget-container\">\n\t\t\t\t\t\t\t\t\t\t\t\t\t\t\t<img fetchpriority=\"high\" decoding=\"async\" width=\"1024\" height=\"254\" src=\"https:\/\/viridiuslab.com\/wp-content\/uploads\/2025\/09\/Ovalab_Logo_rgb-1-1024x254.webp\" class=\"attachment-large size-large wp-image-990900\" alt=\"Ovalab_Logo_rgb (1)\" srcset=\"https:\/\/viridiuslab.com\/wp-content\/uploads\/2025\/09\/Ovalab_Logo_rgb-1-1024x254.webp 1024w, https:\/\/viridiuslab.com\/wp-content\/uploads\/2025\/09\/Ovalab_Logo_rgb-1-300x74.webp 300w, https:\/\/viridiuslab.com\/wp-content\/uploads\/2025\/09\/Ovalab_Logo_rgb-1-768x190.webp 768w, https:\/\/viridiuslab.com\/wp-content\/uploads\/2025\/09\/Ovalab_Logo_rgb-1-1536x380.webp 1536w, https:\/\/viridiuslab.com\/wp-content\/uploads\/2025\/09\/Ovalab_Logo_rgb-1.webp 1555w\" sizes=\"(max-width: 1024px) 100vw, 1024px\" \/>\t\t\t\t\t\t\t\t\t\t\t\t\t\t\t<\/div>\n\t\t\t\t<\/div>\n\t\t\t\t\t<\/div>\n\t\t\t\t<\/div>\n\t\t<div class=\"elementor-element elementor-element-68e1fa3 e-flex e-con-boxed e-con e-child\" data-id=\"68e1fa3\" data-element_type=\"container\" data-e-type=\"container\">\n\t\t\t\t\t<div class=\"e-con-inner\">\n\t\t\t\t<div class=\"elementor-element elementor-element-0048955 elementor-widget elementor-widget-heading\" data-id=\"0048955\" data-element_type=\"widget\" data-e-type=\"widget\" data-widget_type=\"heading.default\">\n\t\t\t\t<div class=\"elementor-widget-container\">\n\t\t\t\t\t<h2 class=\"elementor-heading-title elementor-size-default\">EKOCENTRUM OVALAB, s.r.o.<\/h2>\t\t\t\t<\/div>\n\t\t\t\t<\/div>\n\t\t\t\t<div class=\"vamtam-has-theme-widget-styles elementor-element elementor-element-a2d0e61 elementor-widget elementor-widget-text-editor\" data-id=\"a2d0e61\" data-element_type=\"widget\" data-e-type=\"widget\" data-widget_type=\"text-editor.default\">\n\t\t\t\t<div class=\"elementor-widget-container\">\n\t\t\t\t\t\t\t\t\tSpole\u010dnost Ekocentrum Ovalab s.r.o. je akreditovanou chemickou zku\u0161ebn\u00ed laborato\u0159\u00ed pro potraviny, krmiva a dopl\u0148ky stravy podle normy EN ISO\/IEC 17025 a je tak\u00e9 certifikov\u00e1na pro anal\u00fdzu l\u00e9\u010div\u00fdch p\u0159\u00edpravk\u016f podle GMP a podporuje farmaceutickou v\u00fdrobu v oblasti zaji\u0161t\u011bn\u00ed kvality a anal\u00fdzy surovin. \t\t\t\t\t\t\t\t<\/div>\n\t\t\t\t<\/div>\n\t\t\t\t\t<\/div>\n\t\t\t\t<\/div>\n\t\t\t\t<\/a>\n\t\t<div class=\"elementor-element elementor-element-bb5acd1 e-flex e-con-boxed e-con e-parent\" data-id=\"bb5acd1\" data-element_type=\"container\" data-e-type=\"container\">\n\t\t\t\t\t<div class=\"e-con-inner\">\n\t\t<div class=\"elementor-element elementor-element-a0922e8 e-flex e-con-boxed e-con e-child\" data-id=\"a0922e8\" data-element_type=\"container\" data-e-type=\"container\">\n\t\t\t\t\t<div class=\"e-con-inner\">\n\t\t\t\t<div class=\"vamtam-has-theme-widget-styles elementor-element elementor-element-4f229e8 layout-row-reverse elementor-widget elementor-widget-button\" data-id=\"4f229e8\" data-element_type=\"widget\" data-e-type=\"widget\" data-widget_type=\"button.default\">\n\t\t\t\t<div class=\"elementor-widget-container\">\n\t\t\t\t\t\t\t\t\t<div class=\"elementor-button-wrapper\">\n\t\t\t\t\t<a class=\"elementor-button elementor-button-link elementor-size-sm\" href=\"https:\/\/viridiuslab.com\/cs\/labor\/ekocentrum-ovalab-s-r-o\/\">\n\t\t\t\t\t\t<span class=\"elementor-button-content-wrapper\">\n\t\t\t\t\t\t<span class=\"elementor-button-icon\">\n\t\t\t\t<i aria-hidden=\"true\" class=\"vamtamtheme- vamtam-theme-arrow-right\"><\/i>\t\t\t<\/span>\n\t\t\t\t\t\t\t\t\t<span class=\"elementor-button-text\">Zjist\u011bte v\u00edce<\/span>\n\t\t\t\t\t<\/span>\n\t\t\t\t\t<\/a>\n\t\t\t\t<\/div>\n\t\t\t\t\t\t\t\t<\/div>\n\t\t\t\t<\/div>\n\t\t\t\t\t<\/div>\n\t\t\t\t<\/div>\n\t\t\t\t\t<\/div>\n\t\t\t\t<\/div>\n\t\t\t\t<\/div>\n\t\t\t\t<div data-elementor-type=\"loop-item\" data-elementor-id=\"991320\" class=\"elementor elementor-991320 elementor-11943 elementor-11943 e-loop-item e-loop-item-990882 post-990882 labor type-labor status-publish format-standard has-post-thumbnail hentry category-biocidy-a-ochrana-rostlin category-ceska-republika category-podlaha category-potraviny category-voda\" data-elementor-post-type=\"elementor_library\" data-custom-edit-handle=\"1\">\n\t\t\t<a class=\"elementor-element elementor-element-cc4c972 e-con-full e-flex e-con e-parent\" data-id=\"cc4c972\" data-element_type=\"container\" data-e-type=\"container\" id=\"lab-card\" data-settings=\"{&quot;background_background&quot;:&quot;classic&quot;}\" href=\"https:\/\/viridiuslab.com\/cs\/labor\/litolab-spol-s-r-o\/\">\n\t\t<div class=\"elementor-element elementor-element-b8f931a e-flex e-con-boxed e-con e-child\" data-id=\"b8f931a\" data-element_type=\"container\" data-e-type=\"container\">\n\t\t\t\t\t<div class=\"e-con-inner\">\n\t\t\t\t<div class=\"elementor-element elementor-element-fbe234d elementor-widget elementor-widget-spacer\" data-id=\"fbe234d\" data-element_type=\"widget\" data-e-type=\"widget\" data-widget_type=\"spacer.default\">\n\t\t\t\t<div class=\"elementor-widget-container\">\n\t\t\t\t\t\t\t<div class=\"elementor-spacer\">\n\t\t\t<div class=\"elementor-spacer-inner\"><\/div>\n\t\t<\/div>\n\t\t\t\t\t\t<\/div>\n\t\t\t\t<\/div>\n\t\t\t\t<div class=\"elementor-element elementor-element-5a3dd27 elementor-widget elementor-widget-image\" data-id=\"5a3dd27\" data-element_type=\"widget\" data-e-type=\"widget\" data-widget_type=\"image.default\">\n\t\t\t\t<div class=\"elementor-widget-container\">\n\t\t\t\t\t\t\t\t\t\t\t\t\t\t\t<img decoding=\"async\" width=\"1024\" height=\"285\" src=\"https:\/\/viridiuslab.com\/wp-content\/uploads\/2023\/11\/Litolab-Logo-1024x285.webp\" class=\"attachment-large size-large wp-image-990883\" alt=\"Logo spole\u010dnosti Litolab\" srcset=\"https:\/\/viridiuslab.com\/wp-content\/uploads\/2023\/11\/Litolab-Logo-1024x285.webp 1024w, https:\/\/viridiuslab.com\/wp-content\/uploads\/2023\/11\/Litolab-Logo-300x84.webp 300w, https:\/\/viridiuslab.com\/wp-content\/uploads\/2023\/11\/Litolab-Logo-768x214.webp 768w, https:\/\/viridiuslab.com\/wp-content\/uploads\/2023\/11\/Litolab-Logo-1536x428.webp 1536w, https:\/\/viridiuslab.com\/wp-content\/uploads\/2023\/11\/Litolab-Logo-2048x570.webp 2048w, https:\/\/viridiuslab.com\/wp-content\/uploads\/2023\/11\/Litolab-Logo-770x214.webp 770w\" sizes=\"(max-width: 1024px) 100vw, 1024px\" \/>\t\t\t\t\t\t\t\t\t\t\t\t\t\t\t<\/div>\n\t\t\t\t<\/div>\n\t\t\t\t\t<\/div>\n\t\t\t\t<\/div>\n\t\t<div class=\"elementor-element elementor-element-68e1fa3 e-flex e-con-boxed e-con e-child\" data-id=\"68e1fa3\" data-element_type=\"container\" data-e-type=\"container\">\n\t\t\t\t\t<div class=\"e-con-inner\">\n\t\t\t\t<div class=\"elementor-element elementor-element-0048955 elementor-widget elementor-widget-heading\" data-id=\"0048955\" data-element_type=\"widget\" data-e-type=\"widget\" data-widget_type=\"heading.default\">\n\t\t\t\t<div class=\"elementor-widget-container\">\n\t\t\t\t\t<h2 class=\"elementor-heading-title elementor-size-default\">LITOLAB, spol. s r.o.<\/h2>\t\t\t\t<\/div>\n\t\t\t\t<\/div>\n\t\t\t\t<div class=\"vamtam-has-theme-widget-styles elementor-element elementor-element-a2d0e61 elementor-widget elementor-widget-text-editor\" data-id=\"a2d0e61\" data-element_type=\"widget\" data-e-type=\"widget\" data-widget_type=\"text-editor.default\">\n\t\t\t\t<div class=\"elementor-widget-container\">\n\t\t\t\t\t\t\t\t\tSpole\u010dnost Litolab s.r.o. nab\u00edz\u00ed komplexn\u00ed portfolio v oblasti anal\u00fdzy \u017eivotn\u00edho prost\u0159ed\u00ed, od odb\u011bru vzork\u016f a\u017e po zpr\u00e1vy o zkou\u0161k\u00e1ch s doporu\u010den\u00edmi pro dal\u0161\u00ed postup.\t\t\t\t\t\t\t\t<\/div>\n\t\t\t\t<\/div>\n\t\t\t\t\t<\/div>\n\t\t\t\t<\/div>\n\t\t\t\t<\/a>\n\t\t<div class=\"elementor-element elementor-element-bb5acd1 e-flex e-con-boxed e-con e-parent\" data-id=\"bb5acd1\" data-element_type=\"container\" data-e-type=\"container\">\n\t\t\t\t\t<div class=\"e-con-inner\">\n\t\t<div class=\"elementor-element elementor-element-a0922e8 e-flex e-con-boxed e-con e-child\" data-id=\"a0922e8\" data-element_type=\"container\" data-e-type=\"container\">\n\t\t\t\t\t<div class=\"e-con-inner\">\n\t\t\t\t<div class=\"vamtam-has-theme-widget-styles elementor-element elementor-element-4f229e8 layout-row-reverse elementor-widget elementor-widget-button\" data-id=\"4f229e8\" data-element_type=\"widget\" data-e-type=\"widget\" data-widget_type=\"button.default\">\n\t\t\t\t<div class=\"elementor-widget-container\">\n\t\t\t\t\t\t\t\t\t<div class=\"elementor-button-wrapper\">\n\t\t\t\t\t<a class=\"elementor-button elementor-button-link elementor-size-sm\" href=\"https:\/\/viridiuslab.com\/cs\/labor\/litolab-spol-s-r-o\/\">\n\t\t\t\t\t\t<span class=\"elementor-button-content-wrapper\">\n\t\t\t\t\t\t<span class=\"elementor-button-icon\">\n\t\t\t\t<i aria-hidden=\"true\" class=\"vamtamtheme- vamtam-theme-arrow-right\"><\/i>\t\t\t<\/span>\n\t\t\t\t\t\t\t\t\t<span class=\"elementor-button-text\">Zjist\u011bte v\u00edce<\/span>\n\t\t\t\t\t<\/span>\n\t\t\t\t\t<\/a>\n\t\t\t\t<\/div>\n\t\t\t\t\t\t\t\t<\/div>\n\t\t\t\t<\/div>\n\t\t\t\t\t<\/div>\n\t\t\t\t<\/div>\n\t\t\t\t\t<\/div>\n\t\t\t\t<\/div>\n\t\t\t\t<\/div>\n\t\t\t\t<div data-elementor-type=\"loop-item\" data-elementor-id=\"991320\" class=\"elementor elementor-991320 elementor-11943 elementor-11943 e-loop-item e-loop-item-992182 post-992182 labor type-labor status-publish format-standard has-post-thumbnail hentry category-ceska-republika category-podlaha category-poradenstvi category-voda\" data-elementor-post-type=\"elementor_library\" data-custom-edit-handle=\"1\">\n\t\t\t<a class=\"elementor-element elementor-element-cc4c972 e-con-full e-flex e-con e-parent\" data-id=\"cc4c972\" data-element_type=\"container\" data-e-type=\"container\" id=\"lab-card\" data-settings=\"{&quot;background_background&quot;:&quot;classic&quot;}\" href=\"https:\/\/viridiuslab.com\/cs\/labor\/vz-lab-s-r-o\/\">\n\t\t<div class=\"elementor-element elementor-element-b8f931a e-flex e-con-boxed e-con e-child\" data-id=\"b8f931a\" data-element_type=\"container\" data-e-type=\"container\">\n\t\t\t\t\t<div class=\"e-con-inner\">\n\t\t\t\t<div class=\"elementor-element elementor-element-fbe234d elementor-widget elementor-widget-spacer\" data-id=\"fbe234d\" data-element_type=\"widget\" data-e-type=\"widget\" data-widget_type=\"spacer.default\">\n\t\t\t\t<div class=\"elementor-widget-container\">\n\t\t\t\t\t\t\t<div class=\"elementor-spacer\">\n\t\t\t<div class=\"elementor-spacer-inner\"><\/div>\n\t\t<\/div>\n\t\t\t\t\t\t<\/div>\n\t\t\t\t<\/div>\n\t\t\t\t<div class=\"elementor-element elementor-element-5a3dd27 elementor-widget elementor-widget-image\" data-id=\"5a3dd27\" data-element_type=\"widget\" data-e-type=\"widget\" data-widget_type=\"image.default\">\n\t\t\t\t<div class=\"elementor-widget-container\">\n\t\t\t\t\t\t\t\t\t\t\t\t\t\t\t<img decoding=\"async\" width=\"1024\" height=\"337\" src=\"https:\/\/viridiuslab.com\/wp-content\/uploads\/2023\/08\/VZ-Lab-Logo-1024x337.webp\" class=\"attachment-large size-large wp-image-992186\" alt=\"Logo VZ Lab\" srcset=\"https:\/\/viridiuslab.com\/wp-content\/uploads\/2023\/08\/VZ-Lab-Logo-1024x337.webp 1024w, https:\/\/viridiuslab.com\/wp-content\/uploads\/2023\/08\/VZ-Lab-Logo-300x99.webp 300w, https:\/\/viridiuslab.com\/wp-content\/uploads\/2023\/08\/VZ-Lab-Logo-768x253.webp 768w, https:\/\/viridiuslab.com\/wp-content\/uploads\/2023\/08\/VZ-Lab-Logo-1536x505.webp 1536w, https:\/\/viridiuslab.com\/wp-content\/uploads\/2023\/08\/VZ-Lab-Logo-2048x674.webp 2048w, https:\/\/viridiuslab.com\/wp-content\/uploads\/2023\/08\/VZ-Lab-Logo-770x253.webp 770w\" sizes=\"(max-width: 1024px) 100vw, 1024px\" \/>\t\t\t\t\t\t\t\t\t\t\t\t\t\t\t<\/div>\n\t\t\t\t<\/div>\n\t\t\t\t\t<\/div>\n\t\t\t\t<\/div>\n\t\t<div class=\"elementor-element elementor-element-68e1fa3 e-flex e-con-boxed e-con e-child\" data-id=\"68e1fa3\" data-element_type=\"container\" data-e-type=\"container\">\n\t\t\t\t\t<div class=\"e-con-inner\">\n\t\t\t\t<div class=\"elementor-element elementor-element-0048955 elementor-widget elementor-widget-heading\" data-id=\"0048955\" data-element_type=\"widget\" data-e-type=\"widget\" data-widget_type=\"heading.default\">\n\t\t\t\t<div class=\"elementor-widget-container\">\n\t\t\t\t\t<h2 class=\"elementor-heading-title elementor-size-default\">VZ lab s.r.o.<\/h2>\t\t\t\t<\/div>\n\t\t\t\t<\/div>\n\t\t\t\t<div class=\"vamtam-has-theme-widget-styles elementor-element elementor-element-a2d0e61 elementor-widget elementor-widget-text-editor\" data-id=\"a2d0e61\" data-element_type=\"widget\" data-e-type=\"widget\" data-widget_type=\"text-editor.default\">\n\t\t\t\t<div class=\"elementor-widget-container\">\n\t\t\t\t\t\t\t\t\tVZ lab s.r.o. nab\u00edz\u00ed akreditovan\u00fd odb\u011br vzork\u016f vody, p\u016fdy, kal\u016f, sediment\u016f a odpad\u016f, spojen\u00fd s kvalitn\u00edmi analytick\u00fdmi slu\u017ebami, individu\u00e1ln\u00edm p\u0159\u00edstupem k z\u00e1kazn\u00edkovi, rychlost\u00ed, flexibilitou a p\u0159\u00edzniv\u00fdmi cenami.\t\t\t\t\t\t\t\t<\/div>\n\t\t\t\t<\/div>\n\t\t\t\t\t<\/div>\n\t\t\t\t<\/div>\n\t\t\t\t<\/a>\n\t\t<div class=\"elementor-element elementor-element-bb5acd1 e-flex e-con-boxed e-con e-parent\" data-id=\"bb5acd1\" data-element_type=\"container\" data-e-type=\"container\">\n\t\t\t\t\t<div class=\"e-con-inner\">\n\t\t<div class=\"elementor-element elementor-element-a0922e8 e-flex e-con-boxed e-con e-child\" data-id=\"a0922e8\" data-element_type=\"container\" data-e-type=\"container\">\n\t\t\t\t\t<div class=\"e-con-inner\">\n\t\t\t\t<div class=\"vamtam-has-theme-widget-styles elementor-element elementor-element-4f229e8 layout-row-reverse elementor-widget elementor-widget-button\" data-id=\"4f229e8\" data-element_type=\"widget\" data-e-type=\"widget\" data-widget_type=\"button.default\">\n\t\t\t\t<div class=\"elementor-widget-container\">\n\t\t\t\t\t\t\t\t\t<div class=\"elementor-button-wrapper\">\n\t\t\t\t\t<a class=\"elementor-button elementor-button-link elementor-size-sm\" href=\"https:\/\/viridiuslab.com\/cs\/labor\/vz-lab-s-r-o\/\">\n\t\t\t\t\t\t<span class=\"elementor-button-content-wrapper\">\n\t\t\t\t\t\t<span class=\"elementor-button-icon\">\n\t\t\t\t<i aria-hidden=\"true\" class=\"vamtamtheme- vamtam-theme-arrow-right\"><\/i>\t\t\t<\/span>\n\t\t\t\t\t\t\t\t\t<span class=\"elementor-button-text\">Zjist\u011bte v\u00edce<\/span>\n\t\t\t\t\t<\/span>\n\t\t\t\t\t<\/a>\n\t\t\t\t<\/div>\n\t\t\t\t\t\t\t\t<\/div>\n\t\t\t\t<\/div>\n\t\t\t\t\t<\/div>\n\t\t\t\t<\/div>\n\t\t\t\t\t<\/div>\n\t\t\t\t<\/div>\n\t\t\t\t<\/div>\n\t\t\t\t<\/div>\n\t\t\n\t\t\t\t\t\t<\/div>\n\t\t\t\t<\/div>\n\t\t\t\t\t<\/div>\n\t\t\t\t<\/div>\n\t\t\t\t<\/div>\n\t\t\t\t<\/div>\n\t\t","protected":false},"excerpt":{"rendered":"<p>partnersk\u00e9 laborato\u0159e viridiusLAB v \u010cesk\u00e9 republice \u010cesk\u00e1 republika je d\u016fle\u017eit\u00fdm m\u00edstem v s\u00edti viridiusLAB. Na\u0161e partnersk\u00e9 laborato\u0159e podporuj\u00ed pr\u016fmysl, v\u00fdzkum a ve\u0159ejn\u00e9 instituce \u0161irokou \u0161k\u00e1lou modern\u00edch analytick\u00fdch metod &#8211; od chemick\u00fdch a mikrobiologick\u00fdch test\u016f a\u017e po anal\u00fdzy materi\u00e1l\u016f, potravin a \u017eivotn\u00edho prost\u0159ed\u00ed. V\u0161echny \u00fastavy pracuj\u00ed podle mezin\u00e1rodn\u00edch norem, jako je DIN EN ISO\/IEC 17025, a&#8230;<\/p>\n","protected":false},"author":1,"featured_media":990906,"parent":0,"menu_order":0,"comment_status":"closed","ping_status":"closed","template":"","meta":{"_acf_changed":false,"_seowing_meta_title":"Laborato\u0159e v \u010cesk\u00e9 republice | viridiusLAB pobo\u010dky","_seowing_meta_description":"Laborato\u0159e viridiusLAB v \u010cesk\u00e9 republice: Akreditovan\u00e9 zku\u0161ebn\u00ed laborato\u0159e pro environment\u00e1ln\u00ed, vodn\u00ed a potravinovou analytiku.","_seowing_focus_keyword":"laborato\u0159e \u010cesk\u00e1 republika","_seowing_canonical_url":"","_seowing_robots":"","_seowing_robots_noindex":false,"_seowing_robots_nofollow":false,"_seowing_seo_score":60,"_expert_id":0,"footnotes":""},"class_list":["post-991591","page","type-page","status-publish","has-post-thumbnail","hentry"],"acf":[],"_links":{"self":[{"href":"https:\/\/viridiuslab.com\/cs\/wp-json\/wp\/v2\/pages\/991591","targetHints":{"allow":["GET"]}}],"collection":[{"href":"https:\/\/viridiuslab.com\/cs\/wp-json\/wp\/v2\/pages"}],"about":[{"href":"https:\/\/viridiuslab.com\/cs\/wp-json\/wp\/v2\/types\/page"}],"author":[{"embeddable":true,"href":"https:\/\/viridiuslab.com\/cs\/wp-json\/wp\/v2\/users\/1"}],"replies":[{"embeddable":true,"href":"https:\/\/viridiuslab.com\/cs\/wp-json\/wp\/v2\/comments?post=991591"}],"version-history":[{"count":1,"href":"https:\/\/viridiuslab.com\/cs\/wp-json\/wp\/v2\/pages\/991591\/revisions"}],"predecessor-version":[{"id":991593,"href":"https:\/\/viridiuslab.com\/cs\/wp-json\/wp\/v2\/pages\/991591\/revisions\/991593"}],"wp:featuredmedia":[{"embeddable":true,"href":"https:\/\/viridiuslab.com\/cs\/wp-json\/wp\/v2\/media\/990906"}],"wp:attachment":[{"href":"https:\/\/viridiuslab.com\/cs\/wp-json\/wp\/v2\/media?parent=991591"}],"curies":[{"name":"wp","href":"https:\/\/api.w.org\/{rel}","templated":true}]}}