{"id":991578,"date":"2025-10-06T14:44:07","date_gmt":"2025-10-06T14:44:07","guid":{"rendered":"https:\/\/viridiuslab.com\/ochrana-udaju\/"},"modified":"2026-02-10T10:41:48","modified_gmt":"2026-02-10T10:41:48","slug":"ochrana-udaju","status":"publish","type":"page","link":"https:\/\/viridiuslab.com\/cs\/ochrana-udaju\/","title":{"rendered":"Ochrana \u00fadaj\u016f"},"content":{"rendered":"\t\t<div data-elementor-type=\"wp-page\" data-elementor-id=\"991578\" class=\"elementor elementor-991578 elementor-988916\" data-elementor-post-type=\"page\">\n\t\t\t\t<div class=\"elementor-element elementor-element-ae590c9 e-flex e-con-boxed e-con e-parent\" data-id=\"ae590c9\" data-element_type=\"container\" data-e-type=\"container\">\n\t\t\t\t\t<div class=\"e-con-inner\">\n\t\t<div class=\"elementor-element elementor-element-d2a34a5 e-con-full e-flex e-con e-child\" data-id=\"d2a34a5\" data-element_type=\"container\" data-e-type=\"container\">\n\t\t\t\t<div class=\"elementor-element elementor-element-0430a27 animated-fast elementor-invisible elementor-widget elementor-widget-heading\" data-id=\"0430a27\" data-element_type=\"widget\" data-e-type=\"widget\" data-settings=\"{&quot;_animation&quot;:&quot;fadeIn&quot;,&quot;_animation_delay&quot;:50}\" data-widget_type=\"heading.default\">\n\t\t\t\t<div class=\"elementor-widget-container\">\n\t\t\t\t\t<h1 class=\"elementor-heading-title elementor-size-default\">Z\u00e1sady ochrany osobn\u00edch \u00fadaj\u016f<\/h1>\t\t\t\t<\/div>\n\t\t\t\t<\/div>\n\t\t\t\t<div class=\"elementor-element elementor-element-891d818 animated-fast elementor-invisible elementor-widget elementor-widget-heading\" data-id=\"891d818\" data-element_type=\"widget\" data-e-type=\"widget\" data-settings=\"{&quot;_animation&quot;:&quot;fadeIn&quot;,&quot;_animation_delay&quot;:50}\" data-widget_type=\"heading.default\">\n\t\t\t\t<div class=\"elementor-widget-container\">\n\t\t\t\t\t<h2 class=\"elementor-heading-title elementor-size-default\">Z\u00c1SADY OCHRANY OSOBN\u00cdCH \u00daDAJ\u016e NA WEBOV\u00ddCH STR\u00c1NK\u00c1CH<\/h2>\t\t\t\t<\/div>\n\t\t\t\t<\/div>\n\t\t\t\t<div class=\"vamtam-has-theme-widget-styles elementor-element elementor-element-906566f elementor-widget__width-inherit elementor-widget elementor-widget-text-editor\" data-id=\"906566f\" data-element_type=\"widget\" data-e-type=\"widget\" data-widget_type=\"text-editor.default\">\n\t\t\t\t<div class=\"elementor-widget-container\">\n\t\t\t\t\t\t\t\t\t<p>viridiusLAB AG (d\u00e1le jen &#8222;viridius&#8220;, &#8222;viridiusLAB&#8220; nebo &#8222;my&#8220;) je spr\u00e1vcem ve smyslu \u010dl. 4 odst. 7 obecn\u00e9ho na\u0159\u00edzen\u00ed EU o ochran\u011b osobn\u00edch \u00fadaj\u016f (&#8222;GDPR&#8220;), pokud jde o zpracov\u00e1n\u00ed osobn\u00edch \u00fadaj\u016f n\u00e1v\u0161t\u011bvn\u00edk\u016f na\u0161ich webov\u00fdch str\u00e1nek <a href=\"http:\/\/www.viridiuslab.com\">www.viridiuslab.com<\/a> (podrobnosti viz bod I.).<\/p><p>V souladu s \u010dl. 13 GDPR popisuj\u00ed tyto z\u00e1sady ochrany osobn\u00edch \u00fadaj\u016f mimo jin\u00e9 typy osobn\u00edch \u00fadaj\u016f, kter\u00e9 zpracov\u00e1v\u00e1me, \u00fa\u010dely, pro kter\u00e9 osobn\u00ed \u00fadaje zpracov\u00e1v\u00e1me, a t\u0159et\u00ed strany, s nimi\u017e \u00fadaje sd\u00edl\u00edme, kdy\u017e nav\u0161t\u00edv\u00edte na\u0161e webov\u00e9 str\u00e1nky. D\u00e1le v\u00e1s informujeme o va\u0161ich pr\u00e1vech v souvislosti s va\u0161imi osobn\u00edmi \u00fadaji a o tom, jak m\u016f\u017eete tato pr\u00e1va uplatnit. <\/p><h3><b>I. Kdo je odpov\u011bdn\u00fd za zpracov\u00e1n\u00ed \u00fadaj\u016f? <\/b><\/h3><p>je spr\u00e1vcem ve smyslu \u010dl. 4 odst. 7 GDPR:<\/p><div class=\"address\">viridiusLAB AG<br>Jasomirgottstra\u00dfe 6\/5<br>1010 V\u00edde\u0148<br>FN 551300k<br>ATU76840769<\/div><p>M\u016f\u017eete n\u00e1s kontaktovat na adrese<\/p><p>Tel: +43 (1) 9093440<br>E-mail: <a href=\"mailto:office@viridiuslab.com\">office@viridiuslab.com<\/a><\/p><p>Kontaktn\u00ed \u00fadaje pov\u011b\u0159ence pro ochranu osobn\u00edch \u00fadaj\u016f: <a href=\"mailto:datenschutz@viridiuslab.com\">datenschutz@viridiuslab.com<\/a><\/p><h3><b>II. Jak\u00e9 osobn\u00ed \u00fadaje zpracov\u00e1v\u00e1me?<\/b><\/h3><p>Osobn\u00edmi \u00fadaji rozum\u00edme v\u0161echny informace, kter\u00e9 se t\u00fdkaj\u00ed v\u00e1s jako osoby (\u010dl. 4 Z 1 GDPR).<\/p><p>P\u0159i pou\u017e\u00edv\u00e1n\u00ed na\u0161ich webov\u00fdch str\u00e1nek m\u016f\u017eeme zpracov\u00e1vat osobn\u00ed \u00fadaje, kter\u00e9 n\u00e1m dobrovoln\u011b poskytnete (nap\u0159. prost\u0159ednictv\u00edm na\u0161ich kontaktn\u00edch mo\u017enost\u00ed).<\/p><p>Na\u0161e webov\u00e9 str\u00e1nky v\u0161ak m\u016f\u017eete nav\u0161t\u00edvit i bez toho, abyste n\u00e1m aktivn\u011b poskytovali informace o sob\u011b. V takov\u00e9m p\u0159\u00edpad\u011b shroma\u017e\u010fujeme pouze ur\u010dit\u00e9 \u00fadaje, kter\u00e9 v\u00e1\u0161 prohl\u00ed\u017ee\u010d p\u0159en\u00e1\u0161\u00ed na n\u00e1\u0161 webov\u00fd server (soubory protokolu), a \u00fadaje, kter\u00e9 shroma\u017e\u010fujeme pomoc\u00ed soubor\u016f cookie nebo podobn\u00fdch technologi\u00ed. <\/p><h3><b>III Za jak\u00fdm \u00fa\u010delem a na jak\u00e9m pr\u00e1vn\u00edm z\u00e1klad\u011b zpracov\u00e1v\u00e1me va\u0161e osobn\u00ed \u00fadaje? <\/b><\/h3><h4><b>1. na\u0161e online nab\u00eddky<\/b><\/h4><p>Pokud s n\u00e1mi aktivn\u011b komunikujete prost\u0159ednictv\u00edm na\u0161ich webov\u00fdch str\u00e1nek, zpracov\u00e1v\u00e1me osobn\u00ed \u00fadaje, kter\u00e9 n\u00e1m dobrovoln\u011b poskytnete. T\u00fdk\u00e1 se to zejm\u00e9na na\u0161ich n\u00e1sleduj\u00edc\u00edch nab\u00eddek: <\/p><h5><b>a) Nav\u00e1z\u00e1n\u00ed kontaktu:<\/b><\/h5><p>Pokud se rozhodnete n\u00e1s kontaktovat prost\u0159ednictv\u00edm kontaktn\u00edch mo\u017enost\u00ed uveden\u00fdch na na\u0161ich webov\u00fdch str\u00e1nk\u00e1ch, budou zpracov\u00e1ny osobn\u00ed \u00fadaje, kter\u00e9 n\u00e1m poskytnete (nap\u0159. jm\u00e9no, e-mailov\u00e1 adresa, adresa, obsah zpr\u00e1vy). Zpracov\u00e1v\u00e1me je za \u00fa\u010delem zodpov\u011bzen\u00ed va\u0161ich dotaz\u016f, vy\u0159\u00edzen\u00ed va\u0161ich po\u017eadavk\u016f nebo jin\u00e9 komunikace s v\u00e1mi (pr\u00e1vn\u00ed z\u00e1klad: \u010dl. 6 odst. 1 p\u00edsm. b GDPR &#8211; <i>pln\u011bn\u00ed smlouvy nebo prov\u00e1d\u011bn\u00ed p\u0159edsmluvn\u00edch opat\u0159en\u00ed<\/i>). <\/p><p>N\u011bkter\u00e9 \u00fadaje, kter\u00e9 po\u017eadujeme v souvislosti s na\u0161imi v\u00fd\u0161e uveden\u00fdmi nab\u00eddkami, mohou b\u00fdt ozna\u010deny jako povinn\u00e1 pole(*). Tyto \u00fadaje nejste povinni poskytnout. Bez poskytnut\u00ed t\u011bchto \u00fadaj\u016f v\u0161ak mo\u017en\u00e1 nebudeme moci zpracovat va\u0161i popt\u00e1vku nebo poskytnout na\u0161e slu\u017eby.  <\/p><h4><b>2. soubory protokolu<\/b><\/h4><p>Na\u0161e webov\u00e9 str\u00e1nky m\u016f\u017eete nav\u0161t\u00edvit i bez toho, abyste n\u00e1m o sob\u011b aktivn\u011b poskytovali informace. V takov\u00e9m p\u0159\u00edpad\u011b shroma\u017e\u010fujeme ur\u010dit\u00e9 \u00fadaje, kter\u00e9 v\u00e1\u0161 prohl\u00ed\u017ee\u010d p\u0159en\u00e1\u0161\u00ed na n\u00e1\u0161 webov\u00fd server (soubory protokolu). <\/p><p>Na\u0161e soubory protokolu obsahuj\u00ed n\u00e1sleduj\u00edc\u00ed informace: (ii) typ, verzi a nastaven\u00ed va\u0161eho webov\u00e9ho prohl\u00ed\u017ee\u010de, (iii) v\u00e1\u0161 opera\u010dn\u00ed syst\u00e9m a poskytovatele slu\u017eeb, (iv) po\u017eadovan\u00e9 str\u00e1nky a soubory, (v) webov\u00e9 str\u00e1nky, kter\u00e9 jste pou\u017eili p\u0159ed n\u00e1v\u0161t\u011bvou na\u0161ich webov\u00fdch str\u00e1nek, a (vi) va\u0161i IP adresu. IP adresa je specifick\u00e9 \u010d\u00edslo p\u0159id\u011blen\u00e9 va\u0161emu po\u010d\u00edta\u010di, kter\u00e9 umo\u017e\u0148uje va\u0161emu za\u0159\u00edzen\u00ed komunikovat v s\u00edti prost\u0159ednictv\u00edm internetov\u00e9ho protokolu (IP). IP adresy mohou b\u00fdt kvalifikov\u00e1ny jako osobn\u00ed \u00fadaje, proto\u017ee za ur\u010dit\u00fdch okolnost\u00ed umo\u017e\u0148uj\u00ed identifikaci u\u017eivatele.       <\/p><p>Zpracov\u00e1n\u00ed t\u011bchto protokolov\u00fdch soubor\u016f je pro n\u00e1s nezbytn\u00e9 k zaji\u0161t\u011bn\u00ed funk\u010dnosti, stability a bezpe\u010dnosti na\u0161ich webov\u00fdch str\u00e1nek. M\u016f\u017eeme je tak\u00e9 zpracov\u00e1vat v r\u00e1mci forenzn\u00edho vy\u0161et\u0159ov\u00e1n\u00ed v p\u0159\u00edpad\u011b bezpe\u010dnostn\u00edho incidentu nebo za \u00fa\u010delem sestaven\u00ed anonymizovan\u00fdch u\u017eivatelsk\u00fdch statistik (pr\u00e1vn\u00ed z\u00e1klad: \u010dl. 6 odst. 1 p\u00edsm. f GDPR &#8211; <i>opr\u00e1vn\u011bn\u00fd z\u00e1jem na zachov\u00e1n\u00ed funk\u010dnosti, stability a bezpe\u010dnosti na\u0161ich webov\u00fdch str\u00e1nek<\/i>). <\/p><h4><b>3. soubory cookie<\/b><\/h4><p>Tyto webov\u00e9 str\u00e1nky pou\u017e\u00edvaj\u00ed tak\u00e9 soubory cookie. Jedn\u00e1 se o mal\u00e9 textov\u00e9 soubory, kter\u00e9 mohou b\u00fdt ulo\u017eeny ve va\u0161em za\u0159\u00edzen\u00ed, kdy\u017e nav\u0161t\u00edv\u00edte na\u0161e webov\u00e9 str\u00e1nky, a kter\u00e9 o v\u00e1s uchov\u00e1vaj\u00ed ur\u010dit\u00e9 informace. Soubory cookie nemohou p\u0159istupovat k jin\u00fdm \u00fadaj\u016fm ulo\u017een\u00fdm ve va\u0161em za\u0159\u00edzen\u00ed, \u010d\u00edst je ani je m\u011bnit. Kdy\u017e hovo\u0159\u00edme o &#8222;souborech cookie&#8220;, zahrnujeme t\u00edm i dal\u0161\u00ed technologie s podobn\u00fdm \u00fa\u010delem, jako jsou pixelov\u00e9 zna\u010dky.   <\/p><p>Na na\u0161ich webov\u00fdch str\u00e1nk\u00e1ch pou\u017e\u00edv\u00e1me dva typy soubor\u016f cookie:<\/p><ul><li>Nezbytn\u00e9 soubory cookie: Bez nezbytn\u00fdch soubor\u016f cookie by nebyla zaru\u010dena spr\u00e1vn\u00e1 funk\u010dnost na\u0161ich webov\u00fdch str\u00e1nek nebo jen v omezen\u00e9 m\u00ed\u0159e. Pou\u017e\u00edv\u00e1n\u00ed nezbytn\u00fdch soubor\u016f cookie na na\u0161ich webov\u00fdch str\u00e1nk\u00e1ch je mo\u017en\u00e9 bez va\u0161eho souhlasu. Soubory cookie v\u0161ak m\u016f\u017eete kdykoli deaktivovat zm\u011bnou nastaven\u00ed sv\u00e9ho prohl\u00ed\u017ee\u010de. Podrobn\u00fd popis pou\u017e\u00edvan\u00fdch nezbytn\u00fdch soubor\u016f cookie a p\u0159\u00edslu\u0161n\u00fdch \u00fa\u010del\u016f zpracov\u00e1n\u00ed naleznete n\u00ed\u017ee (pr\u00e1vn\u00ed z\u00e1klad: \u010dl. 6 odst. 1 p\u00edsm. f GDPR &#8211; <i>opr\u00e1vn\u011bn\u00fd z\u00e1jem<\/i>).   <\/li><li>Nepovinn\u00e9 soubory cookie: Tyto typy soubor\u016f cookie lze pou\u017e\u00edt ke zlep\u0161en\u00ed na\u0161ich webov\u00fdch str\u00e1nek, optimalizaci u\u017eivatelsk\u00e9ho prost\u0159ed\u00ed, anal\u00fdze chov\u00e1n\u00ed u\u017eivatel\u016f nebo personalizaci marketingov\u00fdch aktivit. Nepovinn\u00e9 soubory cookie mohou pou\u017e\u00edvat tak\u00e9 extern\u00ed reklamn\u00ed spole\u010dnosti (&#8222;soubory cookie t\u0159et\u00edch stran&#8220;). Nepovinn\u00e9 soubory cookie se pou\u017e\u00edvaj\u00ed pouze s va\u0161\u00edm souhlasem, kter\u00fd m\u016f\u017eete ud\u011blit kliknut\u00edm na tla\u010d\u00edtko &#8222;OK&#8220; (&#8222;Souhlas\u00edm&#8220;) na banneru se soubory cookie na na\u0161ich webov\u00fdch str\u00e1nk\u00e1ch. Tento souhlas lze kdykoli odvolat s \u00fa\u010dinnost\u00ed do budoucna jeho vymaz\u00e1n\u00edm ve va\u0161em prohl\u00ed\u017ee\u010di nebo \u00fapravou va\u0161ich preferenc\u00ed v \u010d\u00e1sti &#8222;Upravit nastaven\u00ed soubor\u016f cookie&#8220; v z\u00e1pat\u00ed t\u00e9to webov\u00e9 str\u00e1nky. Podrobn\u00fd popis pou\u017e\u00edvan\u00fdch nepovinn\u00fdch soubor\u016f cookie a p\u0159\u00edslu\u0161n\u00fdch \u00fa\u010del\u016f zpracov\u00e1n\u00ed naleznete n\u00ed\u017ee (pr\u00e1vn\u00ed z\u00e1klad: \u010dl. 6 odst. 1 p\u00edsm. a GDPR &#8211; <i>souhlas<\/i>).    <\/li><\/ul><h5><b>Pou\u017eit\u00e9 nezbytn\u00e9 soubory cookie  <\/b><\/h5><table><thead><tr><th><b>N\u00e1zev souboru cookie<\/b><\/th><th><b>\u00da\u010del<\/b><\/th><th><b>Doba ulo\u017een\u00ed<\/b><\/th><\/tr><\/thead><tbody><tr><td>AcceptCookies<\/td><td>Nezbytn\u00e9 pro identifikaci p\u0159ihl\u00e1\u0161en\u00e9ho u\u017eivatele (nutn\u00e9 pro p\u0159ihl\u00e1\u0161en\u00ed)<\/td><td>365 dn\u00ed<\/td><\/tr><\/tbody><\/table><h5><b>Pou\u017eit\u00e9 nepovinn\u00e9 soubory cookie<\/b><\/h5><table><thead><tr><th><b>N\u00e1zev souboru cookie<\/b><\/th><th><b>\u00da\u010del<\/b><\/th><th><b>Doba ulo\u017een\u00ed<\/b><\/th><\/tr><\/thead><tbody><tr><td>_ga<\/td><td>Jedn\u00e1 se o soubor cookie prvn\u00ed strany, kter\u00fd zaznamen\u00e1v\u00e1 jedine\u010dn\u00e9 ID, je\u017e se pou\u017e\u00edv\u00e1 k vytv\u00e1\u0159en\u00ed statistick\u00fdch informac\u00ed o tom, jak u\u017eivatel pou\u017e\u00edv\u00e1 webov\u00e9 str\u00e1nky.<\/td><td>_ga vypr\u0161\u00ed po 2 letech<\/td><\/tr><tr><td>_gat<br>_gid<\/td><td>Google Analytics: Tyto soubory cookie pou\u017e\u00edv\u00e1me k zaznamen\u00e1v\u00e1n\u00ed toho, jak n\u00e1v\u0161t\u011bvn\u00edci pou\u017e\u00edvaj\u00ed na\u0161e webov\u00e9 str\u00e1nky. Tyto informace pou\u017e\u00edv\u00e1me k sestavov\u00e1n\u00ed zpr\u00e1v a zlep\u0161ov\u00e1n\u00ed webov\u00fdch str\u00e1nek. V\u00edce informac\u00ed o pou\u017e\u00edv\u00e1n\u00ed slu\u017eby Google Analytics najdete n\u00ed\u017ee.<br>Soubor cookie k rozli\u0161en\u00ed jednotliv\u00fdch u\u017eivatel\u016f na dom\u00e9n\u011b.  <\/td><td>_gat vypr\u0161\u00ed po 1 minut\u011b<br>_gid vypr\u0161\u00ed po 24 hodin\u00e1ch.<\/td><\/tr><\/tbody><\/table><p>Google Analytics:<\/p><p>Na\u0161e webov\u00e9 str\u00e1nky pou\u017e\u00edvaj\u00ed slu\u017ebu Google Analytics, kterou poskytuje spole\u010dnost Google Ireland Limited, registra\u010dn\u00ed \u010d\u00edslo: 368047, Gordon House, Barrow Street, Dublin 4, Irsko (&#8222;Google&#8220;), kter\u00e1 n\u00e1m umo\u017e\u0148uje analyzovat pou\u017e\u00edv\u00e1n\u00ed na\u0161ich webov\u00fdch str\u00e1nek.<\/p><p>Informace vygenerovan\u00e9 souborem cookie o va\u0161em pou\u017e\u00edv\u00e1n\u00ed t\u011bchto webov\u00fdch str\u00e1nek (v\u010detn\u011b va\u0161\u00ed IP adresy a adres URL nav\u0161t\u00edven\u00fdch str\u00e1nek) mohou b\u00fdt p\u0159eneseny a ulo\u017eeny spole\u010dnost\u00ed Google na serverech ve Spojen\u00fdch st\u00e1tech. V USA nen\u00ed zaji\u0161t\u011bna odpov\u00eddaj\u00edc\u00ed \u00farove\u0148 ochrany \u00fadaj\u016f a existuje riziko, \u017ee americk\u00e9 \u00fa\u0159ady mohou z\u00edskat p\u0159\u00edstup k va\u0161im \u00fadaj\u016fm. <\/p><p>Na\u0161e webov\u00e9 str\u00e1nky pou\u017e\u00edvaj\u00ed funkci anonymizace IP, kterou poskytuje slu\u017eba Google Analytics. Va\u0161e IP adresa bude proto okam\u017eit\u011b po obdr\u017een\u00ed zkr\u00e1cena\/anonymizov\u00e1na spole\u010dnost\u00ed Google. Spole\u010dnost Google tyto informace pou\u017eije pro \u00fa\u010dely vyhodnocov\u00e1n\u00ed va\u0161eho pou\u017e\u00edv\u00e1n\u00ed na\u0161ich webov\u00fdch str\u00e1nek, sestavov\u00e1n\u00ed zpr\u00e1v o aktivit\u011b na webov\u00fdch str\u00e1nk\u00e1ch a poskytov\u00e1n\u00ed dal\u0161\u00edch slu\u017eeb souvisej\u00edc\u00edch s aktivitou na webov\u00fdch str\u00e1nk\u00e1ch a pou\u017e\u00edv\u00e1n\u00edm internetu. Spole\u010dnost Google v \u017e\u00e1dn\u00e9m p\u0159\u00edpad\u011b nespoj\u00ed va\u0161i IP adresu s jin\u00fdmi \u00fadaji.   <\/p><p>Dal\u0161\u00ed informace o podm\u00ednk\u00e1ch pou\u017e\u00edv\u00e1n\u00ed, kter\u00e9 jsme uzav\u0159eli se spole\u010dnost\u00ed Google, a o ustanoven\u00edch spole\u010dnosti Google o ochran\u011b \u00fadaj\u016f a opat\u0159en\u00edch na ochranu \u00fadaj\u016f naleznete na n\u00e1sleduj\u00edc\u00edm odkazu: https:\/\/www.google.com\/analytics\/terms\/gb.html.<\/p><p>Dal\u0161\u00ed informace o fungov\u00e1n\u00ed slu\u017eby Google Analytics a o informac\u00edch, kter\u00e9 m\u016f\u017eeme shroma\u017e\u010fovat a analyzovat, naleznete na adrese https:\/\/support.google.com\/analytics\/answer\/1012034?hl=lten&amp;ref_topic=6157800.<\/p><p>Soubory cookie pou\u017e\u00edvan\u00e9 slu\u017ebou Google Analytics se nastavuj\u00ed pouze s va\u0161\u00edm souhlasem. Shroma\u017e\u010fov\u00e1n\u00ed va\u0161ich \u00fadaj\u016f slu\u017ebou Google Analytics m\u016f\u017eete kdykoli deaktivovat kliknut\u00edm na n\u00e1sleduj\u00edc\u00ed odkaz: https:\/\/tools.google.com\/dlpage\/gaoptout\/. <\/p><h3><b>IV. Komu p\u0159ed\u00e1v\u00e1me va\u0161e osobn\u00ed \u00fadaje?<\/b><\/h3><p>P\u0159i provozu na\u0161ich webov\u00fdch str\u00e1nek vyu\u017e\u00edv\u00e1me tak\u00e9 extern\u00ed poskytovatele IT slu\u017eeb, kte\u0159\u00ed zpracov\u00e1vaj\u00ed osobn\u00ed \u00fadaje na\u0161\u00edm jm\u00e9nem jako zpracovatel\u00e9 ve smyslu \u010dl. 4 odst. 8 GDPR. Vyu\u017e\u00edv\u00e1me n\u00e1sleduj\u00edc\u00ed kategorie zpracovatel\u016f: <\/p><p>a) Poskytovatel\u00e9 slu\u017eeb, na jejich\u017e serveru jsou provozov\u00e1ny na\u0161e webov\u00e9 str\u00e1nky.<\/p><p>b) Poskytovatel\u00e9 slu\u017eeb, kte\u0159\u00ed na\u0161\u00edm jm\u00e9nem spravuj\u00ed webov\u00e9 str\u00e1nky.<\/p><p>c) poskytovatel\u00e9 slu\u017eeb, na jejich\u017e serverech jsou provozov\u00e1ny na\u0161e n\u00e1stroje pro pl\u00e1nov\u00e1n\u00ed sch\u016fzek.<\/p><p>d) poskytovatel\u00e9 slu\u017eeb, kte\u0159\u00ed jsou odpov\u011bdn\u00ed za zpracov\u00e1n\u00ed kontaktn\u00edch formul\u00e1\u0159\u016f.<\/p><p>Tyto poskytovatele slu\u017eeb smluvn\u011b zavazujeme k odpov\u00eddaj\u00edc\u00ed ochran\u011b va\u0161ich osobn\u00edch \u00fadaj\u016f v souladu s \u010dl. 28 GDPR.<\/p><p>N\u011bkte\u0159\u00ed z t\u011bchto poskytovatel\u016f slu\u017eeb mohou zpracov\u00e1vat \u00fadaje v USA. Komise EU a Soudn\u00ed dv\u016fr Evropsk\u00e9 unie ud\u011blily USA souhlas s t\u00edm, aby USA <b> <\/b>nesv\u011bd\u010d\u00ed o odpov\u00eddaj\u00edc\u00ed \u00farovni ochrany \u00fadaj\u016f. Zejm\u00e9na existuje riziko, \u017ee k t\u011bmto \u00fadaj\u016fm budou m\u00edt p\u0159\u00edstup m\u00edstn\u00ed org\u00e1ny nebo soudy pro \u00fa\u010dely kontroly a monitorov\u00e1n\u00ed v souladu s platn\u00fdmi p\u0159edpisy a \u017ee proti tomu nebudou k dispozici \u017e\u00e1dn\u00e9 \u00fa\u010dinn\u00e9 pr\u00e1vn\u00ed prost\u0159edky. <\/p><p>P\u0159i p\u0159ed\u00e1v\u00e1n\u00ed osobn\u00edch \u00fadaj\u016f do t\u011bchto t\u0159et\u00edch zem\u00ed v\u0161ak uplat\u0148ujeme vhodn\u00e1 ochrann\u00e1 opat\u0159en\u00ed, abychom zajistili ochranu va\u0161ich pr\u00e1v v souladu s ustanoven\u00edmi GDPR. To zahrnuje uzav\u0159en\u00ed standardn\u00edch smluvn\u00edch dolo\u017eek zve\u0159ejn\u011bn\u00fdch Komis\u00ed EU pro p\u0159ed\u00e1v\u00e1n\u00ed osobn\u00edch \u00fadaj\u016f (\u010dl. 46 odst. 2 p\u00edsm. c GDPR). Dal\u0161\u00ed podrobnosti o pou\u017e\u00edvan\u00fdch bezpe\u010dnostn\u00edch z\u00e1ruk\u00e1ch a kopie p\u0159\u00edslu\u0161n\u00fdch smluv jsou k dispozici na vy\u017e\u00e1d\u00e1n\u00ed na <a href=\"mailto:datenschutz@viridiuslab.com\">adrese datenschutz@viridiuslab.com<\/a>.  <\/p><p>Krom\u011b toho mohou b\u00fdt \u00fadaje s va\u0161\u00edm v\u00fdslovn\u00fdm souhlasem p\u0159ed\u00e1ny do t\u0159et\u00ed zem\u011b (\u010dl. 49 odst. 1 p\u00edsm. a) GDPR). My nebo poskytovatel\u00e9 t\u0159et\u00edch stran m\u016f\u017eeme zpracov\u00e1vat osobn\u00ed \u00fadaje tak\u00e9 v r\u00e1mci soubor\u016f cookie pou\u017e\u00edvan\u00fdch na na\u0161ich webov\u00fdch str\u00e1nk\u00e1ch. Mezi tyto poskytovatele t\u0159et\u00edch stran pat\u0159\u00ed spole\u010dnost Google LLC, kter\u00e1 s\u00eddl\u00ed v USA a zpracov\u00e1v\u00e1 \u00fadaje tam. P\u0159ed nastaven\u00edm soubor\u016f cookie a p\u0159ed\u00e1n\u00edm va\u0161ich \u00fadaj\u016f spole\u010dnosti Google LLC v\u00e1s \u017e\u00e1d\u00e1me o v\u00fdslovn\u00fd souhlas (\u010dl. 6 odst. 1 p\u00edsm. a GDPR ve spojen\u00ed s \u010dl. 49 odst. 1 p\u00edsm. a GDPR). Odpov\u00eddaj\u00edc\u00ed informace o jednotliv\u00fdch souborech cookie, pokud jde o \u00fa\u010dely, kategorie \u00fadaj\u016f a dobu ulo\u017een\u00ed, naleznete v\u00fd\u0161e v bod\u011b III. 3. Sv\u016fj souhlas se soubory cookie m\u016f\u017eete kdykoli s \u00fa\u010dinnost\u00ed do budoucna odvolat jejich vymaz\u00e1n\u00edm ve sv\u00e9m prohl\u00ed\u017ee\u010di.    <\/p><h3><b>V. Jak dlouho budou va\u0161e osobn\u00ed \u00fadaje uchov\u00e1v\u00e1ny?<\/b><\/h3><p>Soubory protokolu se obvykle ukl\u00e1daj\u00ed po dobu 14 dn\u016f. Po uplynut\u00ed t\u00e9to doby jsou soubory protokol\u016f ukl\u00e1d\u00e1ny pouze za \u00fa\u010delem vy\u0161et\u0159ov\u00e1n\u00ed nesrovnalost\u00ed nebo bezpe\u010dnostn\u00edch incident\u016f v na\u0161ich syst\u00e9mech. Doba ukl\u00e1d\u00e1n\u00ed soubor\u016f cookie je uvedena v bod\u011b III.3 v\u00fd\u0161e.  <\/p><p>Jinak va\u0161e osobn\u00ed \u00fadaje uchov\u00e1v\u00e1me pouze po dobu nezbytnou k napln\u011bn\u00ed \u00fa\u010delu, pro kter\u00fd byly shrom\u00e1\u017ed\u011bny. V ka\u017ed\u00e9m p\u0159\u00edpad\u011b tedy va\u0161e \u00fadaje uchov\u00e1v\u00e1me po dobu trv\u00e1n\u00ed na\u0161eho smluvn\u00edho nebo servisn\u00edho vztahu s v\u00e1mi. Krom\u011b toho uchov\u00e1v\u00e1me va\u0161e osobn\u00ed \u00fadaje v souladu s dal\u0161\u00edmi z\u00e1konn\u00fdmi lh\u016ftami pro uchov\u00e1v\u00e1n\u00ed. (nap\u0159. povinnost uchov\u00e1v\u00e1n\u00ed podle da\u0148ov\u00e9ho pr\u00e1va podle \u00a7 132 odst. 1 BAO: 7 let, nad tuto dobu tak dlouho, dokud jsou relevantn\u00ed pro finan\u010dn\u00ed \u00fa\u0159ady v prob\u00edhaj\u00edc\u00edch \u0159\u00edzen\u00edch\/ povinnost uchov\u00e1v\u00e1n\u00ed podle pr\u00e1va obchodn\u00edch spole\u010dnost\u00ed podle \u00a7 190, 212 UGB: 7 let\/ povinnost uchov\u00e1v\u00e1n\u00ed podle z\u00e1kona o DPH u faktur podle \u00a7 11 odst. 2 UStG: 7 let).   <\/p><h3><b>VI Jak\u00e1 m\u00e1te pr\u00e1va na ochranu \u00fadaj\u016f?<\/b><\/h3><p>Pokud jde o va\u0161e osobn\u00ed \u00fadaje, m\u00e1te pr\u00e1vo na p\u0159\u00edstup podle \u010dl\u00e1nku 15 GDPR, pr\u00e1vo na opravu podle \u010dl\u00e1nku 16 GDPR, pr\u00e1vo na v\u00fdmaz podle \u010dl\u00e1nku 17 GDPR, pr\u00e1vo na omezen\u00ed zpracov\u00e1n\u00ed podle \u010dl\u00e1nku 18 GDPR, pr\u00e1vo vzn\u00e9st n\u00e1mitku podle \u010dl\u00e1nku 21 GDPR a pr\u00e1vo na p\u0159enositelnost \u00fadaj\u016f podle \u010dl\u00e1nku 20 GDPR.<\/p><p>Pokud je zpracov\u00e1n\u00ed va\u0161ich \u00fadaj\u016f zalo\u017eeno na souhlasu, m\u00e1te pr\u00e1vo sv\u016fj souhlas kdykoli odvolat, ani\u017e by t\u00edm byla dot\u010dena z\u00e1konnost zpracov\u00e1n\u00ed zalo\u017een\u00e9ho na souhlasu p\u0159ed jeho odvol\u00e1n\u00edm.<\/p><p>Nedoch\u00e1z\u00ed k automatizovan\u00e9mu rozhodov\u00e1n\u00ed v jednotliv\u00fdch p\u0159\u00edpadech ani k profilov\u00e1n\u00ed ve smyslu \u010dl. 22 GDPR.<\/p><p>Dal\u0161\u00ed informace o sv\u00fdch pr\u00e1vech najdete na <a href=\"https:\/\/www.dsb.gv.at\/rechte-der-betroffenen\">adrese: https:\/\/www.dsb.gv.at\/rechte-der-betroffenen<\/a>. Sv\u00e1 pr\u00e1va jako subjekt \u00fadaj\u016f uplatn\u011bte na adrese <a href=\"mailto:datenschutz@viridiuslab.com\">datenschutz@viridiuslab.com<\/a>. <\/p><p>Krom\u011b toho m\u00e1te pr\u00e1vo podat st\u00ed\u017enost u p\u0159\u00edslu\u0161n\u00e9ho dozorov\u00e9ho \u00fa\u0159adu pro ochranu osobn\u00edch \u00fadaj\u016f (\u010dl. 77 GDPR). P\u0159\u00edslu\u0161n\u00fdm dozorov\u00fdm \u00fa\u0159adem pro Rakousko je \u00da\u0159ad pro ochranu osobn\u00edch \u00fadaj\u016f, Barichgasse 40- 42, 1030 V\u00edde\u0148[](https:\/\/www.dsb.gv.at\/). <\/p><p> <\/p>\t\t\t\t\t\t\t\t<\/div>\n\t\t\t\t<\/div>\n\t\t\t\t<\/div>\n\t\t\t\t\t<\/div>\n\t\t\t\t<\/div>\n\t\t\t\t<\/div>\n\t\t","protected":false},"excerpt":{"rendered":"<p>Z\u00e1sady ochrany osobn\u00edch \u00fadaj\u016f Z\u00c1SADY OCHRANY OSOBN\u00cdCH \u00daDAJ\u016e NA WEBOV\u00ddCH STR\u00c1NK\u00c1CH viridiusLAB AG (d\u00e1le jen &#8222;viridius&#8220;, &#8222;viridiusLAB&#8220; nebo &#8222;my&#8220;) je spr\u00e1vcem ve smyslu \u010dl. 4 odst. 7 obecn\u00e9ho na\u0159\u00edzen\u00ed EU o ochran\u011b osobn\u00edch \u00fadaj\u016f (&#8222;GDPR&#8220;), pokud jde o zpracov\u00e1n\u00ed osobn\u00edch \u00fadaj\u016f n\u00e1v\u0161t\u011bvn\u00edk\u016f na\u0161ich webov\u00fdch str\u00e1nek www.viridiuslab.com (podrobnosti viz bod I.). V souladu s \u010dl. 13&#8230;<\/p>\n","protected":false},"author":1,"featured_media":991579,"parent":0,"menu_order":0,"comment_status":"closed","ping_status":"closed","template":"","meta":{"_acf_changed":false,"_seowing_meta_title":"Ochrana osobn\u00edch \u00fadaj\u016f | viridiusLAB AG","_seowing_meta_description":"Z\u00e1sady ochrany osobn\u00edch \u00fadaj\u016f viridiusLAB AG v souladu s GDPR. Informace o zpracov\u00e1n\u00ed osobn\u00edch \u00fadaj\u016f na viridiuslab.com.","_seowing_focus_keyword":"ochrana \u00fadaj\u016f GDPR viridiusLAB","_seowing_canonical_url":"","_seowing_robots":"","_seowing_robots_noindex":false,"_seowing_robots_nofollow":false,"_seowing_seo_score":80,"_expert_id":0,"footnotes":""},"class_list":["post-991578","page","type-page","status-publish","has-post-thumbnail","hentry"],"acf":[],"_links":{"self":[{"href":"https:\/\/viridiuslab.com\/cs\/wp-json\/wp\/v2\/pages\/991578","targetHints":{"allow":["GET"]}}],"collection":[{"href":"https:\/\/viridiuslab.com\/cs\/wp-json\/wp\/v2\/pages"}],"about":[{"href":"https:\/\/viridiuslab.com\/cs\/wp-json\/wp\/v2\/types\/page"}],"author":[{"embeddable":true,"href":"https:\/\/viridiuslab.com\/cs\/wp-json\/wp\/v2\/users\/1"}],"replies":[{"embeddable":true,"href":"https:\/\/viridiuslab.com\/cs\/wp-json\/wp\/v2\/comments?post=991578"}],"version-history":[{"count":1,"href":"https:\/\/viridiuslab.com\/cs\/wp-json\/wp\/v2\/pages\/991578\/revisions"}],"predecessor-version":[{"id":991581,"href":"https:\/\/viridiuslab.com\/cs\/wp-json\/wp\/v2\/pages\/991578\/revisions\/991581"}],"wp:featuredmedia":[{"embeddable":true,"href":"https:\/\/viridiuslab.com\/cs\/wp-json\/wp\/v2\/media\/991579"}],"wp:attachment":[{"href":"https:\/\/viridiuslab.com\/cs\/wp-json\/wp\/v2\/media?parent=991578"}],"curies":[{"name":"wp","href":"https:\/\/api.w.org\/{rel}","templated":true}]}}