{"id":991574,"date":"2025-11-13T20:31:32","date_gmt":"2025-11-13T20:31:32","guid":{"rendered":"https:\/\/viridiuslab.com\/rakousko\/"},"modified":"2026-02-10T10:41:48","modified_gmt":"2026-02-10T10:41:48","slug":"rakousko","status":"publish","type":"page","link":"https:\/\/viridiuslab.com\/cs\/rakousko\/","title":{"rendered":"Rakousko"},"content":{"rendered":"\t\t<div data-elementor-type=\"wp-page\" data-elementor-id=\"991574\" class=\"elementor elementor-991574 elementor-989421\" data-elementor-post-type=\"page\">\n\t\t\t\t<div class=\"elementor-element elementor-element-ae590c9 e-flex e-con-boxed e-con e-parent\" data-id=\"ae590c9\" data-element_type=\"container\" data-e-type=\"container\">\n\t\t\t\t\t<div class=\"e-con-inner\">\n\t\t<div class=\"elementor-element elementor-element-d2a34a5 e-con-full e-flex e-con e-child\" data-id=\"d2a34a5\" data-element_type=\"container\" data-e-type=\"container\">\n\t\t\t\t<div class=\"elementor-element elementor-element-0430a27 animated-fast elementor-invisible elementor-widget elementor-widget-heading\" data-id=\"0430a27\" data-element_type=\"widget\" data-e-type=\"widget\" data-settings=\"{&quot;_animation&quot;:&quot;fadeIn&quot;,&quot;_animation_delay&quot;:50}\" data-widget_type=\"heading.default\">\n\t\t\t\t<div class=\"elementor-widget-container\">\n\t\t\t\t\t<h1 class=\"elementor-heading-title elementor-size-default\">partnersk\u00e9 laborato\u0159e viridiusLAB v Rakousku<\/h1>\t\t\t\t<\/div>\n\t\t\t\t<\/div>\n\t\t\t\t<div class=\"vamtam-has-theme-widget-styles elementor-element elementor-element-906566f elementor-widget__width-inherit elementor-widget elementor-widget-text-editor\" data-id=\"906566f\" data-element_type=\"widget\" data-e-type=\"widget\" data-widget_type=\"text-editor.default\">\n\t\t\t\t<div class=\"elementor-widget-container\">\n\t\t\t\t\t\t\t\t\t<p>Rakousko je d\u016fle\u017eit\u00fdm m\u00edstem v s\u00edti viridiusLAB. Na\u0161e partnersk\u00e9 laborato\u0159e nab\u00edzej\u00ed \u0161irokou \u0161k\u00e1lu analytick\u00fdch slu\u017eeb &#8211; od anal\u00fdzy \u017eivotn\u00edho prost\u0159ed\u00ed a vody p\u0159es testov\u00e1n\u00ed materi\u00e1l\u016f a stavebn\u00edch hmot a\u017e po mikrobiologick\u00e9 a hygienick\u00e9 testy. V\u0161echna za\u0159\u00edzen\u00ed pracuj\u00ed v souladu s mezin\u00e1rodn\u00edmi normami, jako je DIN EN ISO\/IEC 17025, a zaru\u010duj\u00ed p\u0159esn\u00e9, spolehliv\u00e9 a z\u00e1konu odpov\u00eddaj\u00edc\u00ed v\u00fdsledky pro pr\u016fmysl, v\u00fdzkum a ve\u0159ejn\u00e9 instituce.  <\/p>\t\t\t\t\t\t\t\t<\/div>\n\t\t\t\t<\/div>\n\t\t\t\t<\/div>\n\t\t\t\t\t<\/div>\n\t\t\t\t<\/div>\n\t\t<div class=\"elementor-element elementor-element-2e5d8fc e-con-full e-flex e-con e-parent\" data-id=\"2e5d8fc\" data-element_type=\"container\" data-e-type=\"container\">\n\t\t<div class=\"elementor-element elementor-element-479c1be e-flex e-con-boxed e-con e-child\" data-id=\"479c1be\" data-element_type=\"container\" data-e-type=\"container\" data-settings=\"{&quot;background_background&quot;:&quot;classic&quot;}\">\n\t\t\t\t\t<div class=\"e-con-inner\">\n\t\t\t\t<div class=\"vamtam-has-theme-widget-styles elementor-element elementor-element-4c074bb elementor-grid-3 elementor-grid-tablet-2 elementor-grid-mobile-1 elementor-widget elementor-widget-loop-grid\" data-id=\"4c074bb\" data-element_type=\"widget\" data-e-type=\"widget\" id=\"lab-card\" data-settings=\"{&quot;template_id&quot;:991320,&quot;columns&quot;:3,&quot;row_gap&quot;:{&quot;unit&quot;:&quot;px&quot;,&quot;size&quot;:100,&quot;sizes&quot;:[]},&quot;_skin&quot;:&quot;post&quot;,&quot;columns_tablet&quot;:&quot;2&quot;,&quot;columns_mobile&quot;:&quot;1&quot;,&quot;edit_handle_selector&quot;:&quot;[data-elementor-type=\\&quot;loop-item\\&quot;]&quot;,&quot;row_gap_tablet&quot;:{&quot;unit&quot;:&quot;px&quot;,&quot;size&quot;:&quot;&quot;,&quot;sizes&quot;:[]},&quot;row_gap_mobile&quot;:{&quot;unit&quot;:&quot;px&quot;,&quot;size&quot;:&quot;&quot;,&quot;sizes&quot;:[]}}\" data-widget_type=\"loop-grid.post\">\n\t\t\t\t<div class=\"elementor-widget-container\">\n\t\t\t\t\t\t\t<div class=\"elementor-loop-container elementor-grid\" role=\"list\">\n\t\t<style id=\"loop-991320\">.elementor-991320 .elementor-element.elementor-element-cc4c972{--display:flex;--border-radius:16px 16px 16px 16px;box-shadow:0px 9px 5px -8px rgba(0,0,0,0.5);--padding-top:25px;--padding-bottom:25px;--padding-left:25px;--padding-right:25px;}.elementor-991320 .elementor-element.elementor-element-cc4c972:not(.elementor-motion-effects-element-type-background), .elementor-991320 .elementor-element.elementor-element-cc4c972 > .elementor-motion-effects-container > .elementor-motion-effects-layer{background-color:var( --e-global-color-vamtam_accent_5 );}.elementor-991320 .elementor-element.elementor-element-b8f931a{--display:flex;--padding-top:0px;--padding-bottom:20px;--padding-left:0px;--padding-right:0px;}.elementor-991320 .elementor-element.elementor-element-fbe234d{--spacer-size:20px;}.elementor-991320 .elementor-element.elementor-element-5a3dd27{text-align:start;}.elementor-991320 .elementor-element.elementor-element-5a3dd27 img{width:100%;height:50px;object-fit:contain;object-position:center left;}.elementor-991320 .elementor-element.elementor-element-68e1fa3{--display:flex;--justify-content:flex-start;--padding-top:0px;--padding-bottom:0px;--padding-left:0px;--padding-right:0px;}.elementor-991320 .elementor-element.elementor-element-0048955 .elementor-heading-title{font-family:var( --e-global-typography-vamtam_h5-font-family ), Sans-serif;font-size:var( --e-global-typography-vamtam_h5-font-size );font-weight:var( --e-global-typography-vamtam_h5-font-weight );text-transform:var( --e-global-typography-vamtam_h5-text-transform );line-height:var( --e-global-typography-vamtam_h5-line-height );letter-spacing:var( --e-global-typography-vamtam_h5-letter-spacing );}.elementor-991320 .elementor-element.elementor-element-bb5acd1{--display:flex;--padding-top:0px;--padding-bottom:0px;--padding-left:0px;--padding-right:0px;}.elementor-991320 .elementor-element.elementor-element-a0922e8{--display:flex;--padding-top:20px;--padding-bottom:0px;--padding-left:0px;--padding-right:0px;}.elementor-991320 .elementor-element.elementor-element-4f229e8 .elementor-button-content-wrapper{flex-direction:row-reverse;}@media(max-width:1024px){.elementor-991320 .elementor-element.elementor-element-cc4c972{--justify-content:flex-start;}.elementor-991320 .elementor-element.elementor-element-0048955 .elementor-heading-title{font-size:var( --e-global-typography-vamtam_h5-font-size );line-height:var( --e-global-typography-vamtam_h5-line-height );letter-spacing:var( --e-global-typography-vamtam_h5-letter-spacing );}}@media(min-width:768px){.elementor-991320 .elementor-element.elementor-element-cc4c972{--width:100%;}}@media(max-width:1024px) and (min-width:768px){.elementor-991320 .elementor-element.elementor-element-cc4c972{--width:100%;}}@media(max-width:767px){.elementor-991320 .elementor-element.elementor-element-cc4c972{--width:calc( 100% - 0px);}.elementor-991320 .elementor-element.elementor-element-0048955 .elementor-heading-title{font-size:var( --e-global-typography-vamtam_h5-font-size );line-height:var( --e-global-typography-vamtam_h5-line-height );letter-spacing:var( --e-global-typography-vamtam_h5-letter-spacing );}}<\/style>\t\t<div data-elementor-type=\"loop-item\" data-elementor-id=\"991320\" class=\"elementor elementor-991320 elementor-11943 elementor-11943 e-loop-item e-loop-item-990786 post-990786 labor type-labor status-publish format-standard has-post-thumbnail hentry category-podlaha category-rakousko category-voda\" data-elementor-post-type=\"elementor_library\" data-custom-edit-handle=\"1\">\n\t\t\t<a class=\"elementor-element elementor-element-cc4c972 e-con-full e-flex e-con e-parent\" data-id=\"cc4c972\" data-element_type=\"container\" data-e-type=\"container\" id=\"lab-card\" data-settings=\"{&quot;background_background&quot;:&quot;classic&quot;}\" href=\"https:\/\/viridiuslab.com\/cs\/labor\/dr-watschinger-partner-labor-gmbh\/\">\n\t\t<div class=\"elementor-element elementor-element-b8f931a e-flex e-con-boxed e-con e-child\" data-id=\"b8f931a\" data-element_type=\"container\" data-e-type=\"container\">\n\t\t\t\t\t<div class=\"e-con-inner\">\n\t\t\t\t<div class=\"elementor-element elementor-element-fbe234d elementor-widget elementor-widget-spacer\" data-id=\"fbe234d\" data-element_type=\"widget\" data-e-type=\"widget\" data-widget_type=\"spacer.default\">\n\t\t\t\t<div class=\"elementor-widget-container\">\n\t\t\t\t\t\t\t<div class=\"elementor-spacer\">\n\t\t\t<div class=\"elementor-spacer-inner\"><\/div>\n\t\t<\/div>\n\t\t\t\t\t\t<\/div>\n\t\t\t\t<\/div>\n\t\t\t\t<div class=\"elementor-element elementor-element-5a3dd27 elementor-widget elementor-widget-image\" data-id=\"5a3dd27\" data-element_type=\"widget\" data-e-type=\"widget\" data-widget_type=\"image.default\">\n\t\t\t\t<div class=\"elementor-widget-container\">\n\t\t\t\t\t\t\t\t\t\t\t\t\t\t\t<img fetchpriority=\"high\" decoding=\"async\" width=\"296\" height=\"291\" src=\"https:\/\/viridiuslab.com\/wp-content\/uploads\/2025\/09\/384x384-e1686129056778-1.webp\" class=\"attachment-large size-large wp-image-990789\" alt=\"384x384-e1686129056778 (1)\" \/>\t\t\t\t\t\t\t\t\t\t\t\t\t\t\t<\/div>\n\t\t\t\t<\/div>\n\t\t\t\t\t<\/div>\n\t\t\t\t<\/div>\n\t\t<div class=\"elementor-element elementor-element-68e1fa3 e-flex e-con-boxed e-con e-child\" data-id=\"68e1fa3\" data-element_type=\"container\" data-e-type=\"container\">\n\t\t\t\t\t<div class=\"e-con-inner\">\n\t\t\t\t<div class=\"elementor-element elementor-element-0048955 elementor-widget elementor-widget-heading\" data-id=\"0048955\" data-element_type=\"widget\" data-e-type=\"widget\" data-widget_type=\"heading.default\">\n\t\t\t\t<div class=\"elementor-widget-container\">\n\t\t\t\t\t<h2 class=\"elementor-heading-title elementor-size-default\">Dr. Watschinger &amp; Partner Labor GmbH<\/h2>\t\t\t\t<\/div>\n\t\t\t\t<\/div>\n\t\t\t\t<div class=\"vamtam-has-theme-widget-styles elementor-element elementor-element-a2d0e61 elementor-widget elementor-widget-text-editor\" data-id=\"a2d0e61\" data-element_type=\"widget\" data-e-type=\"widget\" data-widget_type=\"text-editor.default\">\n\t\t\t\t<div class=\"elementor-widget-container\">\n\t\t\t\t\t\t\t\t\tSpole\u010dnost Dr. Watschinger &amp; Partner Labor GmbH je spolehliv\u00fdm odborn\u00edkem na odb\u011br a anal\u00fdzu vzork\u016f pitn\u00e9 vody, kter\u00fd podporuje soukrom\u00e9 dom\u00e1cnosti, v\u00fdstavbu studn\u00ed a m\u00edstn\u00ed\/region\u00e1ln\u00ed dodavatele vody.\t\t\t\t\t\t\t\t<\/div>\n\t\t\t\t<\/div>\n\t\t\t\t\t<\/div>\n\t\t\t\t<\/div>\n\t\t\t\t<\/a>\n\t\t<div class=\"elementor-element elementor-element-bb5acd1 e-flex e-con-boxed e-con e-parent\" data-id=\"bb5acd1\" data-element_type=\"container\" data-e-type=\"container\">\n\t\t\t\t\t<div class=\"e-con-inner\">\n\t\t<div class=\"elementor-element elementor-element-a0922e8 e-flex e-con-boxed e-con e-child\" data-id=\"a0922e8\" data-element_type=\"container\" data-e-type=\"container\">\n\t\t\t\t\t<div class=\"e-con-inner\">\n\t\t\t\t<div class=\"vamtam-has-theme-widget-styles elementor-element elementor-element-4f229e8 layout-row-reverse elementor-widget elementor-widget-button\" data-id=\"4f229e8\" data-element_type=\"widget\" data-e-type=\"widget\" data-widget_type=\"button.default\">\n\t\t\t\t<div class=\"elementor-widget-container\">\n\t\t\t\t\t\t\t\t\t<div class=\"elementor-button-wrapper\">\n\t\t\t\t\t<a class=\"elementor-button elementor-button-link elementor-size-sm\" href=\"https:\/\/viridiuslab.com\/cs\/labor\/dr-watschinger-partner-labor-gmbh\/\">\n\t\t\t\t\t\t<span class=\"elementor-button-content-wrapper\">\n\t\t\t\t\t\t<span class=\"elementor-button-icon\">\n\t\t\t\t<i aria-hidden=\"true\" class=\"vamtamtheme- vamtam-theme-arrow-right\"><\/i>\t\t\t<\/span>\n\t\t\t\t\t\t\t\t\t<span class=\"elementor-button-text\">Zjist\u011bte v\u00edce<\/span>\n\t\t\t\t\t<\/span>\n\t\t\t\t\t<\/a>\n\t\t\t\t<\/div>\n\t\t\t\t\t\t\t\t<\/div>\n\t\t\t\t<\/div>\n\t\t\t\t\t<\/div>\n\t\t\t\t<\/div>\n\t\t\t\t\t<\/div>\n\t\t\t\t<\/div>\n\t\t\t\t<\/div>\n\t\t\t\t<\/div>\n\t\t\n\t\t\t\t\t\t<\/div>\n\t\t\t\t<\/div>\n\t\t\t\t\t<\/div>\n\t\t\t\t<\/div>\n\t\t\t\t<\/div>\n\t\t\t\t<\/div>\n\t\t","protected":false},"excerpt":{"rendered":"<p>partnersk\u00e9 laborato\u0159e viridiusLAB v Rakousku Rakousko je d\u016fle\u017eit\u00fdm m\u00edstem v s\u00edti viridiusLAB. Na\u0161e partnersk\u00e9 laborato\u0159e nab\u00edzej\u00ed \u0161irokou \u0161k\u00e1lu analytick\u00fdch slu\u017eeb &#8211; od anal\u00fdzy \u017eivotn\u00edho prost\u0159ed\u00ed a vody p\u0159es testov\u00e1n\u00ed materi\u00e1l\u016f a stavebn\u00edch hmot a\u017e po mikrobiologick\u00e9 a hygienick\u00e9 testy. V\u0161echna za\u0159\u00edzen\u00ed pracuj\u00ed v souladu s mezin\u00e1rodn\u00edmi normami, jako je DIN EN ISO\/IEC 17025, a zaru\u010duj\u00ed&#8230;<\/p>\n","protected":false},"author":1,"featured_media":990906,"parent":0,"menu_order":0,"comment_status":"closed","ping_status":"closed","template":"","meta":{"_acf_changed":false,"_seowing_meta_title":"Laborato\u0159e v Rakousku | viridiusLAB pobo\u010dky","_seowing_meta_description":"Laborato\u0159e viridiusLAB v Rakousku: Akreditovan\u00e9 analytick\u00e9 slu\u017eby pro vodu, \u017eivotn\u00ed prost\u0159ed\u00ed a potraviny na v\u00edde\u0148sk\u00e9 pobo\u010dce.","_seowing_focus_keyword":"laborato\u0159e Rakousko","_seowing_canonical_url":"","_seowing_robots":"","_seowing_robots_noindex":false,"_seowing_robots_nofollow":false,"_seowing_seo_score":60,"_expert_id":0,"footnotes":""},"class_list":["post-991574","page","type-page","status-publish","has-post-thumbnail","hentry"],"acf":[],"_links":{"self":[{"href":"https:\/\/viridiuslab.com\/cs\/wp-json\/wp\/v2\/pages\/991574","targetHints":{"allow":["GET"]}}],"collection":[{"href":"https:\/\/viridiuslab.com\/cs\/wp-json\/wp\/v2\/pages"}],"about":[{"href":"https:\/\/viridiuslab.com\/cs\/wp-json\/wp\/v2\/types\/page"}],"author":[{"embeddable":true,"href":"https:\/\/viridiuslab.com\/cs\/wp-json\/wp\/v2\/users\/1"}],"replies":[{"embeddable":true,"href":"https:\/\/viridiuslab.com\/cs\/wp-json\/wp\/v2\/comments?post=991574"}],"version-history":[{"count":1,"href":"https:\/\/viridiuslab.com\/cs\/wp-json\/wp\/v2\/pages\/991574\/revisions"}],"predecessor-version":[{"id":991576,"href":"https:\/\/viridiuslab.com\/cs\/wp-json\/wp\/v2\/pages\/991574\/revisions\/991576"}],"wp:featuredmedia":[{"embeddable":true,"href":"https:\/\/viridiuslab.com\/cs\/wp-json\/wp\/v2\/media\/990906"}],"wp:attachment":[{"href":"https:\/\/viridiuslab.com\/cs\/wp-json\/wp\/v2\/media?parent=991574"}],"curies":[{"name":"wp","href":"https:\/\/api.w.org\/{rel}","templated":true}]}}