{"id":991559,"date":"2025-10-06T14:26:21","date_gmt":"2025-10-06T14:26:21","guid":{"rendered":"https:\/\/viridiuslab.com\/otisk\/"},"modified":"2026-02-10T10:41:44","modified_gmt":"2026-02-10T10:41:44","slug":"otisk","status":"publish","type":"page","link":"https:\/\/viridiuslab.com\/cs\/otisk\/","title":{"rendered":"Otisk"},"content":{"rendered":"\t\t<div data-elementor-type=\"wp-page\" data-elementor-id=\"991559\" class=\"elementor elementor-991559 elementor-988912\" data-elementor-post-type=\"page\">\n\t\t\t\t<div class=\"elementor-element elementor-element-ae590c9 e-flex e-con-boxed e-con e-parent\" data-id=\"ae590c9\" data-element_type=\"container\" data-e-type=\"container\">\n\t\t\t\t\t<div class=\"e-con-inner\">\n\t\t<div class=\"elementor-element elementor-element-d2a34a5 e-con-full e-flex e-con e-child\" data-id=\"d2a34a5\" data-element_type=\"container\" data-e-type=\"container\">\n\t\t\t\t<div class=\"elementor-element elementor-element-0430a27 animated-fast elementor-invisible elementor-widget elementor-widget-heading\" data-id=\"0430a27\" data-element_type=\"widget\" data-e-type=\"widget\" data-settings=\"{&quot;_animation&quot;:&quot;fadeIn&quot;,&quot;_animation_delay&quot;:50}\" data-widget_type=\"heading.default\">\n\t\t\t\t<div class=\"elementor-widget-container\">\n\t\t\t\t\t<h1 class=\"elementor-heading-title elementor-size-default\">Otisk<\/h1>\t\t\t\t<\/div>\n\t\t\t\t<\/div>\n\t\t\t\t<div class=\"elementor-element elementor-element-b54d0c0 animated-fast elementor-invisible elementor-widget elementor-widget-heading\" data-id=\"b54d0c0\" data-element_type=\"widget\" data-e-type=\"widget\" data-settings=\"{&quot;_animation&quot;:&quot;fadeIn&quot;,&quot;_animation_delay&quot;:50}\" data-widget_type=\"heading.default\">\n\t\t\t\t<div class=\"elementor-widget-container\">\n\t\t\t\t\t<div class=\"elementor-heading-title elementor-size-default\">PR\u00c1VN\u00cd INFORMACE<\/div>\t\t\t\t<\/div>\n\t\t\t\t<\/div>\n\t\t\t\t<div class=\"vamtam-has-theme-widget-styles elementor-element elementor-element-906566f elementor-widget__width-inherit elementor-widget elementor-widget-text-editor\" data-id=\"906566f\" data-element_type=\"widget\" data-e-type=\"widget\" data-widget_type=\"text-editor.default\">\n\t\t\t\t<div class=\"elementor-widget-container\">\n\t\t\t\t\t\t\t\t\t<p class=\"p1\">viridiusLAB AG<br><br>Jasomirgottstra\u00dfe 6\/5<br>1010 V\u00edde\u0148<br>+43 (1) 909 34 40<br><a href=\"mailto:office@viridiuslab.com\">office@viridiuslab.com<\/a><br><a href=\"http:\/\/www.viridiuslab.com\">www.viridiuslab.com<\/a><br><br>Zplnomocn\u011bn\u00fd z\u00e1stupce spr\u00e1vn\u00ed rady: Marcello Nicoloso<br><br>\u010c\u00edslo UID: ATU76840769 Registra\u010dn\u00ed \u010d\u00edslo spole\u010dnosti je FN 551300k<br><br>Obchodn\u00ed soud ve V\u00eddni<br>\u010clen WK\u00d6<br><br>Holdingov\u00e1 spole\u010dnost pro zku\u0161ebn\u00ed laborato\u0159e<br><br>Spot\u0159ebitel\u00e9 maj\u00ed mo\u017enost podat st\u00ed\u017enost na platform\u011b EU pro \u0159e\u0161en\u00ed spor\u016f online: http:\/\/ec.europa.eu nebo m\u016f\u017eete st\u00ed\u017enost zaslat na v\u00fd\u0161e uvedenou e-mailovou adresu.<\/p>\t\t\t\t\t\t\t\t<\/div>\n\t\t\t\t<\/div>\n\t\t\t\t<\/div>\n\t\t\t\t\t<\/div>\n\t\t\t\t<\/div>\n\t\t\t\t<\/div>\n\t\t","protected":false},"excerpt":{"rendered":"<p>Otisk PR\u00c1VN\u00cd INFORMACE viridiusLAB AG Jasomirgottstra\u00dfe 6\/51010 V\u00edde\u0148+43 (1) 909 34 40office@viridiuslab.comwww.viridiuslab.com Zplnomocn\u011bn\u00fd z\u00e1stupce spr\u00e1vn\u00ed rady: Marcello Nicoloso \u010c\u00edslo UID: ATU76840769 Registra\u010dn\u00ed \u010d\u00edslo spole\u010dnosti je FN 551300k Obchodn\u00ed soud ve V\u00eddni\u010clen WK\u00d6 Holdingov\u00e1 spole\u010dnost pro zku\u0161ebn\u00ed laborato\u0159e Spot\u0159ebitel\u00e9 maj\u00ed mo\u017enost podat st\u00ed\u017enost na platform\u011b EU pro \u0159e\u0161en\u00ed spor\u016f online: http:\/\/ec.europa.eu nebo m\u016f\u017eete st\u00ed\u017enost zaslat na&#8230;<\/p>\n","protected":false},"author":1,"featured_media":991560,"parent":0,"menu_order":0,"comment_status":"closed","ping_status":"closed","template":"","meta":{"_acf_changed":false,"_seowing_meta_title":"Otisk | viridiusLAB AG","_seowing_meta_description":"Pr\u00e1vn\u00ed informace viridiusLAB AG, Jasomirgottstra\u00dfe 6\/5, 1010 V\u00edde\u0148. \u010c\u00edslo obchodn\u00edho rejst\u0159\u00edku, veden\u00ed a pr\u00e1vn\u00ed \u00fadaje.","_seowing_focus_keyword":"otisk viridiusLAB","_seowing_canonical_url":"","_seowing_robots":"","_seowing_robots_noindex":false,"_seowing_robots_nofollow":false,"_seowing_seo_score":60,"_expert_id":0,"footnotes":""},"class_list":["post-991559","page","type-page","status-publish","has-post-thumbnail","hentry"],"acf":[],"_links":{"self":[{"href":"https:\/\/viridiuslab.com\/cs\/wp-json\/wp\/v2\/pages\/991559","targetHints":{"allow":["GET"]}}],"collection":[{"href":"https:\/\/viridiuslab.com\/cs\/wp-json\/wp\/v2\/pages"}],"about":[{"href":"https:\/\/viridiuslab.com\/cs\/wp-json\/wp\/v2\/types\/page"}],"author":[{"embeddable":true,"href":"https:\/\/viridiuslab.com\/cs\/wp-json\/wp\/v2\/users\/1"}],"replies":[{"embeddable":true,"href":"https:\/\/viridiuslab.com\/cs\/wp-json\/wp\/v2\/comments?post=991559"}],"version-history":[{"count":1,"href":"https:\/\/viridiuslab.com\/cs\/wp-json\/wp\/v2\/pages\/991559\/revisions"}],"predecessor-version":[{"id":991561,"href":"https:\/\/viridiuslab.com\/cs\/wp-json\/wp\/v2\/pages\/991559\/revisions\/991561"}],"wp:featuredmedia":[{"embeddable":true,"href":"https:\/\/viridiuslab.com\/cs\/wp-json\/wp\/v2\/media\/991560"}],"wp:attachment":[{"href":"https:\/\/viridiuslab.com\/cs\/wp-json\/wp\/v2\/media?parent=991559"}],"curies":[{"name":"wp","href":"https:\/\/api.w.org\/{rel}","templated":true}]}}