{"id":991544,"date":"2025-08-21T08:37:13","date_gmt":"2025-08-21T08:37:13","guid":{"rendered":"https:\/\/viridiuslab.com\/kariera\/prace\/"},"modified":"2026-02-10T10:41:44","modified_gmt":"2026-02-10T10:41:44","slug":"prace","status":"publish","type":"page","link":"https:\/\/viridiuslab.com\/cs\/kariera\/prace\/","title":{"rendered":"Pr\u00e1ce"},"content":{"rendered":"\t\t<div data-elementor-type=\"wp-page\" data-elementor-id=\"991544\" class=\"elementor elementor-991544 elementor-12818\" data-elementor-post-type=\"page\">\n\t\t\t\t<div class=\"elementor-element elementor-element-c8fc9e6 e-flex e-con-boxed e-con e-parent\" data-id=\"c8fc9e6\" data-element_type=\"container\" data-e-type=\"container\">\n\t\t\t\t\t<div class=\"e-con-inner\">\n\t\t\t\t<div class=\"elementor-element elementor-element-ab5219a elementor-widget elementor-widget-heading\" data-id=\"ab5219a\" data-element_type=\"widget\" data-e-type=\"widget\" data-widget_type=\"heading.default\">\n\t\t\t\t<div class=\"elementor-widget-container\">\n\t\t\t\t\t<h1 class=\"elementor-heading-title elementor-size-default\">Pr\u00e1ce<\/h1>\t\t\t\t<\/div>\n\t\t\t\t<\/div>\n\t\t\t\t<div class=\"elementor-element elementor-element-f087a17 elementor-widget elementor-widget-heading\" data-id=\"f087a17\" data-element_type=\"widget\" data-e-type=\"widget\" data-widget_type=\"heading.default\">\n\t\t\t\t<div class=\"elementor-widget-container\">\n\t\t\t\t\t<h4 class=\"elementor-heading-title elementor-size-default\">Popis<\/h4>\t\t\t\t<\/div>\n\t\t\t\t<\/div>\n\t\t\t\t<div class=\"vamtam-has-theme-widget-styles elementor-element elementor-element-8c6ab16 elementor-widget elementor-widget-text-editor\" data-id=\"8c6ab16\" data-element_type=\"widget\" data-e-type=\"widget\" data-widget_type=\"text-editor.default\">\n\t\t\t\t<div class=\"elementor-widget-container\">\n\t\t\t\t\t\t\t\t\t<p>Lorem ipsum dolor sit amet, consetetur sadipscing elitr, sed diam nonumy eirmod tempor invidunt ut labore et dolore magna aliquyam erat, sed diam voluptua. At vero eos et accusam et justo duo dolores et ea rebum. Stet clita kasd gubergren, no sea takimata sanctus est Lorem ipsum dolor sit amet. Lorem ipsum dolor sit amet, consetetur sadipscing elitr, sed diam nonumy eirmod tempor invidunt ut labore et dolore magna aliquyam erat, sed diam voluptua. At vero eos et accusam et justo duo dolores et ea rebum. Stet clita kasd gubergren, no sea takimata sanctus est Lorem ipsum dolor sit amet.     <\/p>\t\t\t\t\t\t\t\t<\/div>\n\t\t\t\t<\/div>\n\t\t\t\t<div class=\"elementor-element elementor-element-7e25680 elementor-widget-divider--view-line elementor-widget elementor-widget-divider\" data-id=\"7e25680\" data-element_type=\"widget\" data-e-type=\"widget\" data-widget_type=\"divider.default\">\n\t\t\t\t<div class=\"elementor-widget-container\">\n\t\t\t\t\t\t\t<div class=\"elementor-divider\">\n\t\t\t<span class=\"elementor-divider-separator\">\n\t\t\t\t\t\t<\/span>\n\t\t<\/div>\n\t\t\t\t\t\t<\/div>\n\t\t\t\t<\/div>\n\t\t\t\t<div class=\"elementor-element elementor-element-d57010a elementor-widget elementor-widget-heading\" data-id=\"d57010a\" data-element_type=\"widget\" data-e-type=\"widget\" data-widget_type=\"heading.default\">\n\t\t\t\t<div class=\"elementor-widget-container\">\n\t\t\t\t\t<h4 class=\"elementor-heading-title elementor-size-default\">Ud\u011bl\u00e1te to takto:<\/h4>\t\t\t\t<\/div>\n\t\t\t\t<\/div>\n\t\t\t\t<div class=\"vamtam-has-theme-widget-styles elementor-element elementor-element-06ccf7a elementor-widget elementor-widget-text-editor\" data-id=\"06ccf7a\" data-element_type=\"widget\" data-e-type=\"widget\" data-widget_type=\"text-editor.default\">\n\t\t\t\t<div class=\"elementor-widget-container\">\n\t\t\t\t\t\t\t\t\t<p>Lorem ipsum dolor sit amet, consetetur sadipscing elitr, sed diam nonumy eirmod tempor invidunt ut labore et dolore magna aliquyam erat, sed diam voluptua. At vero eos et accusam et justo duo dolores et ea rebum. Stet clita kasd gubergren, no sea takimata sanctus est Lorem ipsum dolor sit amet.  <\/p><p>Mezi va\u0161e povinnosti bude pat\u0159it:<\/p>\t\t\t\t\t\t\t\t<\/div>\n\t\t\t\t<\/div>\n\t\t\t\t<div class=\"vamtam-has-theme-widget-styles elementor-element elementor-element-4a86992 animated-fast elementor-icon-list--layout-traditional elementor-list-item-link-full_width elementor-invisible elementor-widget elementor-widget-icon-list\" data-id=\"4a86992\" data-element_type=\"widget\" data-e-type=\"widget\" data-settings=\"{&quot;_animation_delay&quot;:0,&quot;_animation&quot;:&quot;fadeIn&quot;}\" data-widget_type=\"icon-list.default\">\n\t\t\t\t<div class=\"elementor-widget-container\">\n\t\t\t\t\t\t\t<ul class=\"elementor-icon-list-items\">\n\t\t\t\t\t\t\t<li class=\"elementor-icon-list-item\">\n\t\t\t\t\t\t\t\t\t\t\t<span class=\"elementor-icon-list-icon\">\n\t\t\t\t\t\t\t<svg xmlns=\"http:\/\/www.w3.org\/2000\/svg\" id=\"Layer_1\" data-name=\"Layer 1\" viewBox=\"0 0 87.73 62.63\"><defs><style>      .cls-1 {        fill: #666;      }    <\/style><\/defs><path class=\"cls-1\" d=\"M86.96,40.7l-7.46-12.89c-.15-.24-.3-.48-.48-.71-.12-.24-.24-.51-.36-.71l-7.43-12.89c-1.07-1.84-3.06-2.97-5.17-2.97h-14.88c-1.49,0-2.91.56-3.98,1.52-.48.42-.86.89-1.19,1.46l-.3.51,1.31,2.26.95-1.63c.12-.21.24-.39.39-.56.71-.8,1.72-1.28,2.82-1.28h14.88c1.31,0,2.53.71,3.21,1.84l7.43,12.89c.12.18.21.36.27.56l.21.33c.12.18.27.36.36.53l7.46,12.89c.65,1.13.65,2.55,0,3.71l-7.46,12.86c-.65,1.16-1.87,1.87-3.21,1.87h-14.85c-.21,0-.39-.03-.59-.06l-.24-.03-.21.06c-.3.06-.62.12-.92.12h-14.85c-1.34,0-2.55-.71-3.24-1.87l-3.74-6.48-1.28-2.26h-2.64l1.31,2.26,4.4,7.61c1.01,1.72,2.82,2.85,4.81,2.97.12.03.27.03.39.03h14.85c.21,0,.42-.03.62-.03.21-.03.42-.06.62-.12.24.03.48.06.71.06h14.85c2.14,0,4.13-1.16,5.17-3l7.46-12.86c.53-.92.77-1.96.77-2.97s-.24-2.08-.77-3Z\"><\/path><path class=\"cls-1\" d=\"M57.7,30.18l-7.43-12.89c-.15-.24-.33-.48-.51-.68-.09-.27-.21-.51-.36-.74l-1.04-1.81-1.16-2.02-5.23-9.06c-1.07-1.81-3.03-2.97-5.17-2.97h-14.88c-2.11,0-4.1,1.16-5.17,2.97l-7.43,12.89c-.06.09-.12.21-.15.3-.39.36-.68.77-.95,1.25L.8,30.27c-.53.92-.8,1.96-.8,2.97s.27,2.08.8,3l7.43,12.89c1.07,1.84,3.03,2.97,5.17,2.97h14.88c.42,0,.8-.03,1.22-.12.24,0,.48.03.71.03h14.88c2.11,0,4.1-1.13,5.17-2.97l7.43-12.89c1.07-1.84,1.07-4.13,0-5.97ZM55.73,35.03l-7.43,12.89c-.65,1.13-1.9,1.84-3.21,1.84h-14.88c-.18,0-.39,0-.56-.06l-.24-.03-.24.06c-.3.09-.59.12-.89.12h-14.88c-1.34,0-2.56-.71-3.21-1.84l-7.46-12.89c-.65-1.16-.65-2.55,0-3.71l7.46-12.89c.18-.3.42-.59.68-.83l.24-.36c.06-.12.12-.21.18-.33l7.43-12.89c.65-1.13,1.9-1.84,3.21-1.84h14.88c1.31,0,2.55.71,3.21,1.84l5.7,9.89,1.31,2.26.45.74c.09.18.18.39.24.56l.21.33c.15.18.27.36.39.56l7.43,12.86c.65,1.16.65,2.58,0,3.71Z\"><\/path><\/svg>\t\t\t\t\t\t<\/span>\n\t\t\t\t\t\t\t\t\t\t<span class=\"elementor-icon-list-text\">Lorem ipsum dolor sit amet<\/span>\n\t\t\t\t\t\t\t\t\t<\/li>\n\t\t\t\t\t\t\t\t<li class=\"elementor-icon-list-item\">\n\t\t\t\t\t\t\t\t\t\t\t<span class=\"elementor-icon-list-icon\">\n\t\t\t\t\t\t\t<svg xmlns=\"http:\/\/www.w3.org\/2000\/svg\" id=\"Layer_1\" data-name=\"Layer 1\" viewBox=\"0 0 87.73 62.63\"><defs><style>      .cls-1 {        fill: #666;      }    <\/style><\/defs><path class=\"cls-1\" d=\"M86.96,40.7l-7.46-12.89c-.15-.24-.3-.48-.48-.71-.12-.24-.24-.51-.36-.71l-7.43-12.89c-1.07-1.84-3.06-2.97-5.17-2.97h-14.88c-1.49,0-2.91.56-3.98,1.52-.48.42-.86.89-1.19,1.46l-.3.51,1.31,2.26.95-1.63c.12-.21.24-.39.39-.56.71-.8,1.72-1.28,2.82-1.28h14.88c1.31,0,2.53.71,3.21,1.84l7.43,12.89c.12.18.21.36.27.56l.21.33c.12.18.27.36.36.53l7.46,12.89c.65,1.13.65,2.55,0,3.71l-7.46,12.86c-.65,1.16-1.87,1.87-3.21,1.87h-14.85c-.21,0-.39-.03-.59-.06l-.24-.03-.21.06c-.3.06-.62.12-.92.12h-14.85c-1.34,0-2.55-.71-3.24-1.87l-3.74-6.48-1.28-2.26h-2.64l1.31,2.26,4.4,7.61c1.01,1.72,2.82,2.85,4.81,2.97.12.03.27.03.39.03h14.85c.21,0,.42-.03.62-.03.21-.03.42-.06.62-.12.24.03.48.06.71.06h14.85c2.14,0,4.13-1.16,5.17-3l7.46-12.86c.53-.92.77-1.96.77-2.97s-.24-2.08-.77-3Z\"><\/path><path class=\"cls-1\" d=\"M57.7,30.18l-7.43-12.89c-.15-.24-.33-.48-.51-.68-.09-.27-.21-.51-.36-.74l-1.04-1.81-1.16-2.02-5.23-9.06c-1.07-1.81-3.03-2.97-5.17-2.97h-14.88c-2.11,0-4.1,1.16-5.17,2.97l-7.43,12.89c-.06.09-.12.21-.15.3-.39.36-.68.77-.95,1.25L.8,30.27c-.53.92-.8,1.96-.8,2.97s.27,2.08.8,3l7.43,12.89c1.07,1.84,3.03,2.97,5.17,2.97h14.88c.42,0,.8-.03,1.22-.12.24,0,.48.03.71.03h14.88c2.11,0,4.1-1.13,5.17-2.97l7.43-12.89c1.07-1.84,1.07-4.13,0-5.97ZM55.73,35.03l-7.43,12.89c-.65,1.13-1.9,1.84-3.21,1.84h-14.88c-.18,0-.39,0-.56-.06l-.24-.03-.24.06c-.3.09-.59.12-.89.12h-14.88c-1.34,0-2.56-.71-3.21-1.84l-7.46-12.89c-.65-1.16-.65-2.55,0-3.71l7.46-12.89c.18-.3.42-.59.68-.83l.24-.36c.06-.12.12-.21.18-.33l7.43-12.89c.65-1.13,1.9-1.84,3.21-1.84h14.88c1.31,0,2.55.71,3.21,1.84l5.7,9.89,1.31,2.26.45.74c.09.18.18.39.24.56l.21.33c.15.18.27.36.39.56l7.43,12.86c.65,1.16.65,2.58,0,3.71Z\"><\/path><\/svg>\t\t\t\t\t\t<\/span>\n\t\t\t\t\t\t\t\t\t\t<span class=\"elementor-icon-list-text\">Lorem ipsum dolor sit amet<\/span>\n\t\t\t\t\t\t\t\t\t<\/li>\n\t\t\t\t\t\t\t\t<li class=\"elementor-icon-list-item\">\n\t\t\t\t\t\t\t\t\t\t\t<span class=\"elementor-icon-list-icon\">\n\t\t\t\t\t\t\t<svg xmlns=\"http:\/\/www.w3.org\/2000\/svg\" id=\"Layer_1\" data-name=\"Layer 1\" viewBox=\"0 0 87.73 62.63\"><defs><style>      .cls-1 {        fill: #666;      }    <\/style><\/defs><path class=\"cls-1\" d=\"M86.96,40.7l-7.46-12.89c-.15-.24-.3-.48-.48-.71-.12-.24-.24-.51-.36-.71l-7.43-12.89c-1.07-1.84-3.06-2.97-5.17-2.97h-14.88c-1.49,0-2.91.56-3.98,1.52-.48.42-.86.89-1.19,1.46l-.3.51,1.31,2.26.95-1.63c.12-.21.24-.39.39-.56.71-.8,1.72-1.28,2.82-1.28h14.88c1.31,0,2.53.71,3.21,1.84l7.43,12.89c.12.18.21.36.27.56l.21.33c.12.18.27.36.36.53l7.46,12.89c.65,1.13.65,2.55,0,3.71l-7.46,12.86c-.65,1.16-1.87,1.87-3.21,1.87h-14.85c-.21,0-.39-.03-.59-.06l-.24-.03-.21.06c-.3.06-.62.12-.92.12h-14.85c-1.34,0-2.55-.71-3.24-1.87l-3.74-6.48-1.28-2.26h-2.64l1.31,2.26,4.4,7.61c1.01,1.72,2.82,2.85,4.81,2.97.12.03.27.03.39.03h14.85c.21,0,.42-.03.62-.03.21-.03.42-.06.62-.12.24.03.48.06.71.06h14.85c2.14,0,4.13-1.16,5.17-3l7.46-12.86c.53-.92.77-1.96.77-2.97s-.24-2.08-.77-3Z\"><\/path><path class=\"cls-1\" d=\"M57.7,30.18l-7.43-12.89c-.15-.24-.33-.48-.51-.68-.09-.27-.21-.51-.36-.74l-1.04-1.81-1.16-2.02-5.23-9.06c-1.07-1.81-3.03-2.97-5.17-2.97h-14.88c-2.11,0-4.1,1.16-5.17,2.97l-7.43,12.89c-.06.09-.12.21-.15.3-.39.36-.68.77-.95,1.25L.8,30.27c-.53.92-.8,1.96-.8,2.97s.27,2.08.8,3l7.43,12.89c1.07,1.84,3.03,2.97,5.17,2.97h14.88c.42,0,.8-.03,1.22-.12.24,0,.48.03.71.03h14.88c2.11,0,4.1-1.13,5.17-2.97l7.43-12.89c1.07-1.84,1.07-4.13,0-5.97ZM55.73,35.03l-7.43,12.89c-.65,1.13-1.9,1.84-3.21,1.84h-14.88c-.18,0-.39,0-.56-.06l-.24-.03-.24.06c-.3.09-.59.12-.89.12h-14.88c-1.34,0-2.56-.71-3.21-1.84l-7.46-12.89c-.65-1.16-.65-2.55,0-3.71l7.46-12.89c.18-.3.42-.59.68-.83l.24-.36c.06-.12.12-.21.18-.33l7.43-12.89c.65-1.13,1.9-1.84,3.21-1.84h14.88c1.31,0,2.55.71,3.21,1.84l5.7,9.89,1.31,2.26.45.74c.09.18.18.39.24.56l.21.33c.15.18.27.36.39.56l7.43,12.86c.65,1.16.65,2.58,0,3.71Z\"><\/path><\/svg>\t\t\t\t\t\t<\/span>\n\t\t\t\t\t\t\t\t\t\t<span class=\"elementor-icon-list-text\">Lorem ipsum dolor sit amet<\/span>\n\t\t\t\t\t\t\t\t\t<\/li>\n\t\t\t\t\t\t\t\t<li class=\"elementor-icon-list-item\">\n\t\t\t\t\t\t\t\t\t\t\t<span class=\"elementor-icon-list-icon\">\n\t\t\t\t\t\t\t<svg xmlns=\"http:\/\/www.w3.org\/2000\/svg\" id=\"Layer_1\" data-name=\"Layer 1\" viewBox=\"0 0 87.73 62.63\"><defs><style>      .cls-1 {        fill: #666;      }    <\/style><\/defs><path class=\"cls-1\" d=\"M86.96,40.7l-7.46-12.89c-.15-.24-.3-.48-.48-.71-.12-.24-.24-.51-.36-.71l-7.43-12.89c-1.07-1.84-3.06-2.97-5.17-2.97h-14.88c-1.49,0-2.91.56-3.98,1.52-.48.42-.86.89-1.19,1.46l-.3.51,1.31,2.26.95-1.63c.12-.21.24-.39.39-.56.71-.8,1.72-1.28,2.82-1.28h14.88c1.31,0,2.53.71,3.21,1.84l7.43,12.89c.12.18.21.36.27.56l.21.33c.12.18.27.36.36.53l7.46,12.89c.65,1.13.65,2.55,0,3.71l-7.46,12.86c-.65,1.16-1.87,1.87-3.21,1.87h-14.85c-.21,0-.39-.03-.59-.06l-.24-.03-.21.06c-.3.06-.62.12-.92.12h-14.85c-1.34,0-2.55-.71-3.24-1.87l-3.74-6.48-1.28-2.26h-2.64l1.31,2.26,4.4,7.61c1.01,1.72,2.82,2.85,4.81,2.97.12.03.27.03.39.03h14.85c.21,0,.42-.03.62-.03.21-.03.42-.06.62-.12.24.03.48.06.71.06h14.85c2.14,0,4.13-1.16,5.17-3l7.46-12.86c.53-.92.77-1.96.77-2.97s-.24-2.08-.77-3Z\"><\/path><path class=\"cls-1\" d=\"M57.7,30.18l-7.43-12.89c-.15-.24-.33-.48-.51-.68-.09-.27-.21-.51-.36-.74l-1.04-1.81-1.16-2.02-5.23-9.06c-1.07-1.81-3.03-2.97-5.17-2.97h-14.88c-2.11,0-4.1,1.16-5.17,2.97l-7.43,12.89c-.06.09-.12.21-.15.3-.39.36-.68.77-.95,1.25L.8,30.27c-.53.92-.8,1.96-.8,2.97s.27,2.08.8,3l7.43,12.89c1.07,1.84,3.03,2.97,5.17,2.97h14.88c.42,0,.8-.03,1.22-.12.24,0,.48.03.71.03h14.88c2.11,0,4.1-1.13,5.17-2.97l7.43-12.89c1.07-1.84,1.07-4.13,0-5.97ZM55.73,35.03l-7.43,12.89c-.65,1.13-1.9,1.84-3.21,1.84h-14.88c-.18,0-.39,0-.56-.06l-.24-.03-.24.06c-.3.09-.59.12-.89.12h-14.88c-1.34,0-2.56-.71-3.21-1.84l-7.46-12.89c-.65-1.16-.65-2.55,0-3.71l7.46-12.89c.18-.3.42-.59.68-.83l.24-.36c.06-.12.12-.21.18-.33l7.43-12.89c.65-1.13,1.9-1.84,3.21-1.84h14.88c1.31,0,2.55.71,3.21,1.84l5.7,9.89,1.31,2.26.45.74c.09.18.18.39.24.56l.21.33c.15.18.27.36.39.56l7.43,12.86c.65,1.16.65,2.58,0,3.71Z\"><\/path><\/svg>\t\t\t\t\t\t<\/span>\n\t\t\t\t\t\t\t\t\t\t<span class=\"elementor-icon-list-text\">Lorem ipsum dolor sit amet<\/span>\n\t\t\t\t\t\t\t\t\t<\/li>\n\t\t\t\t\t\t<\/ul>\n\t\t\t\t\t\t<\/div>\n\t\t\t\t<\/div>\n\t\t\t\t<div class=\"elementor-element elementor-element-6761f18 elementor-widget-divider--view-line elementor-widget elementor-widget-divider\" data-id=\"6761f18\" data-element_type=\"widget\" data-e-type=\"widget\" data-widget_type=\"divider.default\">\n\t\t\t\t<div class=\"elementor-widget-container\">\n\t\t\t\t\t\t\t<div class=\"elementor-divider\">\n\t\t\t<span class=\"elementor-divider-separator\">\n\t\t\t\t\t\t<\/span>\n\t\t<\/div>\n\t\t\t\t\t\t<\/div>\n\t\t\t\t<\/div>\n\t\t\t\t<div class=\"elementor-element elementor-element-1012dc3 elementor-widget elementor-widget-heading\" data-id=\"1012dc3\" data-element_type=\"widget\" data-e-type=\"widget\" data-widget_type=\"heading.default\">\n\t\t\t\t<div class=\"elementor-widget-container\">\n\t\t\t\t\t<h4 class=\"elementor-heading-title elementor-size-default\">Zde se dozv\u00edte, co je t\u0159eba v\u011bd\u011bt o pr\u00e1ci v t\u00e9to spole\u010dnosti:<\/h4>\t\t\t\t<\/div>\n\t\t\t\t<\/div>\n\t\t\t\t<div class=\"vamtam-has-theme-widget-styles elementor-element elementor-element-5824007 elementor-widget elementor-widget-text-editor\" data-id=\"5824007\" data-element_type=\"widget\" data-e-type=\"widget\" data-widget_type=\"text-editor.default\">\n\t\t\t\t<div class=\"elementor-widget-container\">\n\t\t\t\t\t\t\t\t\t<p>Lorem ipsum dolor sit amet, consetetur sadipscing elitr, sed diam nonumy eirmod tempor invidunt ut labore et dolore magna aliquyam erat, sed diam voluptua. At vero eos et accusam et justo duo dolores et ea rebum. Stet clita kasd gubergren, no sea takimata sanctus est Lorem ipsum dolor sit amet.    <\/p>\t\t\t\t\t\t\t\t<\/div>\n\t\t\t\t<\/div>\n\t\t\t\t<div class=\"vamtam-has-theme-widget-styles elementor-element elementor-element-2caf28a vamtam-has-hover-anim animated-fast elementor-invisible elementor-widget elementor-widget-button\" data-id=\"2caf28a\" data-element_type=\"widget\" data-e-type=\"widget\" data-settings=\"{&quot;_animation&quot;:&quot;fadeIn&quot;,&quot;_animation_delay&quot;:150}\" data-widget_type=\"button.default\">\n\t\t\t\t<div class=\"elementor-widget-container\">\n\t\t\t\t\t\t\t\t\t<div class=\"elementor-button-wrapper\">\n\t\t\t\t\t<a class=\"elementor-button elementor-button-link elementor-size-sm\" href=\"https:\/\/viridiuslab.com\/cs\/kontaktujte-nas\/\">\n\t\t\t\t\t\t<span class=\"elementor-button-content-wrapper\">\n\t\t\t\t\t\t\t\t\t<span class=\"elementor-button-text\">Podejte si p\u0159ihl\u00e1\u0161ku nyn\u00ed<\/span>\n\t\t\t\t\t<\/span>\n\t\t\t\t\t<\/a>\n\t\t\t\t<\/div>\n\t\t\t\t\t\t\t\t<\/div>\n\t\t\t\t<\/div>\n\t\t\t\t<div class=\"elementor-element elementor-element-65bc219 elementor-widget-divider--view-line elementor-widget elementor-widget-divider\" data-id=\"65bc219\" data-element_type=\"widget\" data-e-type=\"widget\" data-widget_type=\"divider.default\">\n\t\t\t\t<div class=\"elementor-widget-container\">\n\t\t\t\t\t\t\t<div class=\"elementor-divider\">\n\t\t\t<span class=\"elementor-divider-separator\">\n\t\t\t\t\t\t<\/span>\n\t\t<\/div>\n\t\t\t\t\t\t<\/div>\n\t\t\t\t<\/div>\n\t\t\t\t\t<\/div>\n\t\t\t\t<\/div>\n\t\t\t\t<\/div>\n\t\t","protected":false},"excerpt":{"rendered":"<p>Popis Lorem ipsum dolor sit amet, consetetur sadipscing elitr, sed diam nonumy eirmod tempor invidunt ut labore et dolore magna aliquyam erat, sed diam voluptua. At vero eos et accusam et justo duo dolores et ea rebum. Stet clita kasd gubergren, no sea takimata sanctus est Lorem ipsum dolor sit amet. Lorem ipsum dolor sit&#8230;<\/p>\n","protected":false},"author":1,"featured_media":12728,"parent":991522,"menu_order":0,"comment_status":"closed","ping_status":"closed","template":"","meta":{"_acf_changed":false,"_seowing_meta_title":"Voln\u00e1 m\u00edsta | viridiusLAB \u2013 Pr\u00e1ce v 62+ laborato\u0159\u00edch","_seowing_meta_description":"Aktu\u00e1ln\u00ed voln\u00e1 m\u00edsta u viridiusLAB: Hled\u00e1me laboranty, analytiky a odborn\u00edky. Otev\u0159en\u00e9 pozice v 62 akreditovan\u00fdch laborato\u0159\u00edch po cel\u00e9 Evrop\u011b.","_seowing_focus_keyword":"voln\u00e1 m\u00edsta viridiusLAB","_seowing_canonical_url":"","_seowing_robots":"","_seowing_robots_noindex":false,"_seowing_robots_nofollow":false,"_seowing_seo_score":60,"_expert_id":0,"footnotes":""},"class_list":["post-991544","page","type-page","status-publish","has-post-thumbnail","hentry"],"acf":[],"_links":{"self":[{"href":"https:\/\/viridiuslab.com\/cs\/wp-json\/wp\/v2\/pages\/991544","targetHints":{"allow":["GET"]}}],"collection":[{"href":"https:\/\/viridiuslab.com\/cs\/wp-json\/wp\/v2\/pages"}],"about":[{"href":"https:\/\/viridiuslab.com\/cs\/wp-json\/wp\/v2\/types\/page"}],"author":[{"embeddable":true,"href":"https:\/\/viridiuslab.com\/cs\/wp-json\/wp\/v2\/users\/1"}],"replies":[{"embeddable":true,"href":"https:\/\/viridiuslab.com\/cs\/wp-json\/wp\/v2\/comments?post=991544"}],"version-history":[{"count":1,"href":"https:\/\/viridiuslab.com\/cs\/wp-json\/wp\/v2\/pages\/991544\/revisions"}],"predecessor-version":[{"id":991546,"href":"https:\/\/viridiuslab.com\/cs\/wp-json\/wp\/v2\/pages\/991544\/revisions\/991546"}],"up":[{"embeddable":true,"href":"https:\/\/viridiuslab.com\/cs\/wp-json\/wp\/v2\/pages\/991522"}],"wp:featuredmedia":[{"embeddable":true,"href":"https:\/\/viridiuslab.com\/cs\/wp-json\/wp\/v2\/media\/12728"}],"wp:attachment":[{"href":"https:\/\/viridiuslab.com\/cs\/wp-json\/wp\/v2\/media?parent=991544"}],"curies":[{"name":"wp","href":"https:\/\/api.w.org\/{rel}","templated":true}]}}