{"id":991522,"date":"2025-07-04T08:42:58","date_gmt":"2025-07-04T08:42:58","guid":{"rendered":"https:\/\/viridiuslab.com\/kariera\/"},"modified":"2026-02-10T10:41:40","modified_gmt":"2026-02-10T10:41:40","slug":"kariera","status":"publish","type":"page","link":"https:\/\/viridiuslab.com\/cs\/kariera\/","title":{"rendered":"Kari\u00e9ra"},"content":{"rendered":"\t\t<div data-elementor-type=\"wp-page\" data-elementor-id=\"991522\" class=\"elementor elementor-991522 elementor-52\" data-elementor-post-type=\"page\">\n\t\t\t\t<div class=\"elementor-element elementor-element-366aceb e-flex e-con-boxed e-con e-parent\" data-id=\"366aceb\" data-element_type=\"container\" data-e-type=\"container\">\n\t\t\t\t\t<div class=\"e-con-inner\">\n\t\t\t\t<div class=\"elementor-element elementor-element-25818c1 elementor-widget__width-initial elementor-widget-mobile__width-inherit animated-fast elementor-invisible elementor-widget elementor-widget-heading\" data-id=\"25818c1\" data-element_type=\"widget\" data-e-type=\"widget\" data-settings=\"{&quot;_animation&quot;:&quot;fadeIn&quot;,&quot;_animation_delay&quot;:50}\" data-widget_type=\"heading.default\">\n\t\t\t\t<div class=\"elementor-widget-container\">\n\t\t\t\t\t<h1 class=\"elementor-heading-title elementor-size-default\">Kari\u00e9ra ve viridiusLAB<\/h1>\t\t\t\t<\/div>\n\t\t\t\t<\/div>\n\t\t\t\t\t<\/div>\n\t\t\t\t<\/div>\n\t\t<div class=\"elementor-element elementor-element-b184db7 e-con-full e-flex e-con e-parent\" data-id=\"b184db7\" data-element_type=\"container\" data-e-type=\"container\">\n\t\t<div class=\"elementor-element elementor-element-fd934d5 e-flex e-con-boxed e-con e-child\" data-id=\"fd934d5\" data-element_type=\"container\" data-e-type=\"container\" data-settings=\"{&quot;background_background&quot;:&quot;classic&quot;}\">\n\t\t\t\t\t<div class=\"e-con-inner\">\n\t\t<div class=\"elementor-element elementor-element-eb1e1a6 e-con-full e-flex e-con e-child\" data-id=\"eb1e1a6\" data-element_type=\"container\" data-e-type=\"container\">\n\t\t<div class=\"elementor-element elementor-element-b8befd5 e-con-full e-flex e-con e-child\" data-id=\"b8befd5\" data-element_type=\"container\" data-e-type=\"container\">\n\t\t\t\t<div class=\"elementor-element elementor-element-d529690 animated-fast elementor-invisible elementor-widget elementor-widget-heading\" data-id=\"d529690\" data-element_type=\"widget\" data-e-type=\"widget\" data-settings=\"{&quot;_animation&quot;:&quot;fadeIn&quot;}\" data-widget_type=\"heading.default\">\n\t\t\t\t<div class=\"elementor-widget-container\">\n\t\t\t\t\t<div class=\"elementor-heading-title elementor-size-default\">Pro\u010d viridiusLAB<\/div>\t\t\t\t<\/div>\n\t\t\t\t<\/div>\n\t\t\t\t<div class=\"elementor-element elementor-element-3c3be2a elementor-widget__width-initial animated-fast elementor-invisible elementor-widget elementor-widget-heading\" data-id=\"3c3be2a\" data-element_type=\"widget\" data-e-type=\"widget\" data-settings=\"{&quot;_animation&quot;:&quot;fadeIn&quot;,&quot;_animation_delay&quot;:50}\" data-widget_type=\"heading.default\">\n\t\t\t\t<div class=\"elementor-widget-container\">\n\t\t\t\t\t<h2 class=\"elementor-heading-title elementor-size-default\">Spole\u010dn\u00e9 utv\u00e1\u0159en\u00ed budoucnosti<\/h2>\t\t\t\t<\/div>\n\t\t\t\t<\/div>\n\t\t\t\t<\/div>\n\t\t<div class=\"elementor-element elementor-element-b1dd6eb e-con-full e-flex e-con e-child\" data-id=\"b1dd6eb\" data-element_type=\"container\" data-e-type=\"container\">\n\t\t<div class=\"elementor-element elementor-element-702f05f e-con-full e-flex e-con e-child\" data-id=\"702f05f\" data-element_type=\"container\" data-e-type=\"container\">\n\t\t\t\t<div class=\"vamtam-has-theme-widget-styles elementor-element elementor-element-fe6ede7 elementor-widget__width-inherit animated-fast elementor-invisible elementor-widget elementor-widget-text-editor\" data-id=\"fe6ede7\" data-element_type=\"widget\" data-e-type=\"widget\" data-settings=\"{&quot;_animation&quot;:&quot;fadeIn&quot;,&quot;_animation_delay&quot;:100}\" data-widget_type=\"text-editor.default\">\n\t\t\t\t<div class=\"elementor-widget-container\">\n\t\t\t\t\t\t\t\t\t<p>Jako rostouc\u00ed s\u00ed\u0165 p\u0159edn\u00edch laborato\u0159\u00ed pro testov\u00e1n\u00ed \u017eivotn\u00edho prost\u0159ed\u00ed, potravin, hygieny a materi\u00e1l\u016f nab\u00edz\u00edme \u0161irokou \u0161k\u00e1lu pracovn\u00edch p\u0159\u00edle\u017eitost\u00ed ve v\u011bdecky n\u00e1ro\u010dn\u00e9m prost\u0159ed\u00ed. Na\u0161e partnersk\u00e9 laborato\u0159e po cel\u00e9 Evrop\u011b pracuj\u00ed podle nejvy\u0161\u0161\u00edch standard\u016f kvality, jako je DIN EN ISO\/IEC 17025, a spojuj\u00ed nejmodern\u011bj\u0161\u00ed anal\u00fdzy s odpov\u011bdn\u00fdm chov\u00e1n\u00edm v\u016f\u010di lidem a \u017eivotn\u00edmu prost\u0159ed\u00ed. <\/p><p>A\u0165 u\u017e jste laboratorn\u00ed specialista, v\u00fdzkumn\u00fd pracovn\u00edk, projektov\u00fd mana\u017eer nebo technick\u00e1 podpora, podporujeme va\u0161e odhodl\u00e1n\u00ed, dal\u0161\u00ed vzd\u011bl\u00e1v\u00e1n\u00ed a osobn\u00ed r\u016fst, abyste mohli pln\u011b vyu\u017e\u00edt sv\u016fj potenci\u00e1l.<\/p>\t\t\t\t\t\t\t\t<\/div>\n\t\t\t\t<\/div>\n\t\t\t\t<div class=\"vamtam-has-theme-widget-styles elementor-element elementor-element-3820620 animated-fast elementor-icon-list--layout-traditional elementor-list-item-link-full_width elementor-invisible elementor-widget elementor-widget-icon-list\" data-id=\"3820620\" data-element_type=\"widget\" data-e-type=\"widget\" data-settings=\"{&quot;_animation&quot;:&quot;fadeIn&quot;,&quot;_animation_delay&quot;:0}\" data-widget_type=\"icon-list.default\">\n\t\t\t\t<div class=\"elementor-widget-container\">\n\t\t\t\t\t\t\t<ul class=\"elementor-icon-list-items\">\n\t\t\t\t\t\t\t<li class=\"elementor-icon-list-item\">\n\t\t\t\t\t\t\t\t\t\t\t<span class=\"elementor-icon-list-icon\">\n\t\t\t\t\t\t\t<svg xmlns=\"http:\/\/www.w3.org\/2000\/svg\" id=\"Layer_1\" data-name=\"Layer 1\" viewBox=\"0 0 87.73 62.63\"><defs><style>      .cls-1 {        fill: #666;      }    <\/style><\/defs><path class=\"cls-1\" d=\"M86.96,40.7l-7.46-12.89c-.15-.24-.3-.48-.48-.71-.12-.24-.24-.51-.36-.71l-7.43-12.89c-1.07-1.84-3.06-2.97-5.17-2.97h-14.88c-1.49,0-2.91.56-3.98,1.52-.48.42-.86.89-1.19,1.46l-.3.51,1.31,2.26.95-1.63c.12-.21.24-.39.39-.56.71-.8,1.72-1.28,2.82-1.28h14.88c1.31,0,2.53.71,3.21,1.84l7.43,12.89c.12.18.21.36.27.56l.21.33c.12.18.27.36.36.53l7.46,12.89c.65,1.13.65,2.55,0,3.71l-7.46,12.86c-.65,1.16-1.87,1.87-3.21,1.87h-14.85c-.21,0-.39-.03-.59-.06l-.24-.03-.21.06c-.3.06-.62.12-.92.12h-14.85c-1.34,0-2.55-.71-3.24-1.87l-3.74-6.48-1.28-2.26h-2.64l1.31,2.26,4.4,7.61c1.01,1.72,2.82,2.85,4.81,2.97.12.03.27.03.39.03h14.85c.21,0,.42-.03.62-.03.21-.03.42-.06.62-.12.24.03.48.06.71.06h14.85c2.14,0,4.13-1.16,5.17-3l7.46-12.86c.53-.92.77-1.96.77-2.97s-.24-2.08-.77-3Z\"><\/path><path class=\"cls-1\" d=\"M57.7,30.18l-7.43-12.89c-.15-.24-.33-.48-.51-.68-.09-.27-.21-.51-.36-.74l-1.04-1.81-1.16-2.02-5.23-9.06c-1.07-1.81-3.03-2.97-5.17-2.97h-14.88c-2.11,0-4.1,1.16-5.17,2.97l-7.43,12.89c-.06.09-.12.21-.15.3-.39.36-.68.77-.95,1.25L.8,30.27c-.53.92-.8,1.96-.8,2.97s.27,2.08.8,3l7.43,12.89c1.07,1.84,3.03,2.97,5.17,2.97h14.88c.42,0,.8-.03,1.22-.12.24,0,.48.03.71.03h14.88c2.11,0,4.1-1.13,5.17-2.97l7.43-12.89c1.07-1.84,1.07-4.13,0-5.97ZM55.73,35.03l-7.43,12.89c-.65,1.13-1.9,1.84-3.21,1.84h-14.88c-.18,0-.39,0-.56-.06l-.24-.03-.24.06c-.3.09-.59.12-.89.12h-14.88c-1.34,0-2.56-.71-3.21-1.84l-7.46-12.89c-.65-1.16-.65-2.55,0-3.71l7.46-12.89c.18-.3.42-.59.68-.83l.24-.36c.06-.12.12-.21.18-.33l7.43-12.89c.65-1.13,1.9-1.84,3.21-1.84h14.88c1.31,0,2.55.71,3.21,1.84l5.7,9.89,1.31,2.26.45.74c.09.18.18.39.24.56l.21.33c.15.18.27.36.39.56l7.43,12.86c.65,1.16.65,2.58,0,3.71Z\"><\/path><\/svg>\t\t\t\t\t\t<\/span>\n\t\t\t\t\t\t\t\t\t\t<span class=\"elementor-icon-list-text\">Nejmodern\u011bj\u0161\u00ed laboratorn\u00ed vybaven\u00ed<\/span>\n\t\t\t\t\t\t\t\t\t<\/li>\n\t\t\t\t\t\t\t\t<li class=\"elementor-icon-list-item\">\n\t\t\t\t\t\t\t\t\t\t\t<span class=\"elementor-icon-list-icon\">\n\t\t\t\t\t\t\t<svg xmlns=\"http:\/\/www.w3.org\/2000\/svg\" id=\"Layer_1\" data-name=\"Layer 1\" viewBox=\"0 0 87.73 62.63\"><defs><style>      .cls-1 {        fill: #666;      }    <\/style><\/defs><path class=\"cls-1\" d=\"M86.96,40.7l-7.46-12.89c-.15-.24-.3-.48-.48-.71-.12-.24-.24-.51-.36-.71l-7.43-12.89c-1.07-1.84-3.06-2.97-5.17-2.97h-14.88c-1.49,0-2.91.56-3.98,1.52-.48.42-.86.89-1.19,1.46l-.3.51,1.31,2.26.95-1.63c.12-.21.24-.39.39-.56.71-.8,1.72-1.28,2.82-1.28h14.88c1.31,0,2.53.71,3.21,1.84l7.43,12.89c.12.18.21.36.27.56l.21.33c.12.18.27.36.36.53l7.46,12.89c.65,1.13.65,2.55,0,3.71l-7.46,12.86c-.65,1.16-1.87,1.87-3.21,1.87h-14.85c-.21,0-.39-.03-.59-.06l-.24-.03-.21.06c-.3.06-.62.12-.92.12h-14.85c-1.34,0-2.55-.71-3.24-1.87l-3.74-6.48-1.28-2.26h-2.64l1.31,2.26,4.4,7.61c1.01,1.72,2.82,2.85,4.81,2.97.12.03.27.03.39.03h14.85c.21,0,.42-.03.62-.03.21-.03.42-.06.62-.12.24.03.48.06.71.06h14.85c2.14,0,4.13-1.16,5.17-3l7.46-12.86c.53-.92.77-1.96.77-2.97s-.24-2.08-.77-3Z\"><\/path><path class=\"cls-1\" d=\"M57.7,30.18l-7.43-12.89c-.15-.24-.33-.48-.51-.68-.09-.27-.21-.51-.36-.74l-1.04-1.81-1.16-2.02-5.23-9.06c-1.07-1.81-3.03-2.97-5.17-2.97h-14.88c-2.11,0-4.1,1.16-5.17,2.97l-7.43,12.89c-.06.09-.12.21-.15.3-.39.36-.68.77-.95,1.25L.8,30.27c-.53.92-.8,1.96-.8,2.97s.27,2.08.8,3l7.43,12.89c1.07,1.84,3.03,2.97,5.17,2.97h14.88c.42,0,.8-.03,1.22-.12.24,0,.48.03.71.03h14.88c2.11,0,4.1-1.13,5.17-2.97l7.43-12.89c1.07-1.84,1.07-4.13,0-5.97ZM55.73,35.03l-7.43,12.89c-.65,1.13-1.9,1.84-3.21,1.84h-14.88c-.18,0-.39,0-.56-.06l-.24-.03-.24.06c-.3.09-.59.12-.89.12h-14.88c-1.34,0-2.56-.71-3.21-1.84l-7.46-12.89c-.65-1.16-.65-2.55,0-3.71l7.46-12.89c.18-.3.42-.59.68-.83l.24-.36c.06-.12.12-.21.18-.33l7.43-12.89c.65-1.13,1.9-1.84,3.21-1.84h14.88c1.31,0,2.55.71,3.21,1.84l5.7,9.89,1.31,2.26.45.74c.09.18.18.39.24.56l.21.33c.15.18.27.36.39.56l7.43,12.86c.65,1.16.65,2.58,0,3.71Z\"><\/path><\/svg>\t\t\t\t\t\t<\/span>\n\t\t\t\t\t\t\t\t\t\t<span class=\"elementor-icon-list-text\">Certifikovan\u00e1 kvalita<\/span>\n\t\t\t\t\t\t\t\t\t<\/li>\n\t\t\t\t\t\t\t\t<li class=\"elementor-icon-list-item\">\n\t\t\t\t\t\t\t\t\t\t\t<span class=\"elementor-icon-list-icon\">\n\t\t\t\t\t\t\t<svg xmlns=\"http:\/\/www.w3.org\/2000\/svg\" id=\"Layer_1\" data-name=\"Layer 1\" viewBox=\"0 0 87.73 62.63\"><defs><style>      .cls-1 {        fill: #666;      }    <\/style><\/defs><path class=\"cls-1\" d=\"M86.96,40.7l-7.46-12.89c-.15-.24-.3-.48-.48-.71-.12-.24-.24-.51-.36-.71l-7.43-12.89c-1.07-1.84-3.06-2.97-5.17-2.97h-14.88c-1.49,0-2.91.56-3.98,1.52-.48.42-.86.89-1.19,1.46l-.3.51,1.31,2.26.95-1.63c.12-.21.24-.39.39-.56.71-.8,1.72-1.28,2.82-1.28h14.88c1.31,0,2.53.71,3.21,1.84l7.43,12.89c.12.18.21.36.27.56l.21.33c.12.18.27.36.36.53l7.46,12.89c.65,1.13.65,2.55,0,3.71l-7.46,12.86c-.65,1.16-1.87,1.87-3.21,1.87h-14.85c-.21,0-.39-.03-.59-.06l-.24-.03-.21.06c-.3.06-.62.12-.92.12h-14.85c-1.34,0-2.55-.71-3.24-1.87l-3.74-6.48-1.28-2.26h-2.64l1.31,2.26,4.4,7.61c1.01,1.72,2.82,2.85,4.81,2.97.12.03.27.03.39.03h14.85c.21,0,.42-.03.62-.03.21-.03.42-.06.62-.12.24.03.48.06.71.06h14.85c2.14,0,4.13-1.16,5.17-3l7.46-12.86c.53-.92.77-1.96.77-2.97s-.24-2.08-.77-3Z\"><\/path><path class=\"cls-1\" d=\"M57.7,30.18l-7.43-12.89c-.15-.24-.33-.48-.51-.68-.09-.27-.21-.51-.36-.74l-1.04-1.81-1.16-2.02-5.23-9.06c-1.07-1.81-3.03-2.97-5.17-2.97h-14.88c-2.11,0-4.1,1.16-5.17,2.97l-7.43,12.89c-.06.09-.12.21-.15.3-.39.36-.68.77-.95,1.25L.8,30.27c-.53.92-.8,1.96-.8,2.97s.27,2.08.8,3l7.43,12.89c1.07,1.84,3.03,2.97,5.17,2.97h14.88c.42,0,.8-.03,1.22-.12.24,0,.48.03.71.03h14.88c2.11,0,4.1-1.13,5.17-2.97l7.43-12.89c1.07-1.84,1.07-4.13,0-5.97ZM55.73,35.03l-7.43,12.89c-.65,1.13-1.9,1.84-3.21,1.84h-14.88c-.18,0-.39,0-.56-.06l-.24-.03-.24.06c-.3.09-.59.12-.89.12h-14.88c-1.34,0-2.56-.71-3.21-1.84l-7.46-12.89c-.65-1.16-.65-2.55,0-3.71l7.46-12.89c.18-.3.42-.59.68-.83l.24-.36c.06-.12.12-.21.18-.33l7.43-12.89c.65-1.13,1.9-1.84,3.21-1.84h14.88c1.31,0,2.55.71,3.21,1.84l5.7,9.89,1.31,2.26.45.74c.09.18.18.39.24.56l.21.33c.15.18.27.36.39.56l7.43,12.86c.65,1.16.65,2.58,0,3.71Z\"><\/path><\/svg>\t\t\t\t\t\t<\/span>\n\t\t\t\t\t\t\t\t\t\t<span class=\"elementor-icon-list-text\">Kolegi\u00e1ln\u00ed pracovn\u00ed prost\u0159ed\u00ed<\/span>\n\t\t\t\t\t\t\t\t\t<\/li>\n\t\t\t\t\t\t\t\t<li class=\"elementor-icon-list-item\">\n\t\t\t\t\t\t\t\t\t\t\t<span class=\"elementor-icon-list-icon\">\n\t\t\t\t\t\t\t<svg xmlns=\"http:\/\/www.w3.org\/2000\/svg\" id=\"Layer_1\" data-name=\"Layer 1\" viewBox=\"0 0 87.73 62.63\"><defs><style>      .cls-1 {        fill: #666;      }    <\/style><\/defs><path class=\"cls-1\" d=\"M86.96,40.7l-7.46-12.89c-.15-.24-.3-.48-.48-.71-.12-.24-.24-.51-.36-.71l-7.43-12.89c-1.07-1.84-3.06-2.97-5.17-2.97h-14.88c-1.49,0-2.91.56-3.98,1.52-.48.42-.86.89-1.19,1.46l-.3.51,1.31,2.26.95-1.63c.12-.21.24-.39.39-.56.71-.8,1.72-1.28,2.82-1.28h14.88c1.31,0,2.53.71,3.21,1.84l7.43,12.89c.12.18.21.36.27.56l.21.33c.12.18.27.36.36.53l7.46,12.89c.65,1.13.65,2.55,0,3.71l-7.46,12.86c-.65,1.16-1.87,1.87-3.21,1.87h-14.85c-.21,0-.39-.03-.59-.06l-.24-.03-.21.06c-.3.06-.62.12-.92.12h-14.85c-1.34,0-2.55-.71-3.24-1.87l-3.74-6.48-1.28-2.26h-2.64l1.31,2.26,4.4,7.61c1.01,1.72,2.82,2.85,4.81,2.97.12.03.27.03.39.03h14.85c.21,0,.42-.03.62-.03.21-.03.42-.06.62-.12.24.03.48.06.71.06h14.85c2.14,0,4.13-1.16,5.17-3l7.46-12.86c.53-.92.77-1.96.77-2.97s-.24-2.08-.77-3Z\"><\/path><path class=\"cls-1\" d=\"M57.7,30.18l-7.43-12.89c-.15-.24-.33-.48-.51-.68-.09-.27-.21-.51-.36-.74l-1.04-1.81-1.16-2.02-5.23-9.06c-1.07-1.81-3.03-2.97-5.17-2.97h-14.88c-2.11,0-4.1,1.16-5.17,2.97l-7.43,12.89c-.06.09-.12.21-.15.3-.39.36-.68.77-.95,1.25L.8,30.27c-.53.92-.8,1.96-.8,2.97s.27,2.08.8,3l7.43,12.89c1.07,1.84,3.03,2.97,5.17,2.97h14.88c.42,0,.8-.03,1.22-.12.24,0,.48.03.71.03h14.88c2.11,0,4.1-1.13,5.17-2.97l7.43-12.89c1.07-1.84,1.07-4.13,0-5.97ZM55.73,35.03l-7.43,12.89c-.65,1.13-1.9,1.84-3.21,1.84h-14.88c-.18,0-.39,0-.56-.06l-.24-.03-.24.06c-.3.09-.59.12-.89.12h-14.88c-1.34,0-2.56-.71-3.21-1.84l-7.46-12.89c-.65-1.16-.65-2.55,0-3.71l7.46-12.89c.18-.3.42-.59.68-.83l.24-.36c.06-.12.12-.21.18-.33l7.43-12.89c.65-1.13,1.9-1.84,3.21-1.84h14.88c1.31,0,2.55.71,3.21,1.84l5.7,9.89,1.31,2.26.45.74c.09.18.18.39.24.56l.21.33c.15.18.27.36.39.56l7.43,12.86c.65,1.16.65,2.58,0,3.71Z\"><\/path><\/svg>\t\t\t\t\t\t<\/span>\n\t\t\t\t\t\t\t\t\t\t<span class=\"elementor-icon-list-text\">Dal\u0161\u00ed v\u00fdvoj v s\u00edti<\/span>\n\t\t\t\t\t\t\t\t\t<\/li>\n\t\t\t\t\t\t<\/ul>\n\t\t\t\t\t\t<\/div>\n\t\t\t\t<\/div>\n\t\t<div class=\"elementor-element elementor-element-50df979 e-con-full e-flex e-con e-child\" data-id=\"50df979\" data-element_type=\"container\" data-e-type=\"container\">\n\t\t\t\t<div class=\"vamtam-has-theme-widget-styles elementor-element elementor-element-c99974d elementor-widget__width-inherit animated-fast elementor-invisible elementor-widget elementor-widget-text-editor\" data-id=\"c99974d\" data-element_type=\"widget\" data-e-type=\"widget\" data-settings=\"{&quot;_animation&quot;:&quot;fadeIn&quot;,&quot;_animation_delay&quot;:100}\" data-widget_type=\"text-editor.default\">\n\t\t\t\t<div class=\"elementor-widget-container\">\n\t\t\t\t\t\t\t\t\t<p style=\"font-weight: 400;\">P\u0159ihl\u00e1\u0161ku za\u0161lete na adresu <strong><a href=\"mailto:karriere@viridiuslab.com\">karriere@viridiuslab.com<\/a> <\/strong>, na adresu <br>pan\u00ed Verena Tomassovits.<\/p>\t\t\t\t\t\t\t\t<\/div>\n\t\t\t\t<\/div>\n\t\t\t\t<\/div>\n\t\t\t\t<\/div>\n\t\t<div class=\"elementor-element elementor-element-2bb4922 e-con-full e-flex e-con e-child\" data-id=\"2bb4922\" data-element_type=\"container\" data-e-type=\"container\" data-settings=\"{&quot;background_background&quot;:&quot;classic&quot;}\">\n\t\t\t\t<\/div>\n\t\t\t\t<\/div>\n\t\t\t\t<\/div>\n\t\t\t\t\t<\/div>\n\t\t\t\t<\/div>\n\t\t\t\t<\/div>\n\t\t<div class=\"elementor-element elementor-element-2607eaf e-flex e-con-boxed e-con e-parent\" data-id=\"2607eaf\" data-element_type=\"container\" data-e-type=\"container\">\n\t\t\t\t\t<div class=\"e-con-inner\">\n\t\t<div class=\"elementor-element elementor-element-d4b1c81 e-flex e-con-boxed e-con e-child\" data-id=\"d4b1c81\" data-element_type=\"container\" data-e-type=\"container\">\n\t\t\t\t\t<div class=\"e-con-inner\">\n\t\t<div class=\"elementor-element elementor-element-63394b2 e-con-full e-flex e-con e-child\" data-id=\"63394b2\" data-element_type=\"container\" data-e-type=\"container\">\n\t\t\t\t<div class=\"elementor-element elementor-element-4db261e animated-fast elementor-invisible elementor-widget elementor-widget-heading\" data-id=\"4db261e\" data-element_type=\"widget\" data-e-type=\"widget\" data-settings=\"{&quot;_animation&quot;:&quot;fadeIn&quot;,&quot;_animation_delay&quot;:50}\" data-widget_type=\"heading.default\">\n\t\t\t\t<div class=\"elementor-widget-container\">\n\t\t\t\t\t<h2 class=\"elementor-heading-title elementor-size-default\">Voln\u00e1 m\u00edsta v na\u0161ich partnersk\u00fdch laborato\u0159\u00edch\n<\/h2>\t\t\t\t<\/div>\n\t\t\t\t<\/div>\n\t\t\t\t<\/div>\n\t\t<div class=\"elementor-element elementor-element-a166946 e-con-full e-flex e-con e-child\" data-id=\"a166946\" data-element_type=\"container\" data-e-type=\"container\">\n\t\t\t\t<\/div>\n\t\t\t\t\t<\/div>\n\t\t\t\t<\/div>\n\t\t\t\t<div class=\"elementor-element elementor-element-fe83661 elementor-widget elementor-widget-shortcode\" data-id=\"fe83661\" data-element_type=\"widget\" data-e-type=\"widget\" data-widget_type=\"shortcode.default\">\n\t\t\t\t<div class=\"elementor-widget-container\">\n\t\t\t\t\t\t\t<div class=\"elementor-shortcode\"><div id=\"join-widget\">\n        <script defer type=\"text\/javascript\" data-mount-in=\"#join-widget\" src=\"https:\/\/join.com\/api\/widget\/bundle\/eyJhbGciOiJIUzI1NiIsInR5cCI6IkpXVCJ9.eyJzZXR0aW5ncyI6eyJzaG93Q2F0ZWdvcnlGaWx0ZXIiOmZhbHNlLCJzaG93TG9jYXRpb25GaWx0ZXIiOnRydWUsInNob3dFbXBsb3ltZW50VHlwZUZpbHRlciI6ZmFsc2UsImxhbmd1YWdlIjoiZGUiLCJqb2JzUGVyUGFnZSI6MTB9LCJqb2JzIjp7fSwiZGVzaWduIjp7InNob3dMb2dvIjp0cnVlLCJzaG93TG9jYXRpb24iOnRydWUsInNob3dFbXBsb3ltZW50VHlwZSI6dHJ1ZSwic2hvd0NhdGVnb3J5Ijp0cnVlLCJjb2xvcnMiOnsid2lkZ2V0Ijp7ImJhY2tncm91bmQiOiIjRkZGRkZGIiwiZmlsdGVyQm9yZGVyIjoiIzAwNDIyNSIsInBhZ2luYXRpb24iOiIjMDA0MjI1In0sImpvYkNhcmQiOnsic2hhZG93IjoiIzAwNDIyNSIsImJhY2tncm91bmQiOiIjRkZGRkZGIiwicHJpbWFyeVRleHQiOiIjMDA0MjI1Iiwic2Vjb25kYXJ5VGV4dCI6IiMwMDQyMjUifX19LCJ2ZXJzaW9uIjoyLCJjb21wYW55UHVibGljSWQiOiJhOTdjY2JiM2EyYmQ3ZGQ1MDdlNmYxNWYwMjJjNmExZiIsImlhdCI6MTc2NDE0NjY1NywianRpIjoiYzNlYWQ3YzgtZmYyYy00OGM3LWFlMGMtOTBlNGMyOTNiZWM5In0.Upid33hBCO_AYFJk4Vf8oqUGLAKCXmdJpgcUdY6j5UQ\"><\/script>\n      <\/div><\/div>\n\t\t\t\t\t\t<\/div>\n\t\t\t\t<\/div>\n\t\t\t\t\t<\/div>\n\t\t\t\t<\/div>\n\t\t\t\t<\/div>\n\t\t","protected":false},"excerpt":{"rendered":"<p>Kari\u00e9ra ve viridiusLAB Pro\u010d viridiusLAB Spole\u010dn\u00e9 utv\u00e1\u0159en\u00ed budoucnosti Jako rostouc\u00ed s\u00ed\u0165 p\u0159edn\u00edch laborato\u0159\u00ed pro testov\u00e1n\u00ed \u017eivotn\u00edho prost\u0159ed\u00ed, potravin, hygieny a materi\u00e1l\u016f nab\u00edz\u00edme \u0161irokou \u0161k\u00e1lu pracovn\u00edch p\u0159\u00edle\u017eitost\u00ed ve v\u011bdecky n\u00e1ro\u010dn\u00e9m prost\u0159ed\u00ed. Na\u0161e partnersk\u00e9 laborato\u0159e po cel\u00e9 Evrop\u011b pracuj\u00ed podle nejvy\u0161\u0161\u00edch standard\u016f kvality, jako je DIN EN ISO\/IEC 17025, a spojuj\u00ed nejmodern\u011bj\u0161\u00ed anal\u00fdzy s odpov\u011bdn\u00fdm chov\u00e1n\u00edm v\u016f\u010di&#8230;<\/p>\n","protected":false},"author":1,"featured_media":12728,"parent":0,"menu_order":0,"comment_status":"closed","ping_status":"closed","template":"","meta":{"_acf_changed":false,"_seowing_meta_title":"Kari\u00e9ra u viridiusLAB | Pr\u00e1ce v analytice a laboratorn\u00ed v\u011bd\u011b","_seowing_meta_description":"Kari\u00e9ra u viridiusLAB \u2013 aktu\u00e1ln\u00ed nab\u00eddky pr\u00e1ce ve v\u00edce ne\u017e 62 akreditovan\u00fdch laborato\u0159\u00edch po cel\u00e9 Evrop\u011b. Sta\u0148te se sou\u010d\u00e1st\u00ed na\u0161eho t\u00fdmu.","_seowing_focus_keyword":"kari\u00e9ra viridiusLAB pr\u00e1ce","_seowing_canonical_url":"","_seowing_robots":"","_seowing_robots_noindex":false,"_seowing_robots_nofollow":false,"_seowing_seo_score":65,"_expert_id":0,"footnotes":""},"class_list":["post-991522","page","type-page","status-publish","has-post-thumbnail","hentry"],"acf":[],"_links":{"self":[{"href":"https:\/\/viridiuslab.com\/cs\/wp-json\/wp\/v2\/pages\/991522","targetHints":{"allow":["GET"]}}],"collection":[{"href":"https:\/\/viridiuslab.com\/cs\/wp-json\/wp\/v2\/pages"}],"about":[{"href":"https:\/\/viridiuslab.com\/cs\/wp-json\/wp\/v2\/types\/page"}],"author":[{"embeddable":true,"href":"https:\/\/viridiuslab.com\/cs\/wp-json\/wp\/v2\/users\/1"}],"replies":[{"embeddable":true,"href":"https:\/\/viridiuslab.com\/cs\/wp-json\/wp\/v2\/comments?post=991522"}],"version-history":[{"count":1,"href":"https:\/\/viridiuslab.com\/cs\/wp-json\/wp\/v2\/pages\/991522\/revisions"}],"predecessor-version":[{"id":991524,"href":"https:\/\/viridiuslab.com\/cs\/wp-json\/wp\/v2\/pages\/991522\/revisions\/991524"}],"wp:featuredmedia":[{"embeddable":true,"href":"https:\/\/viridiuslab.com\/cs\/wp-json\/wp\/v2\/media\/12728"}],"wp:attachment":[{"href":"https:\/\/viridiuslab.com\/cs\/wp-json\/wp\/v2\/media?parent=991522"}],"curies":[{"name":"wp","href":"https:\/\/api.w.org\/{rel}","templated":true}]}}